{"id":765717,"date":"2025-08-28T11:49:28","date_gmt":"2025-08-28T08:49:28","guid":{"rendered":"https:\/\/roveyayinevi.com.tr\/index.php\/urun\/felicianin-yolculugu\/"},"modified":"2026-04-15T03:31:34","modified_gmt":"2026-04-15T00:31:34","slug":"felicianin-yolculugu","status":"publish","type":"product","link":"https:\/\/roveyayinevi.com.tr\/index.php\/urun\/felicianin-yolculugu\/","title":{"rendered":"Felicia&#8217;n\u0131n Yolculu\u011fu"},"content":{"rendered":"<p>\u0130rlanda&#8217;n\u0131n yeti\u015ftirdi\u011fi en b\u00fcy\u00fck yazarlardan, say\u0131s\u0131z edebiyat \u00f6d\u00fcl\u00fcne lay\u0131k g\u00f6r\u00fclen William Trevor, son derece s\u0131radanm\u0131\u015f gibi ba\u015flayan bir olay\u0131 ustal\u0131kla bir psikolojik gerilime evriltiyor. \u00dcstelik g\u00fcr\u00fclt\u00fcs\u00fcz bir gerilim bu, &#8220;hava kesin bozacak&#8221; tedirginli\u011fini elden b\u0131rakt\u0131rmayan, g\u00f6zleri \u015f\u00fcpheyle k\u0131st\u0131ran cinsten. K\u00fc\u00e7\u00fck bir kasabada ya\u015fayan Felicia&#8217;n\u0131n ba\u015f\u0131ndan onu bulutlara \u00e7\u0131karan bir g\u00f6n\u00fcl maceras\u0131 ge\u00e7er. \u0130ngiltere&#8217;den memleketine k\u0131sa s\u00fcreli\u011fine gelmi\u015f Johnny, i\u015fsizlikten bunald\u0131\u011f\u0131, ailesiyle k\u0131t kanaat ge\u00e7inmeye \u00e7al\u0131\u015ft\u0131\u011f\u0131 o kara ama tekd\u00fcze g\u00fcnlerinde gen\u00e7 kad\u0131na nefes ald\u0131r\u0131r. Johnny yeniden \u00e7al\u0131\u015fmaya d\u00f6nd\u00fc\u011f\u00fcnde ise Felicia, \u00e7ok basit bir ayr\u0131nt\u0131y\u0131 atlad\u0131klar\u0131n\u0131 fark eder; arkas\u0131nda bir adres b\u0131rakmam\u0131\u015ft\u0131r. Ancak Felicia&#8217;n\u0131n ona kesinlikle ve hemen ula\u015fmas\u0131 gerekmektedir, nedeni m\u00e2lumdur. Sevgilisinin izini s\u00fcrmek i\u00e7in s\u00fcr\u00fcklendi\u011fi ama onu insan ruhunun en tekinsiz yanlar\u0131yla y\u00fcz y\u00fcze getirecek yolculu\u011fu i\u015fte bu noktada ba\u015flar. Umut yerini \u00e7aresizli\u011fe, gelecek d\u00fc\u015fleri ahlaki sorgulamalara, al\u0131nan kararlar pi\u015fmanl\u0131klara d\u00f6n\u00fc\u015f\u00fcrken &#8220;\u0130rlandal\u0131 k\u0131z&#8221; kendini bamba\u015fka bir hik\u00e2yenin i\u00e7inde bulur. Travmalara, \u00f6fkeyle \u00e7arp\u0131kla\u015fan zihinlere, kad\u0131nlara ve nihayet yaln\u0131zl\u0131\u011fa dair \u00fcrk\u00fct\u00fcc\u00fc bir hik\u00e2yenin i\u00e7inde. Atom Egoyan taraf\u0131ndan sinemaya da uyarlanan Felicia&#8217;n\u0131n Yolculu\u011fu, talihsiz kar\u015f\u0131la\u015fmalara, g\u00f6zleri k\u00f6r eden \u00e7aresizli\u011fe ve burada yuvalanan karanl\u0131\u011fa dair sars\u0131c\u0131 bir anlat\u0131.<\/p>\n","protected":false},"excerpt":{"rendered":"<p>\u0130rlanda&#8217;n\u0131n yeti\u015ftirdi\u011fi en b\u00fcy\u00fck yazarlardan, say\u0131s\u0131z edebiyat \u00f6d\u00fcl\u00fcne lay\u0131k g\u00f6r\u00fclen William Trevor, son derece s\u0131radanm\u0131\u015f gibi ba\u015flayan bir olay\u0131 ustal\u0131kla bir psikolojik gerilime evriltiyor. \u00dcstelik g\u00fcr\u00fclt\u00fcs\u00fcz<span class=\"excerpt-hellip\"> [\u2026]<\/span><\/p>\n","protected":false},"featured_media":0,"template":"","meta":{"_monsterinsights_skip_tracking":false,"_monsterinsights_sitenote_active":false,"_monsterinsights_sitenote_note":"","_monsterinsights_sitenote_category":0},"product_brand":[],"product_cat":[12291,12866],"product_tag":[],"class_list":{"0":"post-765717","1":"product","2":"type-product","3":"status-publish","5":"product_cat-edebiyat","6":"product_cat-ingiliz-edebiyati","7":"pa_cilt-ciltsiz","8":"pa_tur-kitap","9":"pa_yayinevi-sel-yayincilik","10":"pa_yazar-william-trevor","12":"first","13":"instock","14":"sale","15":"shipping-taxable","16":"purchasable","17":"product-type-simple"},"_links":{"self":[{"href":"https:\/\/roveyayinevi.com.tr\/index.php\/wp-json\/wp\/v2\/product\/765717","targetHints":{"allow":["GET"]}}],"collection":[{"href":"https:\/\/roveyayinevi.com.tr\/index.php\/wp-json\/wp\/v2\/product"}],"about":[{"href":"https:\/\/roveyayinevi.com.tr\/index.php\/wp-json\/wp\/v2\/types\/product"}],"wp:attachment":[{"href":"https:\/\/roveyayinevi.com.tr\/index.php\/wp-json\/wp\/v2\/media?parent=765717"}],"wp:term":[{"taxonomy":"product_brand","embeddable":true,"href":"https:\/\/roveyayinevi.com.tr\/index.php\/wp-json\/wp\/v2\/product_brand?post=765717"},{"taxonomy":"product_cat","embeddable":true,"href":"https:\/\/roveyayinevi.com.tr\/index.php\/wp-json\/wp\/v2\/product_cat?post=765717"},{"taxonomy":"product_tag","embeddable":true,"href":"https:\/\/roveyayinevi.com.tr\/index.php\/wp-json\/wp\/v2\/product_tag?post=765717"}],"curies":[{"name":"wp","href":"https:\/\/api.w.org\/{rel}","templated":true}]}}