{"id":765716,"date":"2025-08-28T11:49:26","date_gmt":"2025-08-28T08:49:26","guid":{"rendered":"https:\/\/roveyayinevi.com.tr\/index.php\/urun\/cennetin-kokleri\/"},"modified":"2026-04-15T03:31:34","modified_gmt":"2026-04-15T00:31:34","slug":"cennetin-kokleri","status":"publish","type":"product","link":"https:\/\/roveyayinevi.com.tr\/index.php\/urun\/cennetin-kokleri\/","title":{"rendered":"Cennetin K\u00f6kleri"},"content":{"rendered":"<p>G\u00f6ky\u00fcz\u00fc k\u0131z\u0131la bulanm\u0131\u015f, bir serinliktir \u00e7\u00f6km\u00fc\u015f; u\u00e7suz bucaks\u0131z arazide a\u011f\u0131r ama zarif ad\u0131mlarla bir fil s\u00fcr\u00fcs\u00fc sakince ilerliyor. Derken fildi\u015fi avc\u0131lar\u0131n\u0131n giderek yakla\u015ft\u0131\u011f\u0131n\u0131 belli eden t\u00fcfek at\u0131\u015flar\u0131&#8230; S\u00fck\u00fbnet yerini pani\u011fe b\u0131rak\u0131rken, yeri titreten devasa ad\u0131mlar\u0131n alt\u0131nda \u015fimdi tela\u015f\u0131n g\u00fcmb\u00fcrt\u00fcs\u00fc h\u00e2kim. Kara Afrika bir kez daha kana bulan\u0131yor.Romain Gary&#8217;ye ilk Goncourt \u00d6d\u00fcl\u00fc&#8217;n\u00fc kazand\u0131ran Cennetin K\u00f6kleri, filleri, tarih\u00f6ncesi \u00e7a\u011flardan miras bu soylu yarat\u0131klar\u0131, en b\u00fcy\u00fck d\u00fc\u015fman\u0131 haline gelmi\u015f insano\u011flunun ellerinden kurtarma m\u00fccadelesi veren bir \u00f6zg\u00fcrl\u00fck sava\u015f\u00e7\u0131s\u0131n\u0131n hik\u00e2yesini anlat\u0131r.Nazilerin toplama kamplar\u0131nda tutsak d\u00fc\u015fen Morel, Afrika&#8217;n\u0131n ger\u00e7ek sahipleri olan filleri yery\u00fcz\u00fcndeki en \u00f6zg\u00fcr hayvanlar olarak kederine ve d\u00fc\u015f\u00fcncesine ortak eder. Kurtulmay\u0131 ba\u015fard\u0131\u011f\u0131nda ise hayat\u0131n\u0131 onlar\u0131n katlini durdurmaya adamaktan ba\u015fka yolu yoktur art\u0131k. \u0130nsanl\u0131\u011f\u0131n filizlendi\u011fi bu topraklardan esaret alt\u0131ndaki zihnin engin okyanuslar\u0131na dalanlara, do\u011fan\u0131n lisan\u0131n\u0131 konu\u015fanlar\u0131n tamtamlar\u0131ndan y\u00fckselen kar\u015f\u0131 konulmaz bir \u00e7a\u011fr\u0131d\u0131r bu. Peki bu kadim sava\u015f\u0131n ortas\u0131nda ya\u015fam\u0131 onurland\u0131rmak, g\u00f6z\u00fcn\u00fc g\u00fcya hep ileriye dikmi\u015f &#8220;medeniyetin&#8221; tank\u0131 ve topuyla s\u00fcrd\u00fcrd\u00fc\u011f\u00fc bu vah\u015fi talan\u0131n \u00f6n\u00fcne ge\u00e7ebilmek m\u00fcmk\u00fcn m\u00fcd\u00fcr?\u0130nsanl\u0131k onuru i\u00e7in can\u0131n\u0131 hi\u00e7e sayanlardan, inanc\u0131n kudreti ve direni\u015fin y\u00fcceli\u011fine inananlardan tabiata bir sayg\u0131 duru\u015fu.<\/p>\n","protected":false},"excerpt":{"rendered":"<p>G\u00f6ky\u00fcz\u00fc k\u0131z\u0131la bulanm\u0131\u015f, bir serinliktir \u00e7\u00f6km\u00fc\u015f; u\u00e7suz bucaks\u0131z arazide a\u011f\u0131r ama zarif ad\u0131mlarla bir fil s\u00fcr\u00fcs\u00fc sakince ilerliyor. Derken fildi\u015fi avc\u0131lar\u0131n\u0131n giderek yakla\u015ft\u0131\u011f\u0131n\u0131 belli eden t\u00fcfek<span class=\"excerpt-hellip\"> [\u2026]<\/span><\/p>\n","protected":false},"featured_media":0,"template":"","meta":{"_monsterinsights_skip_tracking":false,"_monsterinsights_sitenote_active":false,"_monsterinsights_sitenote_note":"","_monsterinsights_sitenote_category":0},"product_brand":[],"product_cat":[12291,13376],"product_tag":[],"class_list":{"0":"post-765716","1":"product","2":"type-product","3":"status-publish","5":"product_cat-edebiyat","6":"product_cat-fransiz-edebiyati","7":"pa_cilt-ciltsiz","8":"pa_tur-kitap","9":"pa_yayinevi-sel-yayincilik","10":"pa_yazar-romain-gary-emile-ajar","12":"first","13":"instock","14":"sale","15":"shipping-taxable","16":"purchasable","17":"product-type-simple"},"_links":{"self":[{"href":"https:\/\/roveyayinevi.com.tr\/index.php\/wp-json\/wp\/v2\/product\/765716","targetHints":{"allow":["GET"]}}],"collection":[{"href":"https:\/\/roveyayinevi.com.tr\/index.php\/wp-json\/wp\/v2\/product"}],"about":[{"href":"https:\/\/roveyayinevi.com.tr\/index.php\/wp-json\/wp\/v2\/types\/product"}],"wp:attachment":[{"href":"https:\/\/roveyayinevi.com.tr\/index.php\/wp-json\/wp\/v2\/media?parent=765716"}],"wp:term":[{"taxonomy":"product_brand","embeddable":true,"href":"https:\/\/roveyayinevi.com.tr\/index.php\/wp-json\/wp\/v2\/product_brand?post=765716"},{"taxonomy":"product_cat","embeddable":true,"href":"https:\/\/roveyayinevi.com.tr\/index.php\/wp-json\/wp\/v2\/product_cat?post=765716"},{"taxonomy":"product_tag","embeddable":true,"href":"https:\/\/roveyayinevi.com.tr\/index.php\/wp-json\/wp\/v2\/product_tag?post=765716"}],"curies":[{"name":"wp","href":"https:\/\/api.w.org\/{rel}","templated":true}]}}