{"id":765714,"date":"2025-08-28T11:49:21","date_gmt":"2025-08-28T08:49:21","guid":{"rendered":"https:\/\/roveyayinevi.com.tr\/index.php\/urun\/olum-gemisi\/"},"modified":"2026-04-15T03:31:33","modified_gmt":"2026-04-15T00:31:33","slug":"olum-gemisi","status":"publish","type":"product","link":"https:\/\/roveyayinevi.com.tr\/index.php\/urun\/olum-gemisi\/","title":{"rendered":"\u00d6l\u00fcm Gemisi"},"content":{"rendered":"<p>Eserleri 40&#8217;tan fazla dile \u00e7evrilmi\u015f ve b\u00fct\u00fcn d\u00fcnyada milyonlarca okura ula\u015fm\u0131\u015f B. Traven efsanesi \u00d6l\u00fcm Gemisi&#8217;yle geri d\u00f6n\u00fcyor!Pasaportunu kaybeden ve Amerikal\u0131 oldu\u011funu kimseye kan\u0131tlayamayan bir denizci, bir \u00fclkeden di\u011ferine s\u00fcr\u00fcl\u00fcr. Ta ki tayfas\u0131n\u0131 toplumun &#8220;en alt\u0131ndakilerden&#8221;, hatta idam sehpas\u0131nda son nefesini vermek \u00fczere olanlardan toplayan bir \u00f6l\u00fcm gemisinde i\u015f bulana dek. Okyanusun dalgalar\u0131nda s\u00fcr\u00fcklenen gemi, nam\u0131di\u011fer Yorikke, belirsiz bir rotay\u0131 takip ederken birer g\u00f6lgeye, ya\u015fad\u0131klar\u0131ndan bile \u015f\u00fcphe edilen varl\u0131klara d\u00f6n\u00fc\u015fen tayfas\u0131, s\u0131\u011f\u0131nmak zorunda kald\u0131klar\u0131 bu demirden hapishanenin kendilerine bir de mezar olmamas\u0131 i\u00e7in direnir. Umut, karada unutulmu\u015f bir hayalet gibi dola\u015f\u0131r kamaralar\u0131n aras\u0131nda. \u00d6l\u00fcm Gemisi, Dante ve Balzac&#8217;\u0131n komedyalar\u0131na bir yan\u0131t olarak yeni bir insanl\u0131k durumu ortaya koyuyor: B\u00fcrokrasinin imal etti\u011fi kimliksiz, pasaportsuz &#8220;hi\u00e7kimseler&#8221;, yaln\u0131zca kapitalist sistemin \u00f6\u011f\u00fct\u00fcc\u00fc makinesinde i\u015fe yaramaktad\u0131rlar, ama birer insan de\u011fil, o makinenin motorunun yak\u0131t\u0131, k\u00f6m\u00fcr\u00fc, ate\u015fi olarak. Ya\u015fam\u0131 s\u0131rlarla dolu B. Traven&#8217;in hik\u00e2yesiyle paralellikler ta\u015f\u0131yan, kendisi de g\u00f6\u00e7menlik ve kimliksizlikle ilgili benzer ko\u015fullar alt\u0131ndayken hapishanede yazmaya ba\u015flad\u0131\u011f\u0131 \u00d6l\u00fcm Gemisi, Adalet Cimcoz&#8217;un yetkin \u00e7evirisiyle yeniden T\u00fcrk\u00e7ede&#8230;<\/p>\n","protected":false},"excerpt":{"rendered":"<p>Eserleri 40&#8217;tan fazla dile \u00e7evrilmi\u015f ve b\u00fct\u00fcn d\u00fcnyada milyonlarca okura ula\u015fm\u0131\u015f B. Traven efsanesi \u00d6l\u00fcm Gemisi&#8217;yle geri d\u00f6n\u00fcyor!Pasaportunu kaybeden ve Amerikal\u0131 oldu\u011funu kimseye kan\u0131tlayamayan bir denizci,<span class=\"excerpt-hellip\"> [\u2026]<\/span><\/p>\n","protected":false},"featured_media":0,"template":"","meta":{"_monsterinsights_skip_tracking":false,"_monsterinsights_sitenote_active":false,"_monsterinsights_sitenote_note":"","_monsterinsights_sitenote_category":0},"product_brand":[],"product_cat":[12782,12291],"product_tag":[],"class_list":{"0":"post-765714","1":"product","2":"type-product","3":"status-publish","5":"product_cat-alman-edebiyati","6":"product_cat-edebiyat","7":"pa_cilt-ciltsiz","8":"pa_tur-kitap","9":"pa_yayinevi-sel-yayincilik","10":"pa_yazar-b-traven","12":"first","13":"instock","14":"sale","15":"shipping-taxable","16":"purchasable","17":"product-type-simple"},"_links":{"self":[{"href":"https:\/\/roveyayinevi.com.tr\/index.php\/wp-json\/wp\/v2\/product\/765714","targetHints":{"allow":["GET"]}}],"collection":[{"href":"https:\/\/roveyayinevi.com.tr\/index.php\/wp-json\/wp\/v2\/product"}],"about":[{"href":"https:\/\/roveyayinevi.com.tr\/index.php\/wp-json\/wp\/v2\/types\/product"}],"wp:attachment":[{"href":"https:\/\/roveyayinevi.com.tr\/index.php\/wp-json\/wp\/v2\/media?parent=765714"}],"wp:term":[{"taxonomy":"product_brand","embeddable":true,"href":"https:\/\/roveyayinevi.com.tr\/index.php\/wp-json\/wp\/v2\/product_brand?post=765714"},{"taxonomy":"product_cat","embeddable":true,"href":"https:\/\/roveyayinevi.com.tr\/index.php\/wp-json\/wp\/v2\/product_cat?post=765714"},{"taxonomy":"product_tag","embeddable":true,"href":"https:\/\/roveyayinevi.com.tr\/index.php\/wp-json\/wp\/v2\/product_tag?post=765714"}],"curies":[{"name":"wp","href":"https:\/\/api.w.org\/{rel}","templated":true}]}}