{"id":765712,"date":"2025-08-28T11:49:17","date_gmt":"2025-08-28T08:49:17","guid":{"rendered":"https:\/\/roveyayinevi.com.tr\/index.php\/urun\/eve-donus-sincap-sido\/"},"modified":"2026-04-15T03:31:33","modified_gmt":"2026-04-15T00:31:33","slug":"eve-donus-sincap-sido","status":"publish","type":"product","link":"https:\/\/roveyayinevi.com.tr\/index.php\/urun\/eve-donus-sincap-sido\/","title":{"rendered":"Eve D\u00f6n\u00fc\u015f &#8211; Sincap Sido"},"content":{"rendered":"<p>Sincap Sido serisi aileyi, de\u011ferleri, sorumluluklar\u0131 ve dayan\u0131\u015fmay\u0131 anlat\u0131rken teknolojinin hayat\u0131m\u0131za olan katk\u0131lar\u0131, istek ve ihtiya\u00e7lar aras\u0131ndaki fark, aile b\u00fct\u00e7esi ve zaman planlamas\u0131 gibi \u00e7e\u015fitli kazan\u0131mlar\u0131 e\u011flenceli bir dil ve ak\u0131c\u0131 bir kurguyla bulu\u015fturuyor. Ger\u00e7ek arkada\u015fl\u0131\u011f\u0131n s\u0131nand\u0131\u011f\u0131, s\u0131rlar\u0131n bir bir ortaya \u00e7\u0131kt\u0131\u011f\u0131 bu hayat dersleriyle dolu hik\u00e2yede, kahramanlar\u0131m\u0131z\u0131n cesaret ve dayan\u0131\u015fma dolu maceras\u0131na tan\u0131k olmaya haz\u0131r m\u0131s\u0131n\u0131z?<\/p>\n","protected":false},"excerpt":{"rendered":"<p>Sincap Sido serisi aileyi, de\u011ferleri, sorumluluklar\u0131 ve dayan\u0131\u015fmay\u0131 anlat\u0131rken teknolojinin hayat\u0131m\u0131za olan katk\u0131lar\u0131, istek ve ihtiya\u00e7lar aras\u0131ndaki fark, aile b\u00fct\u00e7esi ve zaman planlamas\u0131 gibi \u00e7e\u015fitli kazan\u0131mlar\u0131<span class=\"excerpt-hellip\"> [\u2026]<\/span><\/p>\n","protected":false},"featured_media":0,"template":"","meta":{"_monsterinsights_skip_tracking":false,"_monsterinsights_sitenote_active":false,"_monsterinsights_sitenote_note":"","_monsterinsights_sitenote_category":0},"product_brand":[],"product_cat":[12274,12284],"product_tag":[],"class_list":{"0":"post-765712","1":"product","2":"type-product","3":"status-publish","5":"product_cat-cocuk-ve-genclik-kitaplari","6":"product_cat-hikayeler","7":"pa_cilt-ciltsiz","8":"pa_tur-kitap","9":"pa_yayinevi-altin-kitaplar","10":"pa_yazar-buket-tahmaz-savas","12":"first","13":"instock","14":"sale","15":"shipping-taxable","16":"purchasable","17":"product-type-simple"},"_links":{"self":[{"href":"https:\/\/roveyayinevi.com.tr\/index.php\/wp-json\/wp\/v2\/product\/765712","targetHints":{"allow":["GET"]}}],"collection":[{"href":"https:\/\/roveyayinevi.com.tr\/index.php\/wp-json\/wp\/v2\/product"}],"about":[{"href":"https:\/\/roveyayinevi.com.tr\/index.php\/wp-json\/wp\/v2\/types\/product"}],"wp:attachment":[{"href":"https:\/\/roveyayinevi.com.tr\/index.php\/wp-json\/wp\/v2\/media?parent=765712"}],"wp:term":[{"taxonomy":"product_brand","embeddable":true,"href":"https:\/\/roveyayinevi.com.tr\/index.php\/wp-json\/wp\/v2\/product_brand?post=765712"},{"taxonomy":"product_cat","embeddable":true,"href":"https:\/\/roveyayinevi.com.tr\/index.php\/wp-json\/wp\/v2\/product_cat?post=765712"},{"taxonomy":"product_tag","embeddable":true,"href":"https:\/\/roveyayinevi.com.tr\/index.php\/wp-json\/wp\/v2\/product_tag?post=765712"}],"curies":[{"name":"wp","href":"https:\/\/api.w.org\/{rel}","templated":true}]}}