{"id":765711,"date":"2025-08-28T11:49:15","date_gmt":"2025-08-28T08:49:15","guid":{"rendered":"https:\/\/roveyayinevi.com.tr\/index.php\/urun\/haller-agaci\/"},"modified":"2026-04-15T03:31:33","modified_gmt":"2026-04-15T00:31:33","slug":"haller-agaci","status":"publish","type":"product","link":"https:\/\/roveyayinevi.com.tr\/index.php\/urun\/haller-agaci\/","title":{"rendered":"Haller A\u011fac\u0131"},"content":{"rendered":"<p>\u015eu an d\u00fcnyada h\u00e2kim olan tek sava\u015f iki zihniyet aras\u0131ndaki sava\u015ft\u0131r. En kapsaml\u0131 \u015fekliyle bu zihniyetlerden biri insanl\u0131\u011f\u0131n lehine olan kadim irfan\u00ee zihniyeti, \u00f6teki ise \u00f6z\u00fcn\u00fc tamamen vah\u015fi kapitalizm ruhundan alan, her \u015feyi kendi t\u00fcketim k\u00fclt\u00fcr\u00fc lehine \u00e7evirmeyi ba\u015farabilen, a&#8217; dan z&#8217; ye kadar do\u011fal olan her \u015feye kar\u015f\u0131 d\u00fc\u015fmanl\u0131k besleyen k\u00f6t\u00fcc\u00fcl ve yok edici bir zihniyeti olu\u015fturur.\u0130nsanl\u0131k kendisiyle sinsi sinsi sava\u015fan bu yeni zihniyete kar\u015f\u0131 m\u00fccadele etmelidir. \u0130nsanl\u0131k, bu zihniyetin tekelinde tuttu\u011fu sanat, k\u00fclt\u00fcr, m\u00fczik, \u015fiir, edebiyat, felsefe, din, teoloji, fizik, metafizik ve bilimi ele al\u0131p a\u00e7\u0131k bir \u015fekilde yeniden yorumlamazsa; h\u0131zla yay\u0131lan ve d\u00fcnya bar\u0131\u015f\u0131 i\u00e7in net bir tehlike olu\u015fturan bu y\u0131k\u0131c\u0131 ve k\u00f6t\u00fcc\u00fcl zihniyetle asla ba\u015f edemeyecektir.Ya\u015fam\u0131 seven herkes her ne fikirde olursa olsun insanl\u0131\u011f\u0131n huzuru i\u00e7in harf \u00fcst\u00fcne harf, fikir \u00fcst\u00fcne fikir ve el \u00fcst\u00fcne el koymal\u0131d\u0131r. \u0130slam s\u00f6zc\u00fc\u011f\u00fc etimolojik olarak bar\u0131\u015f kelimesine dayan\u0131r. \u0130nsanl\u0131\u011f\u0131n ihtiyac\u0131 olan tek \u015fey, t\u00fcm insanl\u0131k i\u00e7in mutlulukta birle\u015fen bir bar\u0131\u015ft\u0131r.Bu eserde s\u00f6z konusu bu bar\u0131\u015f ve tefekk\u00fcr ihtiyac\u0131 tasavvuf felsefesi \u00e7er\u00e7evesinde a\u015fk ve hikmet dili merkezinde okuyucuyla payla\u015f\u0131lm\u0131\u015ft\u0131r.&#8221;Z\u00fcl\u00fcm ve cahillik el ele verir y\u0131karlar d\u00fcnyay\u0131 sonra.Z\u00fcl\u00fcm ve cahillik bug\u00fcn ayn\u0131 yatakta, \u00e7ocuklar\u0131:Kan sever, ten sever, dolar sever,Mutsuz sever ve hile sever.<\/p>\n","protected":false},"excerpt":{"rendered":"<p>\u015eu an d\u00fcnyada h\u00e2kim olan tek sava\u015f iki zihniyet aras\u0131ndaki sava\u015ft\u0131r. En kapsaml\u0131 \u015fekliyle bu zihniyetlerden biri insanl\u0131\u011f\u0131n lehine olan kadim irfan\u00ee zihniyeti, \u00f6teki ise \u00f6z\u00fcn\u00fc<span class=\"excerpt-hellip\"> [\u2026]<\/span><\/p>\n","protected":false},"featured_media":0,"template":"","meta":{"_monsterinsights_skip_tracking":false,"_monsterinsights_sitenote_active":false,"_monsterinsights_sitenote_note":"","_monsterinsights_sitenote_category":0},"product_brand":[],"product_cat":[12291,12509],"product_tag":[],"class_list":{"0":"post-765711","1":"product","2":"type-product","3":"status-publish","5":"product_cat-edebiyat","6":"product_cat-siir","7":"pa_cilt-ciltsiz","8":"pa_tur-kitap","9":"pa_yayinevi-nios","10":"pa_yazar-mehmet-kasim-ozgen","12":"first","13":"instock","14":"sale","15":"shipping-taxable","16":"purchasable","17":"product-type-simple"},"_links":{"self":[{"href":"https:\/\/roveyayinevi.com.tr\/index.php\/wp-json\/wp\/v2\/product\/765711","targetHints":{"allow":["GET"]}}],"collection":[{"href":"https:\/\/roveyayinevi.com.tr\/index.php\/wp-json\/wp\/v2\/product"}],"about":[{"href":"https:\/\/roveyayinevi.com.tr\/index.php\/wp-json\/wp\/v2\/types\/product"}],"wp:attachment":[{"href":"https:\/\/roveyayinevi.com.tr\/index.php\/wp-json\/wp\/v2\/media?parent=765711"}],"wp:term":[{"taxonomy":"product_brand","embeddable":true,"href":"https:\/\/roveyayinevi.com.tr\/index.php\/wp-json\/wp\/v2\/product_brand?post=765711"},{"taxonomy":"product_cat","embeddable":true,"href":"https:\/\/roveyayinevi.com.tr\/index.php\/wp-json\/wp\/v2\/product_cat?post=765711"},{"taxonomy":"product_tag","embeddable":true,"href":"https:\/\/roveyayinevi.com.tr\/index.php\/wp-json\/wp\/v2\/product_tag?post=765711"}],"curies":[{"name":"wp","href":"https:\/\/api.w.org\/{rel}","templated":true}]}}