{"id":765708,"date":"2025-08-28T11:49:11","date_gmt":"2025-08-28T08:49:11","guid":{"rendered":"https:\/\/roveyayinevi.com.tr\/index.php\/urun\/uluslararasi-hukukta-saldiri-sucu\/"},"modified":"2026-04-15T03:31:33","modified_gmt":"2026-04-15T00:31:33","slug":"uluslararasi-hukukta-saldiri-sucu","status":"publish","type":"product","link":"https:\/\/roveyayinevi.com.tr\/index.php\/urun\/uluslararasi-hukukta-saldiri-sucu\/","title":{"rendered":"Uluslararas\u0131 Hukukta Sald\u0131r\u0131 Su\u00e7u"},"content":{"rendered":"<p>Bu \u00e7al\u0131\u015fma, sald\u0131r\u0131 su\u00e7u tan\u0131m\u0131na ili\u015fkin g\u00fcn\u00fcm\u00fcze kadar olu\u015fmu\u015f temel hukuksal prensipler ve halen y\u00fcr\u00fct\u00fclen tan\u0131m \u00e7al\u0131\u015fmalar\u0131nda ortaya konan \u00f6neriler temelinde, sald\u0131r\u0131 su\u00e7u kavram\u0131n\u0131n hukuksal niteliklerini belirginle\u015ftirmeye y\u00f6neliktir. Bu \u00e7er\u00e7evede yap\u0131lan g\u00f6zlemler hem sald\u0131r\u0131 su\u00e7u kavram\u0131n\u0131n anla\u015f\u0131lmas\u0131n\u0131 sa\u011flayacak hem de sald\u0131r\u0131 su\u00e7u kavram\u0131n\u0131n muhtemel bir tan\u0131m\u0131n\u0131n hangi temel hukuksal niteliklere sahip olmas\u0131 gerekti\u011fine dair fikirler verecektir.<\/p>\n","protected":false},"excerpt":{"rendered":"<p>Bu \u00e7al\u0131\u015fma, sald\u0131r\u0131 su\u00e7u tan\u0131m\u0131na ili\u015fkin g\u00fcn\u00fcm\u00fcze kadar olu\u015fmu\u015f temel hukuksal prensipler ve halen y\u00fcr\u00fct\u00fclen tan\u0131m \u00e7al\u0131\u015fmalar\u0131nda ortaya konan \u00f6neriler temelinde, sald\u0131r\u0131 su\u00e7u kavram\u0131n\u0131n hukuksal niteliklerini<span class=\"excerpt-hellip\"> [\u2026]<\/span><\/p>\n","protected":false},"featured_media":0,"template":"","meta":{"_monsterinsights_skip_tracking":false,"_monsterinsights_sitenote_active":false,"_monsterinsights_sitenote_note":"","_monsterinsights_sitenote_category":0},"product_brand":[],"product_cat":[15351,15350],"product_tag":[],"class_list":{"0":"post-765708","1":"product","2":"type-product","3":"status-publish","5":"product_cat-ders-kitaplari","6":"product_cat-hukuk","7":"pa_cilt-ciltsiz","8":"pa_tur-kitap","9":"pa_yayinevi-roma-yayinlari","10":"pa_yazar-yucel-acer","12":"first","13":"instock","14":"sale","15":"shipping-taxable","16":"purchasable","17":"product-type-simple"},"_links":{"self":[{"href":"https:\/\/roveyayinevi.com.tr\/index.php\/wp-json\/wp\/v2\/product\/765708","targetHints":{"allow":["GET"]}}],"collection":[{"href":"https:\/\/roveyayinevi.com.tr\/index.php\/wp-json\/wp\/v2\/product"}],"about":[{"href":"https:\/\/roveyayinevi.com.tr\/index.php\/wp-json\/wp\/v2\/types\/product"}],"wp:attachment":[{"href":"https:\/\/roveyayinevi.com.tr\/index.php\/wp-json\/wp\/v2\/media?parent=765708"}],"wp:term":[{"taxonomy":"product_brand","embeddable":true,"href":"https:\/\/roveyayinevi.com.tr\/index.php\/wp-json\/wp\/v2\/product_brand?post=765708"},{"taxonomy":"product_cat","embeddable":true,"href":"https:\/\/roveyayinevi.com.tr\/index.php\/wp-json\/wp\/v2\/product_cat?post=765708"},{"taxonomy":"product_tag","embeddable":true,"href":"https:\/\/roveyayinevi.com.tr\/index.php\/wp-json\/wp\/v2\/product_tag?post=765708"}],"curies":[{"name":"wp","href":"https:\/\/api.w.org\/{rel}","templated":true}]}}