{"id":765707,"date":"2025-08-28T11:49:10","date_gmt":"2025-08-28T08:49:10","guid":{"rendered":"https:\/\/roveyayinevi.com.tr\/index.php\/urun\/kalkinma-kuramlarina-elestirel-bir-yaklasim\/"},"modified":"2026-04-15T03:31:33","modified_gmt":"2026-04-15T00:31:33","slug":"kalkinma-kuramlarina-elestirel-bir-yaklasim","status":"publish","type":"product","link":"https:\/\/roveyayinevi.com.tr\/index.php\/urun\/kalkinma-kuramlarina-elestirel-bir-yaklasim\/","title":{"rendered":"Kalk\u0131nma Kuramlar\u0131na Ele\u015ftirel Bir Yakla\u015f\u0131m"},"content":{"rendered":"<p>Az gelismislik g\u00fcn\u00fcm\u00fcz\u00fcn en trajik sorunudur. Entelekt\u00fcelinden fabrikadaki is\u00e7isine, b\u00fcrokratindan sokak saticisina kadar \u00fc\u00e7\u00fcnc\u00fc d\u00fcnyanin her bireyi yasaminin \u00e7esitli y\u00f6nlerinde farkli boyutlarda bu sorunun agirligini hissetmektedir. Azgelismis \u00fclkelerde \u00fcretimin ni\u00e7in yetersiz oldugu, bu toplumda verimliligin nasil artirilabilecegi ve az gelismis ekonomilerin nasil modern hale getirilebilecegi kalkinma kurumlarinin inceleme alanini olusturmaktadir. Az gelismis \u00fclkelerin sorunlarina iliskin \u00e7ok genis bir yazin olusmustur&#8230;<\/p>\n","protected":false},"excerpt":{"rendered":"<p>Az gelismislik g\u00fcn\u00fcm\u00fcz\u00fcn en trajik sorunudur. Entelekt\u00fcelinden fabrikadaki is\u00e7isine, b\u00fcrokratindan sokak saticisina kadar \u00fc\u00e7\u00fcnc\u00fc d\u00fcnyanin her bireyi yasaminin \u00e7esitli y\u00f6nlerinde farkli boyutlarda bu sorunun agirligini hissetmektedir.<span class=\"excerpt-hellip\"> [\u2026]<\/span><\/p>\n","protected":false},"featured_media":0,"template":"","meta":{"_monsterinsights_skip_tracking":false,"_monsterinsights_sitenote_active":false,"_monsterinsights_sitenote_note":"","_monsterinsights_sitenote_category":0},"product_brand":[],"product_cat":[14841,13043],"product_tag":[],"class_list":{"0":"post-765707","1":"product","2":"type-product","3":"status-publish","5":"product_cat-arastirma-inceleme-kuram","6":"product_cat-ekonomi","7":"pa_cilt-ciltsiz","8":"pa_tur-kitap","9":"pa_yayinevi-roma-yayinlari","10":"pa_yazar-nazim-ozturk","12":"first","13":"instock","14":"sale","15":"shipping-taxable","16":"purchasable","17":"product-type-simple"},"_links":{"self":[{"href":"https:\/\/roveyayinevi.com.tr\/index.php\/wp-json\/wp\/v2\/product\/765707","targetHints":{"allow":["GET"]}}],"collection":[{"href":"https:\/\/roveyayinevi.com.tr\/index.php\/wp-json\/wp\/v2\/product"}],"about":[{"href":"https:\/\/roveyayinevi.com.tr\/index.php\/wp-json\/wp\/v2\/types\/product"}],"wp:attachment":[{"href":"https:\/\/roveyayinevi.com.tr\/index.php\/wp-json\/wp\/v2\/media?parent=765707"}],"wp:term":[{"taxonomy":"product_brand","embeddable":true,"href":"https:\/\/roveyayinevi.com.tr\/index.php\/wp-json\/wp\/v2\/product_brand?post=765707"},{"taxonomy":"product_cat","embeddable":true,"href":"https:\/\/roveyayinevi.com.tr\/index.php\/wp-json\/wp\/v2\/product_cat?post=765707"},{"taxonomy":"product_tag","embeddable":true,"href":"https:\/\/roveyayinevi.com.tr\/index.php\/wp-json\/wp\/v2\/product_tag?post=765707"}],"curies":[{"name":"wp","href":"https:\/\/api.w.org\/{rel}","templated":true}]}}