{"id":765702,"date":"2025-08-28T11:49:04","date_gmt":"2025-08-28T08:49:04","guid":{"rendered":"https:\/\/roveyayinevi.com.tr\/index.php\/urun\/baskanlik-sistemi-2\/"},"modified":"2026-04-15T03:31:33","modified_gmt":"2026-04-15T00:31:33","slug":"baskanlik-sistemi-2","status":"publish","type":"product","link":"https:\/\/roveyayinevi.com.tr\/index.php\/urun\/baskanlik-sistemi-2\/","title":{"rendered":"Ba\u015fkanl\u0131k Sistemi"},"content":{"rendered":"<p>19. y\u00fczy\u0131ldan beri yerli ve yabanc\u0131 g\u00f6zlemciler Amerika k\u0131tas\u0131ndaki farkl\u0131 geli\u015fim \u00e7izgilerinin nedenlerini ara\u015ft\u0131rmaktad\u0131rlar. Tarihsel s\u00fcre\u00e7 i\u00e7inde ya\u015fanan geli\u015fmeler ABD&#8217;yi demokrasinin ve siyasi istikrar\u0131n merkezi haline getirmi\u015ftir. Bug\u00fcn ABD, &#8220;ger\u00e7ek Amerika&#8221; olarak kabul edilmektedir. Buna kar\u015f\u0131l\u0131k G\u00fcney Amerika, s\u00fcreklilik arz eden bir kriz merkezi, istikrars\u0131zl\u0131\u011f\u0131n ve otoriterizmin sembol\u00fc olarak g\u00f6r\u00fclmektedir. Daha Thomas Jefferson ve Sim\u00f3n Bol\u00edvar d\u00f6neminde ABD, birlik ve b\u00fct\u00fcnl\u00fc\u011f\u00fcn\u00fc sa\u011flarken, Latin Amerika1 siyasi a\u00e7\u0131dan par\u00e7alanm\u0131\u015f ve sorunlu bir b\u00f6lgeydi. &#8220;Amerika&#8217;da Demokrasi&#8221; isimli eserin yazar\u0131 olan Frans\u0131z siyasi d\u00fc\u015f\u00fcn\u00fcr ve tarih\u00e7i Alexis de Tocqueville&#8217;den g\u00fcn\u00fcm\u00fcze kadar kar\u015f\u0131la\u015ft\u0131rmal\u0131 tarih ve siyaset bilimcileri, Amerika k\u0131tas\u0131nda birbirine z\u0131t iki ayr\u0131 geli\u015fim \u00e7izgisinin bulundu\u011funu hep vurgulam\u0131\u015flard\u0131r.2 ABD&#8217;nin hanesinde ba\u015far\u0131, Latin Amerika&#8217;n\u0131n hanesinde ise ba\u015far\u0131s\u0131zl\u0131k yaz\u0131l\u0131d\u0131r. Latin Amerika&#8217;n\u0131n tarihsel deneyimi, ABD&#8217;nin ba\u015far\u0131l\u0131 modelinden farkl\u0131 olarak, eksiklikler listesinden farkl\u0131 bir \u015fey de\u011filmi\u015f gibi bir g\u00f6r\u00fcnt\u00fc veriyor. Bu eksiklikler, sosyal ayaklanmalara, yolsuzlu\u011fa, hukuk ve devlet d\u00fczeninin bozulmas\u0131na yol a\u00e7maktad\u0131r. Latin Amerika&#8217;daki krizlerin sebeplerini ifade etmek \u00fczere &#8220;Morbus Latinus&#8221; deyimi kullan\u0131lmaktad\u0131r. A\u00e7\u0131k\u00e7a s\u00f6ylemek gerekirse Latin Amerika &#8220;k\u00f6t\u00fc tarihi&#8221; nedeniyle tekrar tekrar mahk\u00fbm olurken, ABD, &#8220;iyi tarihi&#8221; nedeniyle s\u00fcrekli olarak daha iyinin pe\u015finde olmu\u015ftur.Kuzey Amerika ile G\u00fcney Amerika&#8217;n\u0131n siyasi sistemi mukayese edilirken \u00f6ncelikle tarihsel bir perspektifle s\u00f6m\u00fcrgecilik miras\u0131na ve ba\u011f\u0131ms\u0131zl\u0131k hareketlerine de\u011finmek gerekir. \u0130kinci olarak 19. ve 20. y\u00fczy\u0131ldaki anayasal geli\u015fmelere, anayasa de\u011fi\u015fikliklerine, demokrasinin s\u00fcreklili\u011fine ve de\u011fi\u015fimine, keza demokrasi anlay\u0131\u015f\u0131na bakmak gerekir.19. ve 20. y\u00fczy\u0131lda Amerika k\u0131tas\u0131ndaki farkl\u0131 siyasi geli\u015fmeleri anlayabilmek i\u00e7in \u0130ngiltere, \u0130spanya ve Portekiz&#8217;in s\u00f6m\u00fcrgecilik h\u00e2kimiyetine ana hatlar\u0131yla de\u011finmek gerekir. Bu husus, ba\u011f\u0131ms\u0131z cumhuriyetler i\u00e7in koloniyal ge\u00e7mi\u015fin \u00f6nemli oldu\u011fu tezini test etmek bak\u0131m\u0131ndan \u00f6nemlidir. Ayr\u0131nt\u0131lara girmeden s\u00f6z konusu s\u00f6m\u00fcrgecilik miras\u0131n\u0131n, 19. ve 20. y\u00fczy\u0131ldaki siyasi geli\u015fmeler \u00fczerinde ne derece etkili oldu\u011fu sorusuna k\u0131saca cevap vermekte fayda bulunmaktad\u0131r.<\/p>\n","protected":false},"excerpt":{"rendered":"<p>19. y\u00fczy\u0131ldan beri yerli ve yabanc\u0131 g\u00f6zlemciler Amerika k\u0131tas\u0131ndaki farkl\u0131 geli\u015fim \u00e7izgilerinin nedenlerini ara\u015ft\u0131rmaktad\u0131rlar. Tarihsel s\u00fcre\u00e7 i\u00e7inde ya\u015fanan geli\u015fmeler ABD&#8217;yi demokrasinin ve siyasi istikrar\u0131n merkezi haline<span class=\"excerpt-hellip\"> [\u2026]<\/span><\/p>\n","protected":false},"featured_media":0,"template":"","meta":{"_monsterinsights_skip_tracking":false,"_monsterinsights_sitenote_active":false,"_monsterinsights_sitenote_note":"","_monsterinsights_sitenote_category":0},"product_brand":[],"product_cat":[13590,12337],"product_tag":[],"class_list":{"0":"post-765702","1":"product","2":"type-product","3":"status-publish","5":"product_cat-arastirma-inceleme-politika-siyaset","6":"product_cat-politika-siyaset","7":"pa_cilt-ciltsiz","8":"pa_tur-kitap","9":"pa_yayinevi-hukuk-yayinlari","10":"pa_yazar-yuksel-metin","12":"first","13":"instock","14":"sale","15":"shipping-taxable","16":"purchasable","17":"product-type-simple"},"_links":{"self":[{"href":"https:\/\/roveyayinevi.com.tr\/index.php\/wp-json\/wp\/v2\/product\/765702","targetHints":{"allow":["GET"]}}],"collection":[{"href":"https:\/\/roveyayinevi.com.tr\/index.php\/wp-json\/wp\/v2\/product"}],"about":[{"href":"https:\/\/roveyayinevi.com.tr\/index.php\/wp-json\/wp\/v2\/types\/product"}],"wp:attachment":[{"href":"https:\/\/roveyayinevi.com.tr\/index.php\/wp-json\/wp\/v2\/media?parent=765702"}],"wp:term":[{"taxonomy":"product_brand","embeddable":true,"href":"https:\/\/roveyayinevi.com.tr\/index.php\/wp-json\/wp\/v2\/product_brand?post=765702"},{"taxonomy":"product_cat","embeddable":true,"href":"https:\/\/roveyayinevi.com.tr\/index.php\/wp-json\/wp\/v2\/product_cat?post=765702"},{"taxonomy":"product_tag","embeddable":true,"href":"https:\/\/roveyayinevi.com.tr\/index.php\/wp-json\/wp\/v2\/product_tag?post=765702"}],"curies":[{"name":"wp","href":"https:\/\/api.w.org\/{rel}","templated":true}]}}