{"id":765701,"date":"2025-08-28T11:49:03","date_gmt":"2025-08-28T08:49:03","guid":{"rendered":"https:\/\/roveyayinevi.com.tr\/index.php\/urun\/avukatlar-icin-ceza-hukuku-tck-genel-hukumler\/"},"modified":"2026-04-15T03:31:33","modified_gmt":"2026-04-15T00:31:33","slug":"avukatlar-icin-ceza-hukuku-tck-genel-hukumler","status":"publish","type":"product","link":"https:\/\/roveyayinevi.com.tr\/index.php\/urun\/avukatlar-icin-ceza-hukuku-tck-genel-hukumler\/","title":{"rendered":"Avukatlar \u0130\u00e7in Ceza Hukuku TCK Genel H\u00fck\u00fcmler"},"content":{"rendered":"<p>&#8220;Ceza hukukunun genel h\u00fck\u00fcmleri, TCK ve ceza h\u00fckm\u00fc i\u00e7eren \u00f6zel kanunlar\u0131n\u0131n tamam\u0131nda uygulanan d\u00fczenlemelerdir. Genel h\u00fck\u00fcmler, su\u00e7ta ve cezada kanunilik, su\u00e7ta ve cezada \u015fahsilik, kast, hukuka uygunluk, i\u00e7tima ve kimi sorumsuzluk halleri gibi su\u00e7a ve cezaya, tekerr\u00fcr gibi infaza do\u011frudan etki eden bir k\u0131s\u0131m d\u00fczenlemeler i\u00e7ermektedir.Her su\u00e7 ve kurulacak her h\u00fck\u00fcm, mutlaka genel h\u00fck\u00fcmlerle ili\u015fkilidir. Genel h\u00fck\u00fcmlerle ili\u015fkilendirilmeyen bir mahkeme karar\u0131 olmaz. Bu nedenle ceza hukuk\u00e7usu, genel h\u00fck\u00fcmleri bilmek zorundad\u0131r.\u00c7al\u0131\u015fma da, ceza hukukunun genel h\u00fck\u00fcmleri, anla\u015f\u0131l\u0131r bir \u00fcslupla ve mahkeme kararlar\u0131 e\u015fli\u011finde okuyucuya sunulmaktad\u0131r.&#8221; (Tan\u0131t\u0131m Yaz\u0131s\u0131)<\/p>\n","protected":false},"excerpt":{"rendered":"<p>&#8220;Ceza hukukunun genel h\u00fck\u00fcmleri, TCK ve ceza h\u00fckm\u00fc i\u00e7eren \u00f6zel kanunlar\u0131n\u0131n tamam\u0131nda uygulanan d\u00fczenlemelerdir. Genel h\u00fck\u00fcmler, su\u00e7ta ve cezada kanunilik, su\u00e7ta ve cezada \u015fahsilik, kast, hukuka<span class=\"excerpt-hellip\"> [\u2026]<\/span><\/p>\n","protected":false},"featured_media":0,"template":"","meta":{"_monsterinsights_skip_tracking":false,"_monsterinsights_sitenote_active":false,"_monsterinsights_sitenote_note":"","_monsterinsights_sitenote_category":0},"product_brand":[],"product_cat":[15350,17602],"product_tag":[],"class_list":{"0":"post-765701","1":"product","2":"type-product","3":"status-publish","5":"product_cat-hukuk","6":"product_cat-hukuk-uzerine","7":"pa_cilt-ciltsiz","8":"pa_tur-kitap","9":"pa_yayinevi-hukuk-yayinlari","10":"pa_yazar-sibel-yildiz-senturk","12":"first","13":"instock","14":"sale","15":"shipping-taxable","16":"purchasable","17":"product-type-simple"},"_links":{"self":[{"href":"https:\/\/roveyayinevi.com.tr\/index.php\/wp-json\/wp\/v2\/product\/765701","targetHints":{"allow":["GET"]}}],"collection":[{"href":"https:\/\/roveyayinevi.com.tr\/index.php\/wp-json\/wp\/v2\/product"}],"about":[{"href":"https:\/\/roveyayinevi.com.tr\/index.php\/wp-json\/wp\/v2\/types\/product"}],"wp:attachment":[{"href":"https:\/\/roveyayinevi.com.tr\/index.php\/wp-json\/wp\/v2\/media?parent=765701"}],"wp:term":[{"taxonomy":"product_brand","embeddable":true,"href":"https:\/\/roveyayinevi.com.tr\/index.php\/wp-json\/wp\/v2\/product_brand?post=765701"},{"taxonomy":"product_cat","embeddable":true,"href":"https:\/\/roveyayinevi.com.tr\/index.php\/wp-json\/wp\/v2\/product_cat?post=765701"},{"taxonomy":"product_tag","embeddable":true,"href":"https:\/\/roveyayinevi.com.tr\/index.php\/wp-json\/wp\/v2\/product_tag?post=765701"}],"curies":[{"name":"wp","href":"https:\/\/api.w.org\/{rel}","templated":true}]}}