{"id":765700,"date":"2025-08-28T11:49:02","date_gmt":"2025-08-28T08:49:02","guid":{"rendered":"https:\/\/roveyayinevi.com.tr\/index.php\/urun\/avukatlar-icin-ceza-hukuku-el-kitabi\/"},"modified":"2026-04-15T03:31:33","modified_gmt":"2026-04-15T00:31:33","slug":"avukatlar-icin-ceza-hukuku-el-kitabi","status":"publish","type":"product","link":"https:\/\/roveyayinevi.com.tr\/index.php\/urun\/avukatlar-icin-ceza-hukuku-el-kitabi\/","title":{"rendered":"Avukatlar \u0130\u00e7in Ceza Hukuku El Kitab\u0131"},"content":{"rendered":"<p>Ceza muhakemesi mevzuat\u0131m\u0131z, genel hatlar\u0131 itibariyle insan haklar\u0131 hukukuna uygundur. Ne var ki uygulama, insan haklar\u0131na odaklanm\u0131\u015f bir bak\u0131\u015f a\u00e7\u0131s\u0131ndan mahrumdur. Bu nedenle, ceza yarg\u0131lamas\u0131n\u0131n en temel kavram\u0131 olan savunmay\u0131 temsil eden avukatlar\u0131n, ceza muhakemesi hukuku ile insan haklar\u0131 hukukunu bir arada ele almas\u0131, bak\u0131\u015f a\u00e7\u0131lar\u0131n\u0131 geni\u015fletmesi, yeri geldik\u00e7e yarg\u0131lama mercilerini insan haklar\u0131na uygun davranmaya zorlamas\u0131 gerekir.\u00c7al\u0131\u015fma, ceza muhakemesi hukuku ile insan haklar\u0131 hukukunu bir araya getirerek, daha g\u00fc\u00e7l\u00fc, etkin ve evrensel de\u011ferlere yaslanan bir savunmay\u0131 m\u00fcmk\u00fcn k\u0131lmay\u0131 ama\u00e7lamaktad\u0131r.\u0130\u00e7indekilerCeza Muhakemesinin Temel \u0130lkeleriCMK ve \u0130nfaz Kanunu Madde A\u00e7\u0131klamalar\u0131Yarg\u0131tay Kararlar\u0131 \u2013 A\u0130HM ve AYM Kararlar\u0131Avukatlar Hakk\u0131nda Soru\u015fturma Usul\u00fcAvukatl\u0131k Meslek Kurallar\u0131CMK Metni (7145 say\u0131l\u0131 Kanunla de\u011fi\u015fik)<\/p>\n","protected":false},"excerpt":{"rendered":"<p>Ceza muhakemesi mevzuat\u0131m\u0131z, genel hatlar\u0131 itibariyle insan haklar\u0131 hukukuna uygundur. Ne var ki uygulama, insan haklar\u0131na odaklanm\u0131\u015f bir bak\u0131\u015f a\u00e7\u0131s\u0131ndan mahrumdur. Bu nedenle, ceza yarg\u0131lamas\u0131n\u0131n en<span class=\"excerpt-hellip\"> [\u2026]<\/span><\/p>\n","protected":false},"featured_media":0,"template":"","meta":{"_monsterinsights_skip_tracking":false,"_monsterinsights_sitenote_active":false,"_monsterinsights_sitenote_note":"","_monsterinsights_sitenote_category":0},"product_brand":[],"product_cat":[15350,17602],"product_tag":[],"class_list":{"0":"post-765700","1":"product","2":"type-product","3":"status-publish","5":"product_cat-hukuk","6":"product_cat-hukuk-uzerine","7":"pa_cilt-ciltsiz","8":"pa_tur-kitap","9":"pa_yayinevi-hukuk-yayinlari","10":"pa_yazar-isa-celik","12":"first","13":"instock","14":"sale","15":"shipping-taxable","16":"purchasable","17":"product-type-simple"},"_links":{"self":[{"href":"https:\/\/roveyayinevi.com.tr\/index.php\/wp-json\/wp\/v2\/product\/765700","targetHints":{"allow":["GET"]}}],"collection":[{"href":"https:\/\/roveyayinevi.com.tr\/index.php\/wp-json\/wp\/v2\/product"}],"about":[{"href":"https:\/\/roveyayinevi.com.tr\/index.php\/wp-json\/wp\/v2\/types\/product"}],"wp:attachment":[{"href":"https:\/\/roveyayinevi.com.tr\/index.php\/wp-json\/wp\/v2\/media?parent=765700"}],"wp:term":[{"taxonomy":"product_brand","embeddable":true,"href":"https:\/\/roveyayinevi.com.tr\/index.php\/wp-json\/wp\/v2\/product_brand?post=765700"},{"taxonomy":"product_cat","embeddable":true,"href":"https:\/\/roveyayinevi.com.tr\/index.php\/wp-json\/wp\/v2\/product_cat?post=765700"},{"taxonomy":"product_tag","embeddable":true,"href":"https:\/\/roveyayinevi.com.tr\/index.php\/wp-json\/wp\/v2\/product_tag?post=765700"}],"curies":[{"name":"wp","href":"https:\/\/api.w.org\/{rel}","templated":true}]}}