{"id":765699,"date":"2025-08-28T11:49:00","date_gmt":"2025-08-28T08:49:00","guid":{"rendered":"https:\/\/roveyayinevi.com.tr\/index.php\/urun\/cevreye-karsi-suclar\/"},"modified":"2026-04-15T03:31:33","modified_gmt":"2026-04-15T00:31:33","slug":"cevreye-karsi-suclar","status":"publish","type":"product","link":"https:\/\/roveyayinevi.com.tr\/index.php\/urun\/cevreye-karsi-suclar\/","title":{"rendered":"\u00c7evreye Kar\u015f\u0131 Su\u00e7lar"},"content":{"rendered":"<p>T\u00fcrk Ceza Kanunu&#8217;nda \u00e7evreye kar\u015f\u0131 su\u00e7lar b\u00f6l\u00fcm\u00fc \u00fc\u00e7 su\u00e7 tipinden olu\u015fmaktad\u0131r. \u00c7evrenin kasten ve taksirle kirletilmesi su\u00e7u, \u00e7evre mevzuat\u0131n\u0131n karma\u015f\u0131k ve konunun teknik boyutlar\u0131 olmas\u0131 nedeniyle hukuk kadar \u00e7evre m\u00fchendisli\u011fi bilgisi de gerektirmektedir.Yarg\u0131tay, 2015 y\u0131l\u0131ndan itibaren su\u00e7 tipini a\u00e7\u0131k, anla\u015f\u0131l\u0131r, \u00f6ng\u00f6r\u00fclebilir kurallara ba\u011flam\u0131\u015ft\u0131r. Yarg\u0131tay kararlar\u0131n\u0131n hukuk kamuoyunda yeterince anla\u015f\u0131lamad\u0131\u011f\u0131n\u0131, a\u00e7\u0131lan davalardan, verilen kararlardan g\u00f6zlemlemek m\u00fcmk\u00fcnd\u00fcr. Su\u00e7 tipine ili\u015fkin yaz\u0131lan makale ve kitap say\u0131s\u0131 bir elin parmaklar\u0131n\u0131 ge\u00e7memektedir. Yaz\u0131lar\u0131n bir k\u0131sm\u0131 da kitab\u0131n yazar\u0131na aittir.G\u00fcr\u00fclt\u00fcye neden olma ve imar kirlili\u011fine neden olma su\u00e7lar\u0131 da en az \u00e7evrenin kasten ve taksirle kirletilmesi su\u00e7u kadar karma\u015f\u0131k ve tekniktir. Kitapta, su\u00e7 tipi, her hukuk\u00e7unun anlayaca\u011f\u0131 sadelikte a\u00e7\u0131klanm\u0131\u015f, hukuki ilkelere ve istisnalar\u0131na yer verilmi\u015f, uygulamada kar\u015f\u0131la\u015f\u0131lan sorunlar ve \u00e7\u00f6z\u00fcm yollar\u0131 g\u00f6sterilmi\u015f, davan\u0131n taraflar\u0131n\u0131n hak ve y\u00fck\u00fcml\u00fcl\u00fcklerine de\u011finilmi\u015f, a\u00e7\u0131klamalar Yarg\u0131tay kararlar\u0131yla \u00f6rneklendirilmi\u015ftir.Elinizdeki kitap, her \u00fc\u00e7 su\u00e7 tipinde hukuk\u00e7ular\u0131n ve bilirki\u015filerin, uyu\u015fmazl\u0131\u011f\u0131n neresine odaklanmas\u0131 gerekti\u011fini, yard\u0131mc\u0131 mevzuat\u0131n nas\u0131l kullan\u0131laca\u011f\u0131n\u0131, ispat ve savunma y\u00f6ntemleri ile tart\u0131\u015fmal\u0131 alanlar\u0131n neler oldu\u011funuYarg\u0131tay kararlar\u0131 \u0131\u015f\u0131\u011f\u0131nda g\u00f6steren temel bir eserdir.<\/p>\n","protected":false},"excerpt":{"rendered":"<p>T\u00fcrk Ceza Kanunu&#8217;nda \u00e7evreye kar\u015f\u0131 su\u00e7lar b\u00f6l\u00fcm\u00fc \u00fc\u00e7 su\u00e7 tipinden olu\u015fmaktad\u0131r. \u00c7evrenin kasten ve taksirle kirletilmesi su\u00e7u, \u00e7evre mevzuat\u0131n\u0131n karma\u015f\u0131k ve konunun teknik boyutlar\u0131 olmas\u0131 nedeniyle<span class=\"excerpt-hellip\"> [\u2026]<\/span><\/p>\n","protected":false},"featured_media":0,"template":"","meta":{"_monsterinsights_skip_tracking":false,"_monsterinsights_sitenote_active":false,"_monsterinsights_sitenote_note":"","_monsterinsights_sitenote_category":0},"product_brand":[],"product_cat":[15350,17602],"product_tag":[],"class_list":{"0":"post-765699","1":"product","2":"type-product","3":"status-publish","5":"product_cat-hukuk","6":"product_cat-hukuk-uzerine","7":"pa_cilt-ciltsiz","8":"pa_tur-kitap","9":"pa_yayinevi-hukuk-yayinlari","10":"pa_yazar-cengiz-otaci","12":"first","13":"instock","14":"sale","15":"shipping-taxable","16":"purchasable","17":"product-type-simple"},"_links":{"self":[{"href":"https:\/\/roveyayinevi.com.tr\/index.php\/wp-json\/wp\/v2\/product\/765699","targetHints":{"allow":["GET"]}}],"collection":[{"href":"https:\/\/roveyayinevi.com.tr\/index.php\/wp-json\/wp\/v2\/product"}],"about":[{"href":"https:\/\/roveyayinevi.com.tr\/index.php\/wp-json\/wp\/v2\/types\/product"}],"wp:attachment":[{"href":"https:\/\/roveyayinevi.com.tr\/index.php\/wp-json\/wp\/v2\/media?parent=765699"}],"wp:term":[{"taxonomy":"product_brand","embeddable":true,"href":"https:\/\/roveyayinevi.com.tr\/index.php\/wp-json\/wp\/v2\/product_brand?post=765699"},{"taxonomy":"product_cat","embeddable":true,"href":"https:\/\/roveyayinevi.com.tr\/index.php\/wp-json\/wp\/v2\/product_cat?post=765699"},{"taxonomy":"product_tag","embeddable":true,"href":"https:\/\/roveyayinevi.com.tr\/index.php\/wp-json\/wp\/v2\/product_tag?post=765699"}],"curies":[{"name":"wp","href":"https:\/\/api.w.org\/{rel}","templated":true}]}}