{"id":765696,"date":"2025-08-28T11:48:57","date_gmt":"2025-08-28T08:48:57","guid":{"rendered":"https:\/\/roveyayinevi.com.tr\/index.php\/urun\/hukuk-sozlugu-ingilizce-turkce\/"},"modified":"2025-11-21T11:01:00","modified_gmt":"2025-11-21T08:01:00","slug":"hukuk-sozlugu-ingilizce-turkce","status":"publish","type":"product","link":"https:\/\/roveyayinevi.com.tr\/index.php\/urun\/hukuk-sozlugu-ingilizce-turkce\/","title":{"rendered":"Hukuk S\u00f6zl\u00fc\u011f\u00fc (\u0130ngilizce-T\u00fcrk\u00e7e)"},"content":{"rendered":"<p>1990 y\u0131l\u0131nda Ankara Hukuk Fak\u00fcltesi&#8217;nden mezun olmu\u015ftur.2008 y\u0131l\u0131nda Gazi \u00dcniversitesi Sosyal Bilimler Enstit\u00fcs\u00fc&#8217;nde \u00f6zel hukuk alan\u0131nda doktora \u00e7al\u0131\u015fmas\u0131n\u0131 tamamlam\u0131\u015ft\u0131r. Serbest avukatl\u0131k ve ticaret hukuku alan\u0131nda \u00f6\u011fretim \u00fcyeli\u011fi yapm\u0131\u015ft\u0131r. \u0130yi d\u00fczeyde \u0130ngilizce ve \u0130talyanca, orta d\u00fczeyde Frans\u0131zca ve Almanca bilmektedir. Rus\u00e7a ve Yunanca dillerini incelemi\u015ftir. Ticaret hukuku ve milletleraras\u0131 \u00f6zel hukuk alanlar\u0131nda yaz\u0131lm\u0131\u015f makaleleri ve \u015firket birle\u015fmelerine ili\u015fkin bir monografik eseri bulunmaktad\u0131r.<\/p>\n","protected":false},"excerpt":{"rendered":"<p>1990 y\u0131l\u0131nda Ankara Hukuk Fak\u00fcltesi&#8217;nden mezun olmu\u015ftur.2008 y\u0131l\u0131nda Gazi \u00dcniversitesi Sosyal Bilimler Enstit\u00fcs\u00fc&#8217;nde \u00f6zel hukuk alan\u0131nda doktora \u00e7al\u0131\u015fmas\u0131n\u0131 tamamlam\u0131\u015ft\u0131r. Serbest avukatl\u0131k ve ticaret hukuku alan\u0131nda \u00f6\u011fretim<span class=\"excerpt-hellip\"> [\u2026]<\/span><\/p>\n","protected":false},"featured_media":0,"template":"","meta":{"_monsterinsights_skip_tracking":false,"_monsterinsights_sitenote_active":false,"_monsterinsights_sitenote_note":"","_monsterinsights_sitenote_category":0},"product_brand":[],"product_cat":[12566,13611],"product_tag":[],"class_list":{"0":"post-765696","1":"product","2":"type-product","3":"status-publish","5":"product_cat-egitim","6":"product_cat-sozlukler-ve-konusma-kilavuzlari","7":"pa_cilt-ciltsiz","8":"pa_tur-kitap","9":"pa_yayinevi-hukuk-yayinlari","10":"pa_yazar-husnu-turanli","12":"first","13":"instock","14":"sale","15":"shipping-taxable","16":"purchasable","17":"product-type-simple"},"_links":{"self":[{"href":"https:\/\/roveyayinevi.com.tr\/index.php\/wp-json\/wp\/v2\/product\/765696","targetHints":{"allow":["GET"]}}],"collection":[{"href":"https:\/\/roveyayinevi.com.tr\/index.php\/wp-json\/wp\/v2\/product"}],"about":[{"href":"https:\/\/roveyayinevi.com.tr\/index.php\/wp-json\/wp\/v2\/types\/product"}],"wp:attachment":[{"href":"https:\/\/roveyayinevi.com.tr\/index.php\/wp-json\/wp\/v2\/media?parent=765696"}],"wp:term":[{"taxonomy":"product_brand","embeddable":true,"href":"https:\/\/roveyayinevi.com.tr\/index.php\/wp-json\/wp\/v2\/product_brand?post=765696"},{"taxonomy":"product_cat","embeddable":true,"href":"https:\/\/roveyayinevi.com.tr\/index.php\/wp-json\/wp\/v2\/product_cat?post=765696"},{"taxonomy":"product_tag","embeddable":true,"href":"https:\/\/roveyayinevi.com.tr\/index.php\/wp-json\/wp\/v2\/product_tag?post=765696"}],"curies":[{"name":"wp","href":"https:\/\/api.w.org\/{rel}","templated":true}]}}