{"id":765695,"date":"2025-08-28T11:48:56","date_gmt":"2025-08-28T08:48:56","guid":{"rendered":"https:\/\/roveyayinevi.com.tr\/index.php\/urun\/insan-haklari-teorisi-ve-hukuku\/"},"modified":"2026-04-15T03:31:33","modified_gmt":"2026-04-15T00:31:33","slug":"insan-haklari-teorisi-ve-hukuku","status":"publish","type":"product","link":"https:\/\/roveyayinevi.com.tr\/index.php\/urun\/insan-haklari-teorisi-ve-hukuku\/","title":{"rendered":"\u0130nsan Haklar\u0131 Teorisi ve Hukuku"},"content":{"rendered":"<p>Mustafa Erdo\u011fan anayasa teorisi ve hukuku, insan haklar\u0131 ve siyaset teorisi alanlar\u0131nda \u00e7ok say\u0131da eser verdi. T\u00fcrkiye Bilimler Akademisi \u00fcyesi de olan Erdo\u011fan&#8217;\u0131n ba\u015fl\u0131ca eserleri \u015funlard\u0131r: \u00d6zg\u00fcrl\u00fck, Hukuk ve Demokrasi (2018), T\u00fcrk Anayasa Hukuku (2018), Hukuk ve Adalet (2017), Anayasa Hukukuna Giri\u015f (2017), Anayasal Demokrasi (13. b., 2017), T\u00fcrkiye&#8217;de Anayasalar ve Siyaset (9. b., 2016), \u0130nsan Haklar\u0131: Teorisi ve Hukuku (4. b., 2014), Ayd\u0131nlanma, Modernlik ve Liberalizm (2006), Demokrasi, L\u00e2iklik ve Resmi \u0130deoloji (2. b., 2000).\u0130nsan Haklar\u0131: Teorisi ve Hukuku adl\u0131 bu eserde yazar bilinen genel \u00f6zg\u00fcrl\u00fck\u00e7\u00fc yakla\u015f\u0131m\u0131n\u0131 korumaktad\u0131r. Bu dar anlamda bir hukuk kitab\u0131 olmay\u0131p, insan haklar\u0131 meselesini felsefi-ahl\u00e2ki perspektifle hukuki analizi birle\u015ftiren bir yakla\u015f\u0131mla ele alan bir eserdir. Ancak, felsefi yakla\u015f\u0131m hukuki analizi g\u00f6lgede b\u0131rakmak yerine, ona yol g\u00f6stermekte ve kitab\u0131n fikri tutarl\u0131\u011f\u0131n\u0131 g\u00fc\u00e7lendirmektedir. Bu nedenle kitap konuya felsefi ilgi duyanlar yan\u0131nda, ba\u015fta \u00f6\u011frenciler ve ara\u015ft\u0131rmac\u0131lar olmak \u00fczere &#8220;insan haklar\u0131 hukuku&#8221; \u00e7al\u0131\u015fan ilgili herkes i\u00e7in vazge\u00e7ilmez bir kaynak \u00f6zelli\u011fi ta\u015f\u0131maktad\u0131r&#8230;<\/p>\n","protected":false},"excerpt":{"rendered":"<p>Mustafa Erdo\u011fan anayasa teorisi ve hukuku, insan haklar\u0131 ve siyaset teorisi alanlar\u0131nda \u00e7ok say\u0131da eser verdi. T\u00fcrkiye Bilimler Akademisi \u00fcyesi de olan Erdo\u011fan&#8217;\u0131n ba\u015fl\u0131ca eserleri \u015funlard\u0131r:<span class=\"excerpt-hellip\"> [\u2026]<\/span><\/p>\n","protected":false},"featured_media":0,"template":"","meta":{"_monsterinsights_skip_tracking":false,"_monsterinsights_sitenote_active":false,"_monsterinsights_sitenote_note":"","_monsterinsights_sitenote_category":0},"product_brand":[],"product_cat":[15350,17602],"product_tag":[],"class_list":{"0":"post-765695","1":"product","2":"type-product","3":"status-publish","5":"product_cat-hukuk","6":"product_cat-hukuk-uzerine","7":"pa_cilt-ciltsiz","8":"pa_tur-kitap","9":"pa_yayinevi-hukuk-yayinlari","10":"pa_yazar-mustafa-erdogan","12":"first","13":"instock","14":"sale","15":"shipping-taxable","16":"purchasable","17":"product-type-simple"},"_links":{"self":[{"href":"https:\/\/roveyayinevi.com.tr\/index.php\/wp-json\/wp\/v2\/product\/765695","targetHints":{"allow":["GET"]}}],"collection":[{"href":"https:\/\/roveyayinevi.com.tr\/index.php\/wp-json\/wp\/v2\/product"}],"about":[{"href":"https:\/\/roveyayinevi.com.tr\/index.php\/wp-json\/wp\/v2\/types\/product"}],"wp:attachment":[{"href":"https:\/\/roveyayinevi.com.tr\/index.php\/wp-json\/wp\/v2\/media?parent=765695"}],"wp:term":[{"taxonomy":"product_brand","embeddable":true,"href":"https:\/\/roveyayinevi.com.tr\/index.php\/wp-json\/wp\/v2\/product_brand?post=765695"},{"taxonomy":"product_cat","embeddable":true,"href":"https:\/\/roveyayinevi.com.tr\/index.php\/wp-json\/wp\/v2\/product_cat?post=765695"},{"taxonomy":"product_tag","embeddable":true,"href":"https:\/\/roveyayinevi.com.tr\/index.php\/wp-json\/wp\/v2\/product_tag?post=765695"}],"curies":[{"name":"wp","href":"https:\/\/api.w.org\/{rel}","templated":true}]}}