{"id":765694,"date":"2025-08-28T11:48:54","date_gmt":"2025-08-28T08:48:54","guid":{"rendered":"https:\/\/roveyayinevi.com.tr\/index.php\/urun\/ozgurluk-ve-hukuk\/"},"modified":"2026-04-15T03:31:33","modified_gmt":"2026-04-15T00:31:33","slug":"ozgurluk-ve-hukuk","status":"publish","type":"product","link":"https:\/\/roveyayinevi.com.tr\/index.php\/urun\/ozgurluk-ve-hukuk\/","title":{"rendered":"\u00d6zg\u00fcrl\u00fck ve Hukuk"},"content":{"rendered":"<p>B\u00fcy\u00fck \u0130talyan hukuk\u00e7u ve d\u00fc\u015f\u00fcn\u00fcr Bruno Leoni \u00d6zg\u00fcrl\u00fck ve Hukuk adl\u0131 bu ba\u015f eserinde sivil dinamiklerden t\u00fcreyen, kendili\u011finden geli\u015fmeye dayal\u0131 evrimci hukuk g\u00f6r\u00fc\u015f\u00fcn\u00fcn \u00f6zg\u00fcrl\u00fck idealiyle en iyi ba\u011fda\u015fan hukuk paradigmas\u0131 oldu\u011funu, hem kavramsal hem de tarihsel kan\u0131tlar\u0131yla ayr\u0131nt\u0131l\u0131 bir \u015fekilde ortaya koymaktad\u0131r. Ar\u0131ca, bu kitab\u0131 okuyanlar sadece hukuk de\u011fil ayn\u0131 zamanda liberalizm de \u00f6\u011frenmi\u015f olacaklard\u0131r. \u00d6zg\u00fcrl\u00fck ve Hukuk&#8217;un T\u00fcrkiye&#8217;deki hukuk anlay\u0131\u015f\u0131n\u0131n \u00f6zg\u00fcrl\u00fck\u00e7\u00fc y\u00f6nde de\u011fi\u015fmesine de katk\u0131 yapmas\u0131 umulur.<\/p>\n","protected":false},"excerpt":{"rendered":"<p>B\u00fcy\u00fck \u0130talyan hukuk\u00e7u ve d\u00fc\u015f\u00fcn\u00fcr Bruno Leoni \u00d6zg\u00fcrl\u00fck ve Hukuk adl\u0131 bu ba\u015f eserinde sivil dinamiklerden t\u00fcreyen, kendili\u011finden geli\u015fmeye dayal\u0131 evrimci hukuk g\u00f6r\u00fc\u015f\u00fcn\u00fcn \u00f6zg\u00fcrl\u00fck idealiyle en<span class=\"excerpt-hellip\"> [\u2026]<\/span><\/p>\n","protected":false},"featured_media":0,"template":"","meta":{"_monsterinsights_skip_tracking":false,"_monsterinsights_sitenote_active":false,"_monsterinsights_sitenote_note":"","_monsterinsights_sitenote_category":0},"product_brand":[],"product_cat":[15350],"product_tag":[],"class_list":{"0":"post-765694","1":"product","2":"type-product","3":"status-publish","5":"product_cat-hukuk","6":"pa_cilt-ciltsiz","7":"pa_tur-kitap","8":"pa_yayinevi-hukuk-yayinlari","9":"pa_yazar-bruno-leoni","11":"first","12":"instock","13":"sale","14":"shipping-taxable","15":"purchasable","16":"product-type-simple"},"_links":{"self":[{"href":"https:\/\/roveyayinevi.com.tr\/index.php\/wp-json\/wp\/v2\/product\/765694","targetHints":{"allow":["GET"]}}],"collection":[{"href":"https:\/\/roveyayinevi.com.tr\/index.php\/wp-json\/wp\/v2\/product"}],"about":[{"href":"https:\/\/roveyayinevi.com.tr\/index.php\/wp-json\/wp\/v2\/types\/product"}],"wp:attachment":[{"href":"https:\/\/roveyayinevi.com.tr\/index.php\/wp-json\/wp\/v2\/media?parent=765694"}],"wp:term":[{"taxonomy":"product_brand","embeddable":true,"href":"https:\/\/roveyayinevi.com.tr\/index.php\/wp-json\/wp\/v2\/product_brand?post=765694"},{"taxonomy":"product_cat","embeddable":true,"href":"https:\/\/roveyayinevi.com.tr\/index.php\/wp-json\/wp\/v2\/product_cat?post=765694"},{"taxonomy":"product_tag","embeddable":true,"href":"https:\/\/roveyayinevi.com.tr\/index.php\/wp-json\/wp\/v2\/product_tag?post=765694"}],"curies":[{"name":"wp","href":"https:\/\/api.w.org\/{rel}","templated":true}]}}