{"id":765692,"date":"2025-08-28T11:48:52","date_gmt":"2025-08-28T08:48:52","guid":{"rendered":"https:\/\/roveyayinevi.com.tr\/index.php\/urun\/turk-anayasa-hukuku-2\/"},"modified":"2026-04-15T03:31:33","modified_gmt":"2026-04-15T00:31:33","slug":"turk-anayasa-hukuku-2","status":"publish","type":"product","link":"https:\/\/roveyayinevi.com.tr\/index.php\/urun\/turk-anayasa-hukuku-2\/","title":{"rendered":"T\u00fcrk Anayasa Hukuku"},"content":{"rendered":"<p>T\u00fcrk Anayasa Hukuku, 2017 y\u0131l\u0131ndayap\u0131lan anayasal de\u011fi\u015fikliklerle ba\u015fkanl\u0131k modelini esas alan Cumhurba\u015fkanl\u0131\u011f\u0131 H\u00fck\u00fcmet Modeli&#8217;nin y\u00fcr\u00fcrl\u00fc\u011fe girmesi nedeniyle Anayasa Hukuku m\u00fcfredat\u0131n\u0131n yenilenmesi ihtiyac\u0131na cevap vermeyi hedeflemektedir. T\u00fcrk Anayasa Hukuku kitab\u0131, anayasa hukuku dersini tek d\u00f6nemde veren okullardaki \u00f6\u011frencilerin ihtiyac\u0131n\u0131 kar\u015f\u0131lamak, bu alanda bilgi edinmek isteyenlerin taleplerine kar\u015f\u0131l\u0131k vermek ve s\u00fcrekli de\u011fi\u015fen mevzuat\u0131 takip ederek T\u00fcrk Anayasa Hukuku ders kitab\u0131n\u0131 g\u00fcncel tutmak suretiyle e\u011fitim-\u00f6\u011fretimin kalitesini art\u0131rmaya katk\u0131da bulunmay\u0131 ama\u00e7lamaktad\u0131r. Bu kitap hukuk fak\u00fcltelerinin yan\u0131 s\u0131ra siyasal bilgiler ve iktisadi ve idari bilimler fak\u00fcltelerinin iktisat, maliye, i\u015fletme, \u00e7al\u0131\u015fma ekonomisi ve uluslararas\u0131 ili\u015fkiler gibi b\u00f6l\u00fcmlerinde ve Adalet Meslek Y\u00fcksekokulu ve di\u011fer meslek y\u00fcksekokullar\u0131nda e\u011fitim g\u00f6ren \u00f6\u011frencilerin bu alandaki ihtiya\u00e7lar\u0131n\u0131 kar\u015f\u0131layacak bir i\u00e7eri\u011fe sahip bulunmaktad\u0131r.T\u00fcrk Anayasa Hukuku kitabi T\u00fcrkiye&#8217;nin anayasal sisteminin &#8220;a\u011fyar\u0131na mani efrad\u0131na cami&#8221; olacak bi\u00e7imde a\u00e7\u0131klanmas\u0131n\u0131 ama\u00e7lamaktad\u0131r. Kitab\u0131n genelinde pozitif hukuk boyutuna daha fazla a\u011f\u0131rl\u0131k verilmekle birlikte anayasal kurum, kural ve ilkelerin \u015fekillenmesinde etkili olan sosyal, siyasal ve ekonomik fakt\u00f6rler de \u00f6z bir bi\u00e7imde ele al\u0131nm\u0131\u015ft\u0131r. Kitap 2018 y\u0131l\u0131nda y\u00fcr\u00fcrl\u00fc\u011fe giren anayasa de\u011fi\u015fikli\u011fi, TBMM \u0130\u00e7t\u00fcz\u00fc\u011f\u00fc de\u011fi\u015fikli\u011fi, Anayasa de\u011fi\u015fikli\u011finin di\u011fer mevzuata yans\u0131mas\u0131 i\u00e7in \u00e7\u0131kar\u0131lan Cumhurba\u015fkanl\u0131\u011f\u0131 Kararnameleri ve Genelgelerini ve mevzuattaki di\u011fer de\u011fi\u015fikliklerin m\u00fcfredata yans\u0131t\u0131lmas\u0131n\u0131 ve 1982 Anayasas\u0131&#8217;n\u0131n t\u00fcm boyutlar\u0131yla ele al\u0131nmas\u0131n\u0131 hedeflemektedir. Bu nedenle anayasal geli\u015fmeler tarihi arkaplan\u0131n anlat\u0131m\u0131yla s\u0131n\u0131rl\u0131 tutulmu\u015f ve 1982 Anayasas\u0131 ile daha \u00f6nceki anayasalar\u0131n (\u00f6zellikle 1961 Anayasas\u0131&#8217;n\u0131n) kar\u015f\u0131la\u015ft\u0131r\u0131lmas\u0131 yap\u0131lmam\u0131\u015ft\u0131r. T\u00fcrk Anayasa Hukuku kitabi \u00f6n d\u00f6rt b\u00f6l\u00fcmden olu\u015fmaktad\u0131r. \u0130lk b\u00f6l\u00fcmde anayasa hukukuyla ilgili temel kavramlar, ikinci b\u00f6l\u00fcmde ise anayasal geli\u015fmeler ele al\u0131nmaktad\u0131r. \u00dc\u00e7\u00fcnc\u00fc b\u00f6l\u00fcm 1982 Anayasas\u0131n\u0131n olu\u015fumunu ve baz\u0131 ba\u015flang\u0131\u00e7 ilkelerini i\u00e7ermektedir. Demokratik devlet ilkesi, hukuk devleti ilkesi ve laik devlet ilkesi temel anayasalar ilkeler olarak \u00fc\u00e7 ayr\u0131 b\u00f6l\u00fcmde incelenmektedir. Temel hak ve h\u00fcrriyetlerin anlat\u0131ld\u0131\u011f\u0131 yedinci b\u00f6l\u00fcm\u00fc yasama fonksiyonu ve i\u015flemleri, yasama organ\u0131, y\u00fcr\u00fctme organ\u0131 ve i\u015flemleri, yarg\u0131 organ\u0131, Anayasa Mahkemesi, Anayasa yarg\u0131s\u0131 ve Anayasan\u0131n de\u011fi\u015ftirilmesi izlemektedir. . Anayasa hukuku ile ilgili temel kavramlar (Anayasalar\u0131n i\u00e7eri\u011fi, s\u0131n\u0131fland\u0131r\u0131lmas\u0131, anayasan\u0131n \u00fcst\u00fcnl\u00fc\u011f\u00fc kural\u0131, anayasa yap\u0131m y\u00f6ntemleri, anayasa hukukunda yorum ve devlet ve h\u00fck\u00fcmet sistemleri). Anayasal geli\u015fmeler (Sened-i \u0130ttifak, Tanzimat ve Islahat fermanlar\u0131, Kanun-u esasiler, 1921 anayasas\u0131, 1924 Anayasas\u0131 ve 1961 Anayasas\u0131). 1982 Anayasas\u0131n\u0131n temel \u00f6zellikleri ve ba\u015flang\u0131\u00e7 ilkeleri. Demokratik devlet ilkesi, hukuk devleti ilkesi ve laik devlet ilkesi. Temel hak ve h\u00fcrriyetler. Yasama fonksiyonu ve i\u015flemleri ve Yasama Organ\u0131. Y\u00fcr\u00fctme Organ\u0131 ve i\u015flemleri. Yarg\u0131 Organ\u0131, Anayasa Mahkemesi ve Anayasa yarg\u0131s\u0131. Anayasan\u0131n de\u011fi\u015ftirilmesi<\/p>\n","protected":false},"excerpt":{"rendered":"<p>T\u00fcrk Anayasa Hukuku, 2017 y\u0131l\u0131ndayap\u0131lan anayasal de\u011fi\u015fikliklerle ba\u015fkanl\u0131k modelini esas alan Cumhurba\u015fkanl\u0131\u011f\u0131 H\u00fck\u00fcmet Modeli&#8217;nin y\u00fcr\u00fcrl\u00fc\u011fe girmesi nedeniyle Anayasa Hukuku m\u00fcfredat\u0131n\u0131n yenilenmesi ihtiyac\u0131na cevap vermeyi hedeflemektedir. T\u00fcrk<span class=\"excerpt-hellip\"> [\u2026]<\/span><\/p>\n","protected":false},"featured_media":0,"template":"","meta":{"_monsterinsights_skip_tracking":false,"_monsterinsights_sitenote_active":false,"_monsterinsights_sitenote_note":"","_monsterinsights_sitenote_category":0},"product_brand":[],"product_cat":[15350,17602],"product_tag":[],"class_list":{"0":"post-765692","1":"product","2":"type-product","3":"status-publish","5":"product_cat-hukuk","6":"product_cat-hukuk-uzerine","7":"pa_cilt-ciltsiz","8":"pa_tur-kitap","9":"pa_yayinevi-hukuk-yayinlari","10":"pa_yazar-istiklal-yasar-vural","12":"first","13":"instock","14":"sale","15":"shipping-taxable","16":"purchasable","17":"product-type-simple"},"_links":{"self":[{"href":"https:\/\/roveyayinevi.com.tr\/index.php\/wp-json\/wp\/v2\/product\/765692","targetHints":{"allow":["GET"]}}],"collection":[{"href":"https:\/\/roveyayinevi.com.tr\/index.php\/wp-json\/wp\/v2\/product"}],"about":[{"href":"https:\/\/roveyayinevi.com.tr\/index.php\/wp-json\/wp\/v2\/types\/product"}],"wp:attachment":[{"href":"https:\/\/roveyayinevi.com.tr\/index.php\/wp-json\/wp\/v2\/media?parent=765692"}],"wp:term":[{"taxonomy":"product_brand","embeddable":true,"href":"https:\/\/roveyayinevi.com.tr\/index.php\/wp-json\/wp\/v2\/product_brand?post=765692"},{"taxonomy":"product_cat","embeddable":true,"href":"https:\/\/roveyayinevi.com.tr\/index.php\/wp-json\/wp\/v2\/product_cat?post=765692"},{"taxonomy":"product_tag","embeddable":true,"href":"https:\/\/roveyayinevi.com.tr\/index.php\/wp-json\/wp\/v2\/product_tag?post=765692"}],"curies":[{"name":"wp","href":"https:\/\/api.w.org\/{rel}","templated":true}]}}