{"id":765691,"date":"2025-08-28T11:48:51","date_gmt":"2025-08-28T08:48:51","guid":{"rendered":"https:\/\/roveyayinevi.com.tr\/index.php\/urun\/turk-anayasa-hukuku\/"},"modified":"2026-04-15T03:31:33","modified_gmt":"2026-04-15T00:31:33","slug":"turk-anayasa-hukuku","status":"publish","type":"product","link":"https:\/\/roveyayinevi.com.tr\/index.php\/urun\/turk-anayasa-hukuku\/","title":{"rendered":"T\u00fcrk Anayasa Hukuku"},"content":{"rendered":"<p>Hukuk ve Adalet (2017), Anayasa Hukukuna Giri\u015f (2017), Anayasal Demokrasi (13. b., 2017), T\u00fcrkiye&#8217;de Anayasalar ve Siyaset (9. b., 2016), \u0130nsan Haklar\u0131: Teorisi ve Hukuku (4. b., 2014); \u00d6zg\u00fcrl\u00fck Perspektifinden Hukuk ve Demokrasi (2013); Anayasa Hukuku (7. b., 2012), Ayd\u0131nlanma, Modernlik ve Liberalizm (2006); Anayasa ve \u00d6zg\u00fcrl\u00fck (2002); Demokrasi, Laiklik, Resmi \u0130deoloji (2. b., 2000); Liberal Toplum, Liberal Siyaset (2. b., 1998); Anayasac\u0131l\u0131k, Parlamentarizm, Sil\u00e2hl\u0131 Kuvvetler (1993).&#8221;T\u00fcrk Anayasa Hukuku&#8221; daha \u00f6nce yay\u0131mlanan &#8221;Anayasa Hukukuna Giri\u015f: Genel Esaslar&#8221; kitab\u0131m\u0131n tamamlay\u0131c\u0131s\u0131d\u0131r. Bu kitab\u0131n \u00f6ncelikli muhatab\u0131 hukuk ve siyasal bilimler \u00f6\u011frencileri ile hukuk uygulay\u0131c\u0131lar\u0131 olmakla beraber, konuya ilgi duyan herkesin okuyup anlayabilece\u011fi bir a\u00e7\u0131kl\u0131kla kaleme al\u0131nm\u0131\u015ft\u0131r. Kitab\u0131n yaz\u0131m\u0131nda i\u00e7inde bulundu\u011fumuz ge\u00e7ici durum ve onunla ilgili belirsizlikler dikkate al\u0131nm\u0131\u015ft\u0131r. Yani, konular\u0131n anlat\u0131m\u0131nda halihaz\u0131rdaki \u015fekl\u00ee-anayasal durum esas al\u0131nm\u0131\u015f olmakla beraber, son Anayasa de\u011fi\u015fikliklerinin t\u00fcm\u00fcyle y\u00fcr\u00fcrl\u00fc\u011fe girmesinden sonraki hukuk\u00ee duruma da yeri geldi\u011fince i\u015faret edilmi\u015ftir.Halihaz\u0131rda T\u00fcrkiye&#8217;de anayasal bir rejimin y\u00fcr\u00fcrl\u00fckte oldu\u011fu s\u00f6ylenemezse de, yazar yine de bu kitab\u0131 bir yandan pedagojik nedenlerle, di\u011fer yandan bu durumun ge\u00e7ici olaca\u011f\u0131 umuduyla yay\u0131mlamay\u0131 uygun g\u00f6rm\u00fc\u015ft\u00fcr. Anayasa i\u00e7inde bulundu\u011fumuz ge\u00e7ici d\u00f6nemde ask\u0131da olsa da T\u00fcrkiye&#8217;nin hal\u00e2 \u00f6\u011fretilmeye de\u011fer bir anayasac\u0131l\u0131k ve kamu hukuku gelene\u011fi var. \u00d6te yandan, hukuk ve siyasal bilimler fak\u00fcltelerinde bu ders hal\u00e2 okutuldu\u011funa g\u00f6re, &#8221;T\u00fcrk Anayasa Hukuku&#8221; ba\u015fl\u0131kl\u0131 ders kitaplar\u0131na olan ihtiya\u00e7 devam etmekte demektir.<\/p>\n","protected":false},"excerpt":{"rendered":"<p>Hukuk ve Adalet (2017), Anayasa Hukukuna Giri\u015f (2017), Anayasal Demokrasi (13. b., 2017), T\u00fcrkiye&#8217;de Anayasalar ve Siyaset (9. b., 2016), \u0130nsan Haklar\u0131: Teorisi ve Hukuku (4.<span class=\"excerpt-hellip\"> [\u2026]<\/span><\/p>\n","protected":false},"featured_media":0,"template":"","meta":{"_monsterinsights_skip_tracking":false,"_monsterinsights_sitenote_active":false,"_monsterinsights_sitenote_note":"","_monsterinsights_sitenote_category":0},"product_brand":[],"product_cat":[15350,17602],"product_tag":[],"class_list":{"0":"post-765691","1":"product","2":"type-product","3":"status-publish","5":"product_cat-hukuk","6":"product_cat-hukuk-uzerine","7":"pa_cilt-ciltsiz","8":"pa_tur-kitap","9":"pa_yayinevi-hukuk-yayinlari","10":"pa_yazar-mustafa-erdogan","12":"first","13":"instock","14":"sale","15":"shipping-taxable","16":"purchasable","17":"product-type-simple"},"_links":{"self":[{"href":"https:\/\/roveyayinevi.com.tr\/index.php\/wp-json\/wp\/v2\/product\/765691","targetHints":{"allow":["GET"]}}],"collection":[{"href":"https:\/\/roveyayinevi.com.tr\/index.php\/wp-json\/wp\/v2\/product"}],"about":[{"href":"https:\/\/roveyayinevi.com.tr\/index.php\/wp-json\/wp\/v2\/types\/product"}],"wp:attachment":[{"href":"https:\/\/roveyayinevi.com.tr\/index.php\/wp-json\/wp\/v2\/media?parent=765691"}],"wp:term":[{"taxonomy":"product_brand","embeddable":true,"href":"https:\/\/roveyayinevi.com.tr\/index.php\/wp-json\/wp\/v2\/product_brand?post=765691"},{"taxonomy":"product_cat","embeddable":true,"href":"https:\/\/roveyayinevi.com.tr\/index.php\/wp-json\/wp\/v2\/product_cat?post=765691"},{"taxonomy":"product_tag","embeddable":true,"href":"https:\/\/roveyayinevi.com.tr\/index.php\/wp-json\/wp\/v2\/product_tag?post=765691"}],"curies":[{"name":"wp","href":"https:\/\/api.w.org\/{rel}","templated":true}]}}