{"id":765690,"date":"2025-08-28T11:48:50","date_gmt":"2025-08-28T08:48:50","guid":{"rendered":"https:\/\/roveyayinevi.com.tr\/index.php\/urun\/turkiyede-anayasalar-ve-siyaset\/"},"modified":"2026-04-15T03:31:33","modified_gmt":"2026-04-15T00:31:33","slug":"turkiyede-anayasalar-ve-siyaset","status":"publish","type":"product","link":"https:\/\/roveyayinevi.com.tr\/index.php\/urun\/turkiyede-anayasalar-ve-siyaset\/","title":{"rendered":"T\u00fcrkiye&#8217;de Anayasalar ve Siyaset"},"content":{"rendered":"<p>G\u00fcncellenmi\u015f ve geni\u015fletilmi\u015f dokuzuncu bask\u0131s\u0131yla elinizde olan T\u00fcrkiye&#8217;de Anayasalar ve Siyaset, ad\u0131ndan da anla\u015f\u0131laca\u011f\u0131 gibi, T\u00fcrkiye&#8217;nin modernle\u015fme d\u00f6nemi anayasa ve siyaset tarihinin k\u0131sa ve ele\u015ftirel bir anlat\u0131m\u0131n\u0131 sunmaktad\u0131r. Bu haliyle kitap T\u00fcrkiye&#8217;de siyas\u00ee modernle\u015fmenin ve demokratikle\u015fmenin -veya demokratikle\u015fememenin-tarihi olarak da okunabilir.Ondokuzuncu y\u00fczy\u0131l ba\u015flar\u0131ndan g\u00fcn\u00fcm\u00fcze uzanan siyas\u00ee-hukuk\u00ee tarihimizin bu hik\u00e2yesinde yazar\u0131n en fazla g\u00f6zetti\u011fi husus tarihsel ger\u00e7e\u011fe sad\u0131k kalmak olmu\u015ftur. \u015eu var ki, burada anlat\u0131lan sadece bir &#8220;hik\u00e2ye&#8221; de\u011fildir; bu, siyaset ve anayasa teorisinin kavramsal-teorik ara\u00e7lar\u0131n\u0131n k\u0131lavuzlu\u011funda y\u00fcr\u00fcyen, T\u00fcrkiye siyasetinin ele\u015ftirel ve analitik bir hik\u00e2yesidir. Umulur ki, bu eserde okuyucu T\u00fcrkiye&#8217;nin \u00f6zg\u00fcrl\u00fck ve demokrasi aray\u0131\u015f\u0131n\u0131 \u00e7\u0131kmaza sokan nedenlerle ilgili pek \u00e7ok ipucunu da bulacakt\u0131r.T\u00fcrkiye&#8217;de Anayasalar ve Siyaset hem genel okuyucuya, hem de hukuk ve sosyal bilimler okuyan \u00fcniversite \u00f6\u011frencilerine hitap etmektedir. Kitap \u00f6zellikle &#8220;T\u00fcrk Hukuk Tarihi&#8221;, &#8220;T\u00fcrkiye&#8217;de Anayasac\u0131l\u0131\u011f\u0131n Geli\u015fimi&#8221; ve &#8220;T\u00fcrk Siyas\u00ee Hayat\u0131&#8221; dersleri i\u00e7in ideal bir ba\u015fvuru kayna\u011f\u0131 niteli\u011findedir.<\/p>\n","protected":false},"excerpt":{"rendered":"<p>G\u00fcncellenmi\u015f ve geni\u015fletilmi\u015f dokuzuncu bask\u0131s\u0131yla elinizde olan T\u00fcrkiye&#8217;de Anayasalar ve Siyaset, ad\u0131ndan da anla\u015f\u0131laca\u011f\u0131 gibi, T\u00fcrkiye&#8217;nin modernle\u015fme d\u00f6nemi anayasa ve siyaset tarihinin k\u0131sa ve ele\u015ftirel bir<span class=\"excerpt-hellip\"> [\u2026]<\/span><\/p>\n","protected":false},"featured_media":0,"template":"","meta":{"_monsterinsights_skip_tracking":false,"_monsterinsights_sitenote_active":false,"_monsterinsights_sitenote_note":"","_monsterinsights_sitenote_category":0},"product_brand":[],"product_cat":[15350,17602],"product_tag":[],"class_list":{"0":"post-765690","1":"product","2":"type-product","3":"status-publish","5":"product_cat-hukuk","6":"product_cat-hukuk-uzerine","7":"pa_cilt-ciltsiz","8":"pa_tur-kitap","9":"pa_yayinevi-hukuk-yayinlari","10":"pa_yazar-mustafa-erdogan","12":"first","13":"instock","14":"sale","15":"shipping-taxable","16":"purchasable","17":"product-type-simple"},"_links":{"self":[{"href":"https:\/\/roveyayinevi.com.tr\/index.php\/wp-json\/wp\/v2\/product\/765690","targetHints":{"allow":["GET"]}}],"collection":[{"href":"https:\/\/roveyayinevi.com.tr\/index.php\/wp-json\/wp\/v2\/product"}],"about":[{"href":"https:\/\/roveyayinevi.com.tr\/index.php\/wp-json\/wp\/v2\/types\/product"}],"wp:attachment":[{"href":"https:\/\/roveyayinevi.com.tr\/index.php\/wp-json\/wp\/v2\/media?parent=765690"}],"wp:term":[{"taxonomy":"product_brand","embeddable":true,"href":"https:\/\/roveyayinevi.com.tr\/index.php\/wp-json\/wp\/v2\/product_brand?post=765690"},{"taxonomy":"product_cat","embeddable":true,"href":"https:\/\/roveyayinevi.com.tr\/index.php\/wp-json\/wp\/v2\/product_cat?post=765690"},{"taxonomy":"product_tag","embeddable":true,"href":"https:\/\/roveyayinevi.com.tr\/index.php\/wp-json\/wp\/v2\/product_tag?post=765690"}],"curies":[{"name":"wp","href":"https:\/\/api.w.org\/{rel}","templated":true}]}}