{"id":765689,"date":"2025-08-28T11:48:48","date_gmt":"2025-08-28T08:48:48","guid":{"rendered":"https:\/\/roveyayinevi.com.tr\/index.php\/urun\/uluslararasi-hukuk-perspektifinden-self-determinasyon-ve-ayrilma\/"},"modified":"2026-04-15T03:31:33","modified_gmt":"2026-04-15T00:31:33","slug":"uluslararasi-hukuk-perspektifinden-self-determinasyon-ve-ayrilma","status":"publish","type":"product","link":"https:\/\/roveyayinevi.com.tr\/index.php\/urun\/uluslararasi-hukuk-perspektifinden-self-determinasyon-ve-ayrilma\/","title":{"rendered":"Uluslararas\u0131 Hukuk Perspektifinden Self-Determinasyon ve Ayr\u0131lma"},"content":{"rendered":"<p>1980&#8217;larda So\u011fuk Sava\u015f&#8217;\u0131n sona ermesinden bu yana ya\u015fanan k\u00fcreselle\u015fme s\u00fcreciyle birlikte uluslararas\u0131 topplum bir yandan b\u00fct\u00fcnle\u015firken \u00f6te yandan par\u00e7alanarak uflanmaktad\u0131r&#8230; Bu karma\u015f\u0131k s\u00fcre\u00e7te uluslararas\u0131 hukuk sisteminin merkezinde yer alan ulus-devlet, egemenlik ve \u00fclkesel b\u00fct\u00fcnl\u00fck ilkeleri h\u0131zla a\u015f\u0131nmaktad\u0131r. Devleti olmayna haklar, uluslar, az\u0131nl\u0131klar ve d\u011fier birimler devletlerin imrenilen kul\u00fcb\u00fcne girmek i\u00e7in self-determinasyon ve ayr\u0131lma hakk\u0131na sar\u0131lmaktalar ve ter\u00f6rim ve gerilla sava\u015f\u0131 gibi asimetrik y\u00f6ntemlere ba\u015fvurmaktad\u0131rlar&#8230; D\u00fcnyada hali haz\u0131rda 26 tane self-determinasyon ama\u00e7l\u0131 y\u0131k\u0131c\u0131 aktif silahl\u0131 \u00e7at\u015fma ya\u015fanmakta; bu aktif silahl\u0131 \u00e7at\u0131\u015fmalara ilaveten 55 tane de potansiyel m\u00fccadele devam etmektedir. 1988&#8217;den bu yana 32 tane self-deteminasyon sorunu \u00e7\u00f6z\u00fcme kavu\u015fturulmu\u015f olmakla birlikte bunlar\u0131n bir k\u0131sm\u0131 her an patlamaya haz\u0131rd\u0131r. Halen Filistin, Ke\u015fmir, Bat\u0131 sahra, Quebec, KKTC, Kuzey \u0130rlanda , Korsika, G\u00fcney Osetya , Abhazya , Gagavuzya, Trans-Dinyester, Da\u011fl\u0131k Karaba\u011f, Krayina S\u0131rp Cumhuriyeti , Darfur, K\u0131r\u0131m, \u0130sko\u00e7ya, Katalonya ve Kuzey Israk vs. \u00e7\u00f6z\u00fcm beklemektedir.S\u00f6m\u00fcrgecilik sonras\u0131 d\u00f6nemde halklar\u0131n sef-determinasyon hakk\u0131n\u0131 ve bunun en tart\u0131\u015fmal\u0131 uygulama \u015fekli olan ayr\u0131lma konusunu ve devletlerin tan\u0131nmas\u0131 konusunu d\u00fczenleyen mu\u011flak olmayan bir uluslarars\u0131 hukuk \u00e7er\u00e7evesine acil ihtiya\u00e7 vard\u0131; aksi halde bu ilkelerin farkl\u0131 olaylara farkl\u0131 \u015fekilde uygulnams\u0131 silahl\u0131 \u00e7at\u0131\u015fmalar\u0131n , insani felaketlerin ve istikrars\u0131zl\u0131\u011f\u0131n kayna\u011f\u0131 olmaya devam edecektir.<\/p>\n","protected":false},"excerpt":{"rendered":"<p>1980&#8217;larda So\u011fuk Sava\u015f&#8217;\u0131n sona ermesinden bu yana ya\u015fanan k\u00fcreselle\u015fme s\u00fcreciyle birlikte uluslararas\u0131 topplum bir yandan b\u00fct\u00fcnle\u015firken \u00f6te yandan par\u00e7alanarak uflanmaktad\u0131r&#8230; Bu karma\u015f\u0131k s\u00fcre\u00e7te uluslararas\u0131 hukuk sisteminin<span class=\"excerpt-hellip\"> [\u2026]<\/span><\/p>\n","protected":false},"featured_media":0,"template":"","meta":{"_monsterinsights_skip_tracking":false,"_monsterinsights_sitenote_active":false,"_monsterinsights_sitenote_note":"","_monsterinsights_sitenote_category":0},"product_brand":[],"product_cat":[15350,17602],"product_tag":[],"class_list":{"0":"post-765689","1":"product","2":"type-product","3":"status-publish","5":"product_cat-hukuk","6":"product_cat-hukuk-uzerine","7":"pa_cilt-ciltsiz","8":"pa_tur-kitap","9":"pa_yayinevi-hukuk-yayinlari","10":"pa_yazar-fatma-tasdemir","12":"first","13":"instock","14":"sale","15":"shipping-taxable","16":"purchasable","17":"product-type-simple"},"_links":{"self":[{"href":"https:\/\/roveyayinevi.com.tr\/index.php\/wp-json\/wp\/v2\/product\/765689","targetHints":{"allow":["GET"]}}],"collection":[{"href":"https:\/\/roveyayinevi.com.tr\/index.php\/wp-json\/wp\/v2\/product"}],"about":[{"href":"https:\/\/roveyayinevi.com.tr\/index.php\/wp-json\/wp\/v2\/types\/product"}],"wp:attachment":[{"href":"https:\/\/roveyayinevi.com.tr\/index.php\/wp-json\/wp\/v2\/media?parent=765689"}],"wp:term":[{"taxonomy":"product_brand","embeddable":true,"href":"https:\/\/roveyayinevi.com.tr\/index.php\/wp-json\/wp\/v2\/product_brand?post=765689"},{"taxonomy":"product_cat","embeddable":true,"href":"https:\/\/roveyayinevi.com.tr\/index.php\/wp-json\/wp\/v2\/product_cat?post=765689"},{"taxonomy":"product_tag","embeddable":true,"href":"https:\/\/roveyayinevi.com.tr\/index.php\/wp-json\/wp\/v2\/product_tag?post=765689"}],"curies":[{"name":"wp","href":"https:\/\/api.w.org\/{rel}","templated":true}]}}