{"id":765688,"date":"2025-08-28T11:48:47","date_gmt":"2025-08-28T08:48:47","guid":{"rendered":"https:\/\/roveyayinevi.com.tr\/index.php\/urun\/yargi-sisteminin-etkin-isleyisi-ve-ekonomik-buyume\/"},"modified":"2026-04-15T03:31:33","modified_gmt":"2026-04-15T00:31:33","slug":"yargi-sisteminin-etkin-isleyisi-ve-ekonomik-buyume","status":"publish","type":"product","link":"https:\/\/roveyayinevi.com.tr\/index.php\/urun\/yargi-sisteminin-etkin-isleyisi-ve-ekonomik-buyume\/","title":{"rendered":"Yarg\u0131 Sisteminin Etkin \u0130\u015fleyi\u015fi ve Ekonomik B\u00fcy\u00fcme"},"content":{"rendered":"<p>Bu kitap Hukuk ve Ekonomi literat\u00fcr\u00fcne \u00f6nemli \u00f6l\u00e7\u00fcde katk\u0131 sa\u011flayacak, teorik ve ampirik bir \u00e7al\u0131\u015fmay\u0131 i\u00e7ermektedir. Yarg\u0131 Sistemi ve Ekonomik B\u00fcy\u00fcme ili\u015fkisini teorik bir \u00e7er\u00e7evede ortaya koyan bu eser, T\u00fcrkiye ve konu \u00f6zelinde bulgular i\u00e7eren ilk \u00e7al\u0131\u015fmad\u0131r. Yarg\u0131 sisteminin maddi hukuk y\u00f6n\u00fcne ek olarak kurumsal i\u015fleyi\u015fine ve kurumsal etkinli\u011fin b\u00fcy\u00fcme ile ili\u015fkisine dikkat \u00e7eken \u00e7al\u0131\u015fma esas\u0131nda tamamlanm\u0131\u015f bir doktora tezidir. Kitap, hukuk ve ekonomi ili\u015fkisini somut bir \u015fekilde g\u00f6rmek isteyen bu ili\u015fkinin teorik arka plan\u0131n\u0131 anlamak isteyen herkes i\u00e7in olduk\u00e7a a\u00e7\u0131klay\u0131c\u0131d\u0131r. Hukuk ve Ekonomi alan\u0131nda \u00f6zellikle T\u00fcrk\u00e7e kaynaklar\u0131n s\u0131n\u0131rl\u0131 olmas\u0131, yarg\u0131 sisteminin performans etkinli\u011fi ile ekonomik b\u00fcy\u00fcme aras\u0131ndaki ili\u015fkiye de\u011finen \u00e7al\u0131\u015fmalar\u0131n olmay\u0131\u015f\u0131 bu kitab\u0131n yay\u0131nlanmas\u0131ndaki en \u00f6nemli nedenlerdir.Kitapta yarg\u0131 sisteminin \u00f6zellikle performans bak\u0131m\u0131ndan etkin i\u015fleyi\u015finin ekonomik b\u00fcy\u00fcme ile olan nedensellik ili\u015fkisi net olarak ortaya konmakta, yarg\u0131 sisteminin performans etkinli\u011fi yeni bir endeks arac\u0131l\u0131\u011f\u0131 ile \u00f6l\u00e7\u00fclmekte ve ampirik bir b\u00fcy\u00fcme modeli kurulmaktad\u0131r. Piyasa aksakl\u0131klar\u0131 kuram\u0131 ve yeni kurumsal iktisat kuram\u0131 \u00e7er\u00e7evesinde analiz edilen yarg\u0131sal hizmetlerin performans etkinli\u011fi, 1980-2010 d\u00f6nemine ait verilerden faydalanarak T\u00fcrkiye \u00f6zelinde \u00f6l\u00e7\u00fclm\u00fc\u015ft\u00fcr. Yap\u0131lan ekonometrik model arac\u0131l\u0131\u011f\u0131yla yarg\u0131 sisteminin etkinli\u011fi ve ekonomik b\u00fcy\u00fcme aras\u0131nda pozitif ili\u015fki oldu\u011fu bulgusuna ula\u015f\u0131lm\u0131\u015ft\u0131r.<\/p>\n","protected":false},"excerpt":{"rendered":"<p>Bu kitap Hukuk ve Ekonomi literat\u00fcr\u00fcne \u00f6nemli \u00f6l\u00e7\u00fcde katk\u0131 sa\u011flayacak, teorik ve ampirik bir \u00e7al\u0131\u015fmay\u0131 i\u00e7ermektedir. Yarg\u0131 Sistemi ve Ekonomik B\u00fcy\u00fcme ili\u015fkisini teorik bir \u00e7er\u00e7evede ortaya<span class=\"excerpt-hellip\"> [\u2026]<\/span><\/p>\n","protected":false},"featured_media":0,"template":"","meta":{"_monsterinsights_skip_tracking":false,"_monsterinsights_sitenote_active":false,"_monsterinsights_sitenote_note":"","_monsterinsights_sitenote_category":0},"product_brand":[],"product_cat":[15350,17602],"product_tag":[],"class_list":{"0":"post-765688","1":"product","2":"type-product","3":"status-publish","5":"product_cat-hukuk","6":"product_cat-hukuk-uzerine","7":"pa_cilt-ciltsiz","8":"pa_tur-kitap","9":"pa_yayinevi-hukuk-yayinlari","10":"pa_yazar-hande-emin-benli","12":"first","13":"instock","14":"sale","15":"shipping-taxable","16":"purchasable","17":"product-type-simple"},"_links":{"self":[{"href":"https:\/\/roveyayinevi.com.tr\/index.php\/wp-json\/wp\/v2\/product\/765688","targetHints":{"allow":["GET"]}}],"collection":[{"href":"https:\/\/roveyayinevi.com.tr\/index.php\/wp-json\/wp\/v2\/product"}],"about":[{"href":"https:\/\/roveyayinevi.com.tr\/index.php\/wp-json\/wp\/v2\/types\/product"}],"wp:attachment":[{"href":"https:\/\/roveyayinevi.com.tr\/index.php\/wp-json\/wp\/v2\/media?parent=765688"}],"wp:term":[{"taxonomy":"product_brand","embeddable":true,"href":"https:\/\/roveyayinevi.com.tr\/index.php\/wp-json\/wp\/v2\/product_brand?post=765688"},{"taxonomy":"product_cat","embeddable":true,"href":"https:\/\/roveyayinevi.com.tr\/index.php\/wp-json\/wp\/v2\/product_cat?post=765688"},{"taxonomy":"product_tag","embeddable":true,"href":"https:\/\/roveyayinevi.com.tr\/index.php\/wp-json\/wp\/v2\/product_tag?post=765688"}],"curies":[{"name":"wp","href":"https:\/\/api.w.org\/{rel}","templated":true}]}}