{"id":765686,"date":"2025-08-28T11:48:45","date_gmt":"2025-08-28T08:48:45","guid":{"rendered":"https:\/\/roveyayinevi.com.tr\/index.php\/urun\/saglik-hizmetlerinin-hukuki-boyutu\/"},"modified":"2026-04-15T03:31:33","modified_gmt":"2026-04-15T00:31:33","slug":"saglik-hizmetlerinin-hukuki-boyutu","status":"publish","type":"product","link":"https:\/\/roveyayinevi.com.tr\/index.php\/urun\/saglik-hizmetlerinin-hukuki-boyutu\/","title":{"rendered":"Sa\u011fl\u0131k Hizmetlerinin Hukuki Boyutu"},"content":{"rendered":"<p>Sa\u011fl\u0131k hizmetlerinin en \u00f6nemli ve kritik basama\u011f\u0131 olan acil sa\u011fl\u0131k hizmetlerinin, g\u00fcn\u00fcm\u00fcz \u015fartlar\u0131nda t\u0131bbi teknolojilerin ve t\u0131p iliminin gerektirdi\u011fi gibi verilebilmesi pek\u00e7ok dinamizmin birarada aksamadan i\u015flemesiyle m\u00fcmk\u00fcnd\u00fcr. Eskiden sadece hekim ve hem\u015firenin verdi\u011fi bu hizmet, g\u00fcn\u00fcm\u00fczde pek\u00e7ok t\u0131bbi cihaz ve ekipmanlar\u0131n yan\u0131s\u0131ra, yeni geli\u015fen pek\u00e7ok yeni meslek grubuyla beraber verilmekte, konsultasyon hizmetleride gerekti\u011finde di\u011fer t\u0131bbi bran\u015flar\u0131nda sorumlulu\u011fu s\u00f6z konusu olabilmektedir.\u0130yi bir acil sa\u011fl\u0131k hizmetinden bahsedebilmek i\u00e7in, hastan\u0131n \u015fikayetinin ba\u015flad\u0131\u011f\u0131 andan itibaren, tedavisinin sonlanmas\u0131na kadar ge\u00e7en t\u00fcm basamaklar\u0131n hi\u00e7 eksiksiz ve modern t\u0131p ilminin gerektirdi\u011fi \u015fekilde olmas\u0131 gerekmektedir. T\u00fcm bu \u015fartlar g\u00f6z\u00fcn\u00fcnde bulunduruldu\u011funda, acil sa\u011fl\u0131k hizmetleri, hukuksal anlamda pek\u00e7ok alt ba\u015fl\u0131\u011f\u0131 i\u00e7inde bar\u0131nd\u0131rmaktad\u0131r.\u00dclkemizde hery\u0131l gittik\u00e7e artan acil sa\u011fl\u0131k sistemi problemleri, mahkemelere a\u00e7\u0131lan dava say\u0131s\u0131ndaki ciddi art\u0131\u015ftan anla\u015f\u0131labilmek tedir. Acil servisler, gerek hekimler gerekse hastalar a\u00e7\u0131s\u0131ndan istenmeyen bir alan haline gelmi\u015ftir. Hekimler taraf\u0131ndan tercih edilmekte en son s\u0131ralara d\u00fc\u015fen acil t\u0131p e\u011fitimi, g\u00fcn\u00fcm\u00fczde gittik\u00e7e d\u00fc\u015fen puanlar\u0131na ra\u011fmen tercih edilmemekte, zaten hekim say\u0131s\u0131n\u0131n azl\u0131\u011f\u0131 nedeniyle ya\u015fanan s\u0131k\u0131nt\u0131lar\u0131n, ilerleyen y\u0131llarda daha da artaca\u011f\u0131 \u00f6n g\u00f6r\u00fclmektedir.Acil servislerde, sa\u011fl\u0131k mensuplar\u0131na kar\u015f\u0131 ya\u015fanan hakaret, tehdit, \u015fiddet olaylar\u0131, neredeyse herg\u00fcn medyada yay\u0131nlanmakta, bu olaylar hekimlik mesle\u011finin sayg\u0131nl\u0131\u011f\u0131n\u0131 azaltt\u0131\u011f\u0131 gibi, hekime olan g\u00fcvenide sarsmaktad\u0131r. Bunun sonucu olarak hasta ve yak\u0131nlar\u0131n\u0131n a\u00e7t\u0131\u011f\u0131, y\u00fcksek maliyetli malpraktis davalar\u0131, defansif t\u0131p geli\u015fimine neden olmaktad\u0131r.T\u00fcm bu istenmeyen sonu\u00e7lar, iyi bir sa\u011fl\u0131k sistemi \u00f6n\u00fcnde engel olu\u015fturmaktad\u0131r.\u0130yi i\u015fleyen acil sa\u011fl\u0131k hizmetinin verilebilmesi ve t\u0131bbi hatalar\u0131n en aza indirilmesi i\u00e7in en \u00f6nemli basamaklardan biride, gerek hekimlerin gerekse hastalar\u0131n, hukuki sorumluluklar\u0131n\u0131, y\u00fck\u00fcml\u00fcl\u00fcklerini iyi bilmesidir. Herkes sorumluluk ve y\u00fck\u00fcml\u00fcl\u00fcklerini yerine getirebilirse ve bu anlamda gereken \u015fartlarda devlet taraf\u0131ndan sa\u011flanabilirse ya\u015fanan t\u00fcm bu olumsuzluklar en aza indirilebilir.<\/p>\n","protected":false},"excerpt":{"rendered":"<p>Sa\u011fl\u0131k hizmetlerinin en \u00f6nemli ve kritik basama\u011f\u0131 olan acil sa\u011fl\u0131k hizmetlerinin, g\u00fcn\u00fcm\u00fcz \u015fartlar\u0131nda t\u0131bbi teknolojilerin ve t\u0131p iliminin gerektirdi\u011fi gibi verilebilmesi pek\u00e7ok dinamizmin birarada aksamadan i\u015flemesiyle<span class=\"excerpt-hellip\"> [\u2026]<\/span><\/p>\n","protected":false},"featured_media":0,"template":"","meta":{"_monsterinsights_skip_tracking":false,"_monsterinsights_sitenote_active":false,"_monsterinsights_sitenote_note":"","_monsterinsights_sitenote_category":0},"product_brand":[],"product_cat":[15350,17602],"product_tag":[],"class_list":{"0":"post-765686","1":"product","2":"type-product","3":"status-publish","5":"product_cat-hukuk","6":"product_cat-hukuk-uzerine","7":"pa_cilt-ciltsiz","8":"pa_tur-kitap","9":"pa_yayinevi-hukuk-yayinlari","10":"pa_yazar-nergiz-van-den-berk","12":"first","13":"instock","14":"sale","15":"shipping-taxable","16":"purchasable","17":"product-type-simple"},"_links":{"self":[{"href":"https:\/\/roveyayinevi.com.tr\/index.php\/wp-json\/wp\/v2\/product\/765686","targetHints":{"allow":["GET"]}}],"collection":[{"href":"https:\/\/roveyayinevi.com.tr\/index.php\/wp-json\/wp\/v2\/product"}],"about":[{"href":"https:\/\/roveyayinevi.com.tr\/index.php\/wp-json\/wp\/v2\/types\/product"}],"wp:attachment":[{"href":"https:\/\/roveyayinevi.com.tr\/index.php\/wp-json\/wp\/v2\/media?parent=765686"}],"wp:term":[{"taxonomy":"product_brand","embeddable":true,"href":"https:\/\/roveyayinevi.com.tr\/index.php\/wp-json\/wp\/v2\/product_brand?post=765686"},{"taxonomy":"product_cat","embeddable":true,"href":"https:\/\/roveyayinevi.com.tr\/index.php\/wp-json\/wp\/v2\/product_cat?post=765686"},{"taxonomy":"product_tag","embeddable":true,"href":"https:\/\/roveyayinevi.com.tr\/index.php\/wp-json\/wp\/v2\/product_tag?post=765686"}],"curies":[{"name":"wp","href":"https:\/\/api.w.org\/{rel}","templated":true}]}}