{"id":765685,"date":"2025-08-28T11:48:44","date_gmt":"2025-08-28T08:48:44","guid":{"rendered":"https:\/\/roveyayinevi.com.tr\/index.php\/urun\/anayasa-hukukunda-kelsenci-temalar\/"},"modified":"2026-04-15T03:31:33","modified_gmt":"2026-04-15T00:31:33","slug":"anayasa-hukukunda-kelsenci-temalar","status":"publish","type":"product","link":"https:\/\/roveyayinevi.com.tr\/index.php\/urun\/anayasa-hukukunda-kelsenci-temalar\/","title":{"rendered":"Anayasa Hukukunda Kelsenci Temalar"},"content":{"rendered":"<p>Hans Kelsen (1881-1973) yirminci y\u00fczy\u0131l\u0131n en \u00f6nemli hukuk felsefecisidir. Hukuk felsefesi alan\u0131nda d\u00f6rt y\u00fcze yak\u0131n bas\u0131lm\u0131\u015f \u00e7al\u0131\u015fmas\u0131 bulunmaktad\u0131r. Kelsen&#8217;in &#8220;Saf hukuk teorisi&#8221; kusursuz ve sistematik bir a\u00e7\u0131kl\u0131\u011fa sahip bir genel hukuk teorisi olmas\u0131 nedeniyle b\u00fcy\u00fck ilgi g\u00f6rm\u00fc\u015f ve \u00e7ok say\u0131da hukuk felsefecisini etkilemi\u015ftir. Bunlardan en \u00f6nemleri ku\u015fkusuz H.L.A. Hart ve Joseph Raz&#8217;d\u0131r. Kelsen hukuk felsefesi yan\u0131nda uluslararas\u0131 hukuk ve anayasa hukukunda da \u00e7ok \u00f6nemli yap\u0131tlara imza atm\u0131\u015ft\u0131r. Demokrasi konusundaki g\u00f6r\u00fc\u015fleri de son derece etkileyicidir. Kelsen 1919 y\u0131l\u0131nda Avusturya Anayasas\u0131n\u0131n yap\u0131lmas\u0131na \u00f6nemli katk\u0131larda bulunmu\u015ftur. Bu Anayasa 1920 y\u0131l\u0131nda y\u00fcr\u00fcrl\u00fc\u011fe girmi\u015f ve Kelsen bu Anayasan\u0131n kurdu\u011fu Anayasa Mahkemesinde g\u00f6rev yapm\u0131\u015ft\u0131r. Siyasal nedenlerle bu g\u00f6reve sonra erdirildikten sonra, Kelsen 1940 y\u0131l\u0131nda Amerika Birle\u015fik Devletleri&#8217;ne gitmek ve \u00e7al\u0131\u015fmalar\u0131na bu \u00fclkede devam etmek zorunda kalm\u0131\u015ft\u0131r. Bu \u00e7al\u0131\u015fmada Kelsen&#8217;in anayasa hukuku alan\u0131ndaki g\u00f6r\u00fc\u015flerini esas alan be\u015f yaz\u0131 ve bunun yan\u0131nda Kelsen&#8217;in anayasa yarg\u0131s\u0131 konusundaki \u00f6nemli bir makalesinin \u00e7evirisi yer almaktad\u0131r. Umar\u0131m bu kitap Hans Kelsen&#8217;e olan ilgiyi art\u0131r\u0131r ve g\u00f6r\u00fc\u015flerinin incelenmesine ve tart\u0131\u015f\u0131lmas\u0131na katk\u0131da bulunur.<\/p>\n","protected":false},"excerpt":{"rendered":"<p>Hans Kelsen (1881-1973) yirminci y\u00fczy\u0131l\u0131n en \u00f6nemli hukuk felsefecisidir. Hukuk felsefesi alan\u0131nda d\u00f6rt y\u00fcze yak\u0131n bas\u0131lm\u0131\u015f \u00e7al\u0131\u015fmas\u0131 bulunmaktad\u0131r. Kelsen&#8217;in &#8220;Saf hukuk teorisi&#8221; kusursuz ve sistematik bir<span class=\"excerpt-hellip\"> [\u2026]<\/span><\/p>\n","protected":false},"featured_media":0,"template":"","meta":{"_monsterinsights_skip_tracking":false,"_monsterinsights_sitenote_active":false,"_monsterinsights_sitenote_note":"","_monsterinsights_sitenote_category":0},"product_brand":[],"product_cat":[15350,17602],"product_tag":[],"class_list":{"0":"post-765685","1":"product","2":"type-product","3":"status-publish","5":"product_cat-hukuk","6":"product_cat-hukuk-uzerine","7":"pa_cilt-ciltsiz","8":"pa_tur-kitap","9":"pa_yayinevi-hukuk-yayinlari","10":"pa_yazar-mehmet-turhan","12":"first","13":"instock","14":"sale","15":"shipping-taxable","16":"purchasable","17":"product-type-simple"},"_links":{"self":[{"href":"https:\/\/roveyayinevi.com.tr\/index.php\/wp-json\/wp\/v2\/product\/765685","targetHints":{"allow":["GET"]}}],"collection":[{"href":"https:\/\/roveyayinevi.com.tr\/index.php\/wp-json\/wp\/v2\/product"}],"about":[{"href":"https:\/\/roveyayinevi.com.tr\/index.php\/wp-json\/wp\/v2\/types\/product"}],"wp:attachment":[{"href":"https:\/\/roveyayinevi.com.tr\/index.php\/wp-json\/wp\/v2\/media?parent=765685"}],"wp:term":[{"taxonomy":"product_brand","embeddable":true,"href":"https:\/\/roveyayinevi.com.tr\/index.php\/wp-json\/wp\/v2\/product_brand?post=765685"},{"taxonomy":"product_cat","embeddable":true,"href":"https:\/\/roveyayinevi.com.tr\/index.php\/wp-json\/wp\/v2\/product_cat?post=765685"},{"taxonomy":"product_tag","embeddable":true,"href":"https:\/\/roveyayinevi.com.tr\/index.php\/wp-json\/wp\/v2\/product_tag?post=765685"}],"curies":[{"name":"wp","href":"https:\/\/api.w.org\/{rel}","templated":true}]}}