{"id":765683,"date":"2025-08-28T11:48:41","date_gmt":"2025-08-28T08:48:41","guid":{"rendered":"https:\/\/roveyayinevi.com.tr\/index.php\/urun\/siyaset-psikolojisi-2\/"},"modified":"2026-04-15T03:31:33","modified_gmt":"2026-04-15T00:31:33","slug":"siyaset-psikolojisi-2","status":"publish","type":"product","link":"https:\/\/roveyayinevi.com.tr\/index.php\/urun\/siyaset-psikolojisi-2\/","title":{"rendered":"Siyaset Psikolojisi"},"content":{"rendered":"<p>Siyaset psikolojisi, insan\u0131n siyasal ili\u015fkilerdeki konumunu, psikolojik fakt\u00f6rler arac\u0131l\u0131\u011f\u0131yla inceleyen bir siyaset bilimi alan\u0131d\u0131r. Bu y\u00fczden, siyaset psikolojisinin ara\u015ft\u0131rma konusu, amac\u0131 ve arac\u0131 insand\u0131r. Siyaset psikolojisi, insan\u0131n siyaset arenas\u0131ndaki duygu, tutum ve davran\u0131\u015f olu\u015fumunu ve geli\u015fimini ara\u015ft\u0131r\u0131r. Siyaset psikolojisi, bireyin &#8220;siyasal insan&#8221; olma s\u00fcrecindeki davran\u0131\u015flar\u0131n\u0131 olu\u015fturmada ve de\u011fi\u015ftirmede bireysel k\u00fclt\u00fcr ve \u00e7evre k\u00fclt\u00fcr\u00fcn\u00fcn (toplum- siyaset) rol\u00fc ve etkisini psikolojik arg\u00fcmanlar \u0131\u015f\u0131\u011f\u0131nda inceler. Bu incelemelerde temel kalk\u0131\u015f noktas\u0131 siyasal etkinliktir. Bu y\u00fczden; siyaset, iktidar, me\u015fruiyet, ideoloji, kat\u0131l\u0131m, devlet, de\u011fi\u015fim, ekonomi, toplum, demokrasi gibi insan\u0131 etkileyen ve insandan etkilenen tart\u0131\u015fma alanlar\u0131 siyaset psikolojisinin de i\u00e7inde yer al\u0131r. Yaln\u0131z, siyaset bilimi, iktidar ili\u015fkilerini incelerken, devleti; iktisat bilimi, ekonomik ili\u015fkileri incelerken, emek-de\u011feri; sosyoloji, insan ili\u015fkilerini incelerken, toplumu ana tema olarak incelerken, siyaset psikolojisi de, insan-toplum ve devlet ili\u015fkilerini incelerken bireyi kalk\u0131\u015f noktas\u0131 olarak ele al\u0131r. Bu ili\u015fkileri incelerken bireyden, bireysel k\u00fclt\u00fcr ve davran\u0131\u015flar ile, bu k\u00fclt\u00fcr ve davran\u0131\u015flar\u0131 etkileyen olgulardan kaynakl\u0131 analizler geli\u015ftirir. Sosyal ve siyasal ili\u015fkilere bireyin etkiledi\u011fi ve bireyin etkilendi\u011fi oranda ilgi g\u00f6sterir. Fakat siyaset psikolojisinin bir bilim dal\u0131 olarak ayr\u0131\u015fmas\u0131n\u0131n tarihi bir asr\u0131 bulmazken, insan\u0131n siyasal tarihi ile ilgili \u00e7al\u0131\u015fmalar neredeyse \u00fc\u00e7 bin y\u0131l\u0131 bulmaktad\u0131r. Bu da g\u00f6stermektedir ki, siyaset psikolojisi; siyaset, tarih, sosyoloji, iktisat, antropoloji, edebiyat, hukuk, psikoloji gibi bilim dallar\u0131yla ortak \u00e7al\u0131\u015fma kaynaklar\u0131na ve alanlar\u0131na sahiptir. Elinizdeki bu eser de tam da bu ama\u00e7la yaz\u0131larak insan\u0131n tek y\u00f6nl\u00fc olarak \u00e7evrenin ve siyasan\u0131n etkisinde kalan pasif bir toplumsal ara\u00e7 oldu\u011fu d\u00fc\u015f\u00fcncesi yerine, insan\u0131n da &#8220;siyasal insan&#8221; olmak i\u00e7in, kendini ger\u00e7ekle\u015ftirmeye \u00e7al\u0131\u015fan bir birey olarak var olma ve \u00e7evresini etkileme m\u00fccadelesini incelemektedir. Bu eser, siyasetin psikolojik temellerini, toplumsal ili\u015fkileri ve siyasal kurumlar\u0131 bireyi etkilemesi ve bireyden etkilenmesi oran\u0131nda tart\u0131\u015fmaya \u00e7al\u0131\u015fmaktad\u0131r.<\/p>\n","protected":false},"excerpt":{"rendered":"<p>Siyaset psikolojisi, insan\u0131n siyasal ili\u015fkilerdeki konumunu, psikolojik fakt\u00f6rler arac\u0131l\u0131\u011f\u0131yla inceleyen bir siyaset bilimi alan\u0131d\u0131r. Bu y\u00fczden, siyaset psikolojisinin ara\u015ft\u0131rma konusu, amac\u0131 ve arac\u0131 insand\u0131r. Siyaset psikolojisi,<span class=\"excerpt-hellip\"> [\u2026]<\/span><\/p>\n","protected":false},"featured_media":0,"template":"","meta":{"_monsterinsights_skip_tracking":false,"_monsterinsights_sitenote_active":false,"_monsterinsights_sitenote_note":"","_monsterinsights_sitenote_category":0},"product_brand":[],"product_cat":[12337],"product_tag":[],"class_list":{"0":"post-765683","1":"product","2":"type-product","3":"status-publish","5":"product_cat-politika-siyaset","6":"pa_cilt-ciltsiz","7":"pa_tur-kitap","8":"pa_yayinevi-orion-kitabevi","9":"pa_yazar-halis-cetin-levent-gorusuk","11":"first","12":"instock","13":"sale","14":"shipping-taxable","15":"purchasable","16":"product-type-simple"},"_links":{"self":[{"href":"https:\/\/roveyayinevi.com.tr\/index.php\/wp-json\/wp\/v2\/product\/765683","targetHints":{"allow":["GET"]}}],"collection":[{"href":"https:\/\/roveyayinevi.com.tr\/index.php\/wp-json\/wp\/v2\/product"}],"about":[{"href":"https:\/\/roveyayinevi.com.tr\/index.php\/wp-json\/wp\/v2\/types\/product"}],"wp:attachment":[{"href":"https:\/\/roveyayinevi.com.tr\/index.php\/wp-json\/wp\/v2\/media?parent=765683"}],"wp:term":[{"taxonomy":"product_brand","embeddable":true,"href":"https:\/\/roveyayinevi.com.tr\/index.php\/wp-json\/wp\/v2\/product_brand?post=765683"},{"taxonomy":"product_cat","embeddable":true,"href":"https:\/\/roveyayinevi.com.tr\/index.php\/wp-json\/wp\/v2\/product_cat?post=765683"},{"taxonomy":"product_tag","embeddable":true,"href":"https:\/\/roveyayinevi.com.tr\/index.php\/wp-json\/wp\/v2\/product_tag?post=765683"}],"curies":[{"name":"wp","href":"https:\/\/api.w.org\/{rel}","templated":true}]}}