{"id":765682,"date":"2025-08-28T11:48:40","date_gmt":"2025-08-28T08:48:40","guid":{"rendered":"https:\/\/roveyayinevi.com.tr\/index.php\/urun\/zihinsel-evrim-ve-demokrasi\/"},"modified":"2026-04-15T03:31:33","modified_gmt":"2026-04-15T00:31:33","slug":"zihinsel-evrim-ve-demokrasi","status":"publish","type":"product","link":"https:\/\/roveyayinevi.com.tr\/index.php\/urun\/zihinsel-evrim-ve-demokrasi\/","title":{"rendered":"Zihinsel Evrim ve Demokrasi"},"content":{"rendered":"<p>Evrendeki en b\u00fcy\u00fck sermaye DNA&#8217;d\u0131r. Onu bir kez kontrol alt\u0131na almay\u0131 ba\u015faran grup\/\u0131rk ve\/veya \u00fclke gerek ekonomik ve gerek askeri\/siyasi anlamda kar\u015f\u0131 konulamaz bir avantaj elde etmi\u015f olacakt\u0131r.&#8217; Do\u011fal kaynaklar i\u00e7in sava\u015flar\u0131n ya\u015fand\u0131\u011f\u0131 bir d\u00fcnyada, her t\u00fcrl\u00fc kayna\u011f\u0131 reddeden bu ifade, \u00f6jenistlerin ve \u0131rk\u00e7\u0131lar\u0131n duygu ve d\u00fc\u015f\u00fcncelerini k\u0131saca \u00f6zetlemektedir. Kendilerince, basit \u00e7\u0131karlar\u0131n hesab\u0131n\u0131 yapmay\u0131p hayal edilebilecek en b\u00fcy\u00fck sermayenin pe\u015finde ko\u015fmaktad\u0131rlar. Sadece DNA&#8217;n\u0131n kontrol\u00fcn\u00fc ele ge\u00e7irmek i\u00e7in di\u011fer her \u015feyi feda etmeye haz\u0131rlar. Hedefin b\u00fcy\u00fckl\u00fc\u011f\u00fc dikkate al\u0131nd\u0131\u011f\u0131nda etkilenmemek pek olas\u0131 de\u011fil. Durum her ne kadar b\u00f6yle de olsa, yine de hayat\u0131n ger\u00e7ekleri toplumun zek\u00e2 d\u00fczeyini genetik olarak y\u00fckseltmenin pek de o kadar kolay olmad\u0131\u011f\u0131n\u0131 g\u00f6steriyor, en az\u0131ndan bug\u00fcn sahip oldu\u011fumuz teknolojilerle. Ger\u00e7ekten de, tarih boyunca zek\u00e2 seviyelerini bir \u00e7e\u015fit strateji izleyerek artt\u0131rm\u0131\u015f topluluklar var m\u0131d\u0131r? Bu, onlara nelere mal olmu\u015ftur? Ben bu ara\u015ft\u0131rmada, gerek psikometrik \u00f6l\u00e7\u00fcmler ve gerekse genel zek\u00e2n\u0131n do\u011fas\u0131 hakk\u0131nda psikolojiden edindi\u011fim bilgilerle bu sorulara yan\u0131t aramaya \u00e7al\u0131\u015ft\u0131m. \u00c7al\u0131\u015fmam sonucunda kesin olarak inand\u0131\u011f\u0131m \u015fudur ki; genetik teknolojisinde birtak\u0131m geli\u015fmeler olmadan \u00fcst\u00fcn yetenekli insanlar yaratma d\u00fc\u015f\u00fcncesi, ge\u00e7mi\u015fte oldu\u011fu gibi bug\u00fcn de ancak hayalden \u00f6teye ge\u00e7emeyecektir. Ge\u00e7mi\u015fte baz\u0131 \u0131rklar IQ d\u00fczeylerini genel anlamda de\u011fil, ancak tek boyutlu olarak artt\u0131rmay\u0131 ba\u015farm\u0131\u015ft\u0131r. Ne var ki; bunu ger\u00e7ekle\u015ftirebilmek i\u00e7in \u00f6dedikleri bedel \u00e7ok a\u011f\u0131r olmu\u015ftur. Genom Projesinin en b\u00fcy\u00fck hedeflerinden biri olan, istenen \u00f6zelliklere g\u00f6re bebek d\u00fcnyaya getirme hayali ger\u00e7ekle\u015fti\u011fi takdirde, bu olay da zaten tamamen hangi \u00f6zelliklerin daha fazla talep edildi\u011fine g\u00f6re serbest piyasa ko\u015fullar\u0131nda cereyan edecektir. Dolay\u0131s\u0131yla, \u00f6n\u00fcm\u00fczdeki y\u00fczy\u0131l genetik \u00e7a\u011f\u0131d\u0131r ve genetik ordular\u0131n\u0131n sava\u015f\u0131na tan\u0131k olacakt\u0131r.<\/p>\n","protected":false},"excerpt":{"rendered":"<p>Evrendeki en b\u00fcy\u00fck sermaye DNA&#8217;d\u0131r. Onu bir kez kontrol alt\u0131na almay\u0131 ba\u015faran grup\/\u0131rk ve\/veya \u00fclke gerek ekonomik ve gerek askeri\/siyasi anlamda kar\u015f\u0131 konulamaz bir avantaj elde<span class=\"excerpt-hellip\"> [\u2026]<\/span><\/p>\n","protected":false},"featured_media":0,"template":"","meta":{"_monsterinsights_skip_tracking":false,"_monsterinsights_sitenote_active":false,"_monsterinsights_sitenote_note":"","_monsterinsights_sitenote_category":0},"product_brand":[],"product_cat":[13005,13006],"product_tag":[],"class_list":{"0":"post-765682","1":"product","2":"type-product","3":"status-publish","5":"product_cat-bilim-muhendislik","6":"product_cat-populer-bilim","7":"pa_cilt-ciltsiz","8":"pa_tur-kitap","9":"pa_yayinevi-orion-kitabevi","10":"pa_yazar-deniz-selcuk","12":"first","13":"instock","14":"sale","15":"shipping-taxable","16":"purchasable","17":"product-type-simple"},"_links":{"self":[{"href":"https:\/\/roveyayinevi.com.tr\/index.php\/wp-json\/wp\/v2\/product\/765682","targetHints":{"allow":["GET"]}}],"collection":[{"href":"https:\/\/roveyayinevi.com.tr\/index.php\/wp-json\/wp\/v2\/product"}],"about":[{"href":"https:\/\/roveyayinevi.com.tr\/index.php\/wp-json\/wp\/v2\/types\/product"}],"wp:attachment":[{"href":"https:\/\/roveyayinevi.com.tr\/index.php\/wp-json\/wp\/v2\/media?parent=765682"}],"wp:term":[{"taxonomy":"product_brand","embeddable":true,"href":"https:\/\/roveyayinevi.com.tr\/index.php\/wp-json\/wp\/v2\/product_brand?post=765682"},{"taxonomy":"product_cat","embeddable":true,"href":"https:\/\/roveyayinevi.com.tr\/index.php\/wp-json\/wp\/v2\/product_cat?post=765682"},{"taxonomy":"product_tag","embeddable":true,"href":"https:\/\/roveyayinevi.com.tr\/index.php\/wp-json\/wp\/v2\/product_tag?post=765682"}],"curies":[{"name":"wp","href":"https:\/\/api.w.org\/{rel}","templated":true}]}}