{"id":765681,"date":"2025-08-28T11:48:39","date_gmt":"2025-08-28T08:48:39","guid":{"rendered":"https:\/\/roveyayinevi.com.tr\/index.php\/urun\/yonetim-kuram-ve-teknikler\/"},"modified":"2026-04-15T03:31:33","modified_gmt":"2026-04-15T00:31:33","slug":"yonetim-kuram-ve-teknikler","status":"publish","type":"product","link":"https:\/\/roveyayinevi.com.tr\/index.php\/urun\/yonetim-kuram-ve-teknikler\/","title":{"rendered":"Y\u00f6netim Kuram ve Teknikler"},"content":{"rendered":"<p>\u00c7ok say\u0131da yazar\u0131n katk\u0131 sundu\u011fu &#8220;Y\u00f6netim: Kuram ve Teknikler&#8221; ismini ta\u015f\u0131yan bu kitap, \u00f6\u011frenci, akademisyen ve uygulay\u0131c\u0131lara, y\u00f6netime dair kuramsal bilgiler sunmaktad\u0131r. Y\u00f6netim kuram ve teknikleri &#8220;Y\u00f6netim nedir? ve &#8220;\u0130yi Y\u00f6netim Nas\u0131l Ger\u00e7ekle\u015ftirilir?&#8221; sorular\u0131na y\u00fcz- y\u00fcz elli y\u0131ld\u0131r bilim insanlar\u0131n\u0131n vermi\u015f olduklar\u0131 cevaplar\u0131n bir toplam\u0131d\u0131r. Temel bir ba\u015fvuru kayna\u011f\u0131 olmas\u0131 niyetiyle haz\u0131rlanm\u0131\u015f olan bu kitapta de\u011ferlendirmeye al\u0131nan konular en temel seviyede sade ve anla\u015f\u0131l\u0131r bir dille yaz\u0131lmaya \u00e7al\u0131\u015f\u0131lm\u0131\u015ft\u0131r. Temel bir ba\u015fvuru kayna\u011f\u0131 olu\u015fturma kayg\u0131s\u0131, kitab\u0131n kapsam\u0131n\u0131n m\u00fcmk\u00fcn oldu\u011funca geni\u015f tutulmas\u0131n\u0131 gerekli k\u0131lm\u0131\u015ft\u0131r. Bilim bitmeyen bir yoldur. Bundan sonra da y\u00f6netim d\u00fcnyas\u0131nda yeni geli\u015fmeler olmaya devam edecektir. Kitab\u0131n \u00f6\u011frencilere, akademisyenlere, uygulay\u0131c\u0131lara ve konuya ilgi duyan herkese faydal\u0131 olmas\u0131n\u0131 dileriz.<\/p>\n","protected":false},"excerpt":{"rendered":"<p>\u00c7ok say\u0131da yazar\u0131n katk\u0131 sundu\u011fu &#8220;Y\u00f6netim: Kuram ve Teknikler&#8221; ismini ta\u015f\u0131yan bu kitap, \u00f6\u011frenci, akademisyen ve uygulay\u0131c\u0131lara, y\u00f6netime dair kuramsal bilgiler sunmaktad\u0131r. Y\u00f6netim kuram ve teknikleri<span class=\"excerpt-hellip\"> [\u2026]<\/span><\/p>\n","protected":false},"featured_media":0,"template":"","meta":{"_monsterinsights_skip_tracking":false,"_monsterinsights_sitenote_active":false,"_monsterinsights_sitenote_note":"","_monsterinsights_sitenote_category":0},"product_brand":[],"product_cat":[13043],"product_tag":[],"class_list":{"0":"post-765681","1":"product","2":"type-product","3":"status-publish","5":"product_cat-ekonomi","6":"pa_cilt-ciltsiz","7":"pa_tur-kitap","8":"pa_yayinevi-orion-kitabevi","9":"pa_yazar-kolektif","11":"first","12":"instock","13":"sale","14":"shipping-taxable","15":"purchasable","16":"product-type-simple"},"_links":{"self":[{"href":"https:\/\/roveyayinevi.com.tr\/index.php\/wp-json\/wp\/v2\/product\/765681","targetHints":{"allow":["GET"]}}],"collection":[{"href":"https:\/\/roveyayinevi.com.tr\/index.php\/wp-json\/wp\/v2\/product"}],"about":[{"href":"https:\/\/roveyayinevi.com.tr\/index.php\/wp-json\/wp\/v2\/types\/product"}],"wp:attachment":[{"href":"https:\/\/roveyayinevi.com.tr\/index.php\/wp-json\/wp\/v2\/media?parent=765681"}],"wp:term":[{"taxonomy":"product_brand","embeddable":true,"href":"https:\/\/roveyayinevi.com.tr\/index.php\/wp-json\/wp\/v2\/product_brand?post=765681"},{"taxonomy":"product_cat","embeddable":true,"href":"https:\/\/roveyayinevi.com.tr\/index.php\/wp-json\/wp\/v2\/product_cat?post=765681"},{"taxonomy":"product_tag","embeddable":true,"href":"https:\/\/roveyayinevi.com.tr\/index.php\/wp-json\/wp\/v2\/product_tag?post=765681"}],"curies":[{"name":"wp","href":"https:\/\/api.w.org\/{rel}","templated":true}]}}