{"id":765680,"date":"2025-08-28T11:48:38","date_gmt":"2025-08-28T08:48:38","guid":{"rendered":"https:\/\/roveyayinevi.com.tr\/index.php\/urun\/yonetim\/"},"modified":"2026-04-15T03:31:33","modified_gmt":"2026-04-15T00:31:33","slug":"yonetim","status":"publish","type":"product","link":"https:\/\/roveyayinevi.com.tr\/index.php\/urun\/yonetim\/","title":{"rendered":"Y\u00f6netim"},"content":{"rendered":"<p>\u00c7ok say\u0131da yazar\u0131n katk\u0131 sundu\u011fu &#8220;Y\u00f6netim: Genel Esaslar&#8221; ismini ta\u015f\u0131yan bu kitap, \u00f6\u011frenci, akademisyen ve uygulay\u0131c\u0131lara, y\u00f6netime dair teorik bilgiler sunmaktad\u0131r. Temel bir ba\u015fvuru kayna\u011f\u0131 olmas\u0131 niyetiyle haz\u0131rlanm\u0131\u015f olan bu kitapta de\u011ferlendirmeye al\u0131nan konular en temel seviyede sade ve anla\u015f\u0131l\u0131r bir dille yaz\u0131lmaya \u00e7al\u0131\u015f\u0131lm\u0131\u015ft\u0131r. Temel bir ba\u015fvuru kayna\u011f\u0131 olu\u015fturma kayg\u0131s\u0131, kitab\u0131n kapsam\u0131n\u0131n m\u00fcmk\u00fcn oldu\u011funca geni\u015f tutulmas\u0131n\u0131 gerekli k\u0131lm\u0131\u015ft\u0131r. Tabii ki y\u00f6netime dair genel esaslar kitab\u0131n i\u00e7inde yer alan ba\u015fl\u0131klarla s\u0131n\u0131rl\u0131 de\u011fildir. Kitab\u0131n bundan sonraki bask\u0131lar\u0131nda eksikliklerinin giderilmesi i\u00e7in \u00e7al\u0131\u015f\u0131lacakt\u0131r.&#8221;Y\u00f6netim&#8221; kitab\u0131 temelde iki cilt halinde ele al\u0131nm\u015ft\u0131r. Elinizdeki bu \u00e7al\u0131\u015fma y\u00f6netimle ilgili genel konular\u0131 i\u00e7erirken ikinci kitapta &#8220;y\u00f6netim kuram ve teknikleri&#8221; ele al\u0131nacakt\u0131r. Bu kitap da Orion Kitabevi taraf\u0131ndan bas\u0131lmak \u00fczere yay\u0131na haz\u0131rlanmaktad\u0131r. &#8220;Y\u00f6netim&#8221;in \u00f6\u011frencilere, akademisyenlere, uygulay\u0131c\u0131lara ve konuya ilgi duyan herkese faydal\u0131 olmas\u0131n\u0131 dileriz.<\/p>\n","protected":false},"excerpt":{"rendered":"<p>\u00c7ok say\u0131da yazar\u0131n katk\u0131 sundu\u011fu &#8220;Y\u00f6netim: Genel Esaslar&#8221; ismini ta\u015f\u0131yan bu kitap, \u00f6\u011frenci, akademisyen ve uygulay\u0131c\u0131lara, y\u00f6netime dair teorik bilgiler sunmaktad\u0131r. Temel bir ba\u015fvuru kayna\u011f\u0131 olmas\u0131<span class=\"excerpt-hellip\"> [\u2026]<\/span><\/p>\n","protected":false},"featured_media":0,"template":"","meta":{"_monsterinsights_skip_tracking":false,"_monsterinsights_sitenote_active":false,"_monsterinsights_sitenote_note":"","_monsterinsights_sitenote_category":0},"product_brand":[],"product_cat":[13043,19008],"product_tag":[],"class_list":{"0":"post-765680","1":"product","2":"type-product","3":"status-publish","5":"product_cat-ekonomi","6":"product_cat-yonetim","7":"pa_cilt-ciltsiz","8":"pa_tur-kitap","9":"pa_yayinevi-orion-kitabevi","10":"pa_yazar-nazim-kartal","12":"first","13":"instock","14":"sale","15":"shipping-taxable","16":"purchasable","17":"product-type-simple"},"_links":{"self":[{"href":"https:\/\/roveyayinevi.com.tr\/index.php\/wp-json\/wp\/v2\/product\/765680","targetHints":{"allow":["GET"]}}],"collection":[{"href":"https:\/\/roveyayinevi.com.tr\/index.php\/wp-json\/wp\/v2\/product"}],"about":[{"href":"https:\/\/roveyayinevi.com.tr\/index.php\/wp-json\/wp\/v2\/types\/product"}],"wp:attachment":[{"href":"https:\/\/roveyayinevi.com.tr\/index.php\/wp-json\/wp\/v2\/media?parent=765680"}],"wp:term":[{"taxonomy":"product_brand","embeddable":true,"href":"https:\/\/roveyayinevi.com.tr\/index.php\/wp-json\/wp\/v2\/product_brand?post=765680"},{"taxonomy":"product_cat","embeddable":true,"href":"https:\/\/roveyayinevi.com.tr\/index.php\/wp-json\/wp\/v2\/product_cat?post=765680"},{"taxonomy":"product_tag","embeddable":true,"href":"https:\/\/roveyayinevi.com.tr\/index.php\/wp-json\/wp\/v2\/product_tag?post=765680"}],"curies":[{"name":"wp","href":"https:\/\/api.w.org\/{rel}","templated":true}]}}