{"id":765679,"date":"2025-08-28T11:48:36","date_gmt":"2025-08-28T08:48:36","guid":{"rendered":"https:\/\/roveyayinevi.com.tr\/index.php\/urun\/yerelde-tango\/"},"modified":"2026-04-15T03:31:33","modified_gmt":"2026-04-15T00:31:33","slug":"yerelde-tango","status":"publish","type":"product","link":"https:\/\/roveyayinevi.com.tr\/index.php\/urun\/yerelde-tango\/","title":{"rendered":"Yerelde Tango"},"content":{"rendered":"<p>Siyaset bilimi profes\u00f6r\u00fc olan \u00d6mer \u00c7aha, Orta Do\u011fu Teknik \u00dcniversitesi Sosyoloji B\u00f6l\u00fcm\u00fc&#8217;ndeki mezuniyetinin ard\u0131ndan Bilkent \u00dcniversitesi Siyaset Bilimi B\u00f6l\u00fcm\u00fcnde y\u00fcksek lisans ve doktora \u00e7al\u0131\u015fmalar\u0131n\u0131 tamamlad\u0131. Halen Y\u0131ld\u0131z Teknik \u00dcniversitesi Siyaset Bilimi ve Uluslararas\u0131 \u0130li\u015fkiler B\u00f6l\u00fcm\u00fcnde \u00f6\u011fretim \u00fcyesi olarak \u00e7al\u0131\u015fmaktad\u0131r.<\/p>\n","protected":false},"excerpt":{"rendered":"<p>Siyaset bilimi profes\u00f6r\u00fc olan \u00d6mer \u00c7aha, Orta Do\u011fu Teknik \u00dcniversitesi Sosyoloji B\u00f6l\u00fcm\u00fc&#8217;ndeki mezuniyetinin ard\u0131ndan Bilkent \u00dcniversitesi Siyaset Bilimi B\u00f6l\u00fcm\u00fcnde y\u00fcksek lisans ve doktora \u00e7al\u0131\u015fmalar\u0131n\u0131 tamamlad\u0131. Halen<span class=\"excerpt-hellip\"> [\u2026]<\/span><\/p>\n","protected":false},"featured_media":0,"template":"","meta":{"_monsterinsights_skip_tracking":false,"_monsterinsights_sitenote_active":false,"_monsterinsights_sitenote_note":"","_monsterinsights_sitenote_category":0},"product_brand":[],"product_cat":[13059,12337],"product_tag":[],"class_list":{"0":"post-765679","1":"product","2":"type-product","3":"status-publish","5":"product_cat-diger-politika-siyaset","6":"product_cat-politika-siyaset","7":"pa_cilt-ciltsiz","8":"pa_tur-kitap","9":"pa_yayinevi-orion-kitabevi","10":"pa_yazar-omer-caha","12":"first","13":"instock","14":"sale","15":"shipping-taxable","16":"purchasable","17":"product-type-simple"},"_links":{"self":[{"href":"https:\/\/roveyayinevi.com.tr\/index.php\/wp-json\/wp\/v2\/product\/765679","targetHints":{"allow":["GET"]}}],"collection":[{"href":"https:\/\/roveyayinevi.com.tr\/index.php\/wp-json\/wp\/v2\/product"}],"about":[{"href":"https:\/\/roveyayinevi.com.tr\/index.php\/wp-json\/wp\/v2\/types\/product"}],"wp:attachment":[{"href":"https:\/\/roveyayinevi.com.tr\/index.php\/wp-json\/wp\/v2\/media?parent=765679"}],"wp:term":[{"taxonomy":"product_brand","embeddable":true,"href":"https:\/\/roveyayinevi.com.tr\/index.php\/wp-json\/wp\/v2\/product_brand?post=765679"},{"taxonomy":"product_cat","embeddable":true,"href":"https:\/\/roveyayinevi.com.tr\/index.php\/wp-json\/wp\/v2\/product_cat?post=765679"},{"taxonomy":"product_tag","embeddable":true,"href":"https:\/\/roveyayinevi.com.tr\/index.php\/wp-json\/wp\/v2\/product_tag?post=765679"}],"curies":[{"name":"wp","href":"https:\/\/api.w.org\/{rel}","templated":true}]}}