{"id":765678,"date":"2025-08-28T11:48:35","date_gmt":"2025-08-28T08:48:35","guid":{"rendered":"https:\/\/roveyayinevi.com.tr\/index.php\/urun\/yerel-yonetimlerde-teknoloji-ve-katilim\/"},"modified":"2026-04-15T03:31:33","modified_gmt":"2026-04-15T00:31:33","slug":"yerel-yonetimlerde-teknoloji-ve-katilim","status":"publish","type":"product","link":"https:\/\/roveyayinevi.com.tr\/index.php\/urun\/yerel-yonetimlerde-teknoloji-ve-katilim\/","title":{"rendered":"Yerel Y\u00f6netimlerde Teknoloji ve Kat\u0131l\u0131m"},"content":{"rendered":"<p>Yerel y\u00f6netimler, kentleri y\u00f6neten yap\u0131lar olarak vatanda\u015flar\u0131n hayat\u0131na do\u011frudan etkide bulunmakta ve ya\u015fam alanlar\u0131n\u0131d\u00f6n\u00fc\u015ft\u00fcrmektedir. Elinizdeki bu kitap i\u00e7erisinde teknoloji ve kat\u0131l\u0131m ana temalar\u0131 ekseninde yerel y\u00f6netimler taraf\u0131ndan kullan\u0131lan yenilik\u00e7i yakla\u015f\u0131mlar ve d\u00f6n\u00fc\u015f\u00fcme y\u00f6nelik etkiler incelenmi\u015ftir.Son y\u0131llarda pek \u00e7ok teknolojik yenilik kentlerde d\u00f6n\u00fc\u015f\u00fcm s\u00fcrecini tetiklemektedir. Dijital teknolojiler, ak\u0131ll\u0131 \u015fehir teknolojileri, b\u00fcy\u00fck veri, kitle kaynak y\u00f6netimleri, mobil belediyecilik uygulamalar\u0131 bu anlamda \u00f6ne \u00e7\u0131kan ve bu kitapta yer bulan baz\u0131 yeniliklerdendir. Yine bu teknolojilerin etkisiyle birlikte kat\u0131l\u0131m imkanlar\u0131yla vatanda\u015f \u2013 y\u00f6netim ileti\u015fimi de artmaktad\u0131r. Ak\u0131ll\u0131 \u015fehirlerin kat\u0131l\u0131m boyutu, vatanda\u015f kat\u0131l\u0131m\u0131nda oyunla\u015ft\u0131rma teknolojileri de bu kapsamda \u00f6ne \u00e7\u0131kan teknolojik yenilikler olarak kitapta yer alm\u0131\u015ft\u0131r. Kat\u0131l\u0131mc\u0131 kalk\u0131nma y\u00f6ntemi olarak kamusal ak\u0131l st\u00fcdyosu, kentsel d\u00f6n\u00fc\u015f\u00fcmde a\u011f ili\u015fkileri yakla\u015f\u0131m\u0131, kat\u0131l\u0131m ve mahalle ili\u015fkisi, toplumcu belediye uygulamalar\u0131 gibi yenilik\u00e7i ve geleneksel kat\u0131l\u0131m uygulamalar\u0131 ile kat\u0131l\u0131m\u0131n \u00f6n\u00fcnde bir engel olarak elitizm konusu da yazarlar taraf\u0131ndan ele al\u0131nm\u0131\u015ft\u0131r. Kitap kapsam\u0131nda yaln\u0131zca yerel kat\u0131l\u0131m de\u011fil, kentler aras\u0131 i\u015f birlikleri ve kat\u0131l\u0131m\u0131n uluslararas\u0131 boyutlar\u0131 da incelenmi\u015f ve son b\u00f6l\u00fcmde hayal edilen \u015fehirler temas\u0131 \u00fczerinden \u00fctopyalar ve kent ili\u015fkisi ele al\u0131nm\u0131\u015ft\u0131r.<\/p>\n","protected":false},"excerpt":{"rendered":"<p>Yerel y\u00f6netimler, kentleri y\u00f6neten yap\u0131lar olarak vatanda\u015flar\u0131n hayat\u0131na do\u011frudan etkide bulunmakta ve ya\u015fam alanlar\u0131n\u0131d\u00f6n\u00fc\u015ft\u00fcrmektedir. Elinizdeki bu kitap i\u00e7erisinde teknoloji ve kat\u0131l\u0131m ana temalar\u0131 ekseninde yerel y\u00f6netimler<span class=\"excerpt-hellip\"> [\u2026]<\/span><\/p>\n","protected":false},"featured_media":0,"template":"","meta":{"_monsterinsights_skip_tracking":false,"_monsterinsights_sitenote_active":false,"_monsterinsights_sitenote_note":"","_monsterinsights_sitenote_category":0},"product_brand":[],"product_cat":[13043],"product_tag":[],"class_list":{"0":"post-765678","1":"product","2":"type-product","3":"status-publish","5":"product_cat-ekonomi","6":"pa_cilt-ciltsiz","7":"pa_tur-kitap","8":"pa_yayinevi-orion-kitabevi","9":"pa_yazar-cenay-babaoglu","11":"first","12":"instock","13":"sale","14":"shipping-taxable","15":"purchasable","16":"product-type-simple"},"_links":{"self":[{"href":"https:\/\/roveyayinevi.com.tr\/index.php\/wp-json\/wp\/v2\/product\/765678","targetHints":{"allow":["GET"]}}],"collection":[{"href":"https:\/\/roveyayinevi.com.tr\/index.php\/wp-json\/wp\/v2\/product"}],"about":[{"href":"https:\/\/roveyayinevi.com.tr\/index.php\/wp-json\/wp\/v2\/types\/product"}],"wp:attachment":[{"href":"https:\/\/roveyayinevi.com.tr\/index.php\/wp-json\/wp\/v2\/media?parent=765678"}],"wp:term":[{"taxonomy":"product_brand","embeddable":true,"href":"https:\/\/roveyayinevi.com.tr\/index.php\/wp-json\/wp\/v2\/product_brand?post=765678"},{"taxonomy":"product_cat","embeddable":true,"href":"https:\/\/roveyayinevi.com.tr\/index.php\/wp-json\/wp\/v2\/product_cat?post=765678"},{"taxonomy":"product_tag","embeddable":true,"href":"https:\/\/roveyayinevi.com.tr\/index.php\/wp-json\/wp\/v2\/product_tag?post=765678"}],"curies":[{"name":"wp","href":"https:\/\/api.w.org\/{rel}","templated":true}]}}