{"id":765677,"date":"2025-08-28T11:48:34","date_gmt":"2025-08-28T08:48:34","guid":{"rendered":"https:\/\/roveyayinevi.com.tr\/index.php\/urun\/yerel-yonetimler-3\/"},"modified":"2026-04-15T03:31:33","modified_gmt":"2026-04-15T00:31:33","slug":"yerel-yonetimler-3","status":"publish","type":"product","link":"https:\/\/roveyayinevi.com.tr\/index.php\/urun\/yerel-yonetimler-3\/","title":{"rendered":"Yerel Y\u00f6netimler"},"content":{"rendered":"<p>Kent ve di\u011fer idari birimlerin d\u0131\u015f\u0131nda hizmet y\u00f6n\u00fcnden yerinden y\u00f6netim kurulu\u015flar\u0131n\u0131n da k\u00fcresel \u00e7apta \u00f6nem kazanmakta oldu\u011fu ve kamu y\u00f6netimi reformlar\u0131 i\u00e7erisinde dikkat \u00e7ekici bir yer i\u015fgal etti\u011fini belirtmek elzemdir. Yine iktisadi ve siyasal ya\u015fam\u0131n tabiri caizse kartlar\u0131n\u0131n yeniden da\u011f\u0131t\u0131lmas\u0131n\u0131n ve sivil toplumun bu d\u00fczlemde i\u015fe ko\u015fulmas\u0131n\u0131n kalk\u0131nma ajanslar\u0131, yerel y\u00f6netim birlikleri, kent konseyleri, kentsel sivil toplum kurulu\u015flar\u0131 gibi yerel ve en az\u0131ndan ka\u011f\u0131t \u00fczerinde \u00f6zerk say\u0131labilecek olu\u015fumlar eliyle ger\u00e7ekle\u015ftiriliyor olmas\u0131 bir tespit olacakt\u0131r.   Elinizde tuttu\u011funuz bu kitap yukar\u0131da k\u0131saca bahsi ge\u00e7en bir arka planda kaleme al\u0131nm\u0131\u015ft\u0131r. Dolay\u0131s\u0131yla g\u00fcnl\u00fck siyasetten akademiye kadar hayat\u0131m\u0131zda g\u00f6r\u00fcnmemesine ra\u011fmen en \u00f6nemli yeri i\u015fgal etti\u011fini var sayd\u0131\u011f\u0131m\u0131z yerele dair hem merakl\u0131 okuyucuya hem de akademik ara\u015ft\u0131rmac\u0131lara y\u00f6nelik alan\u0131nda uzman ara\u015ft\u0131rmac\u0131lar\u0131n fikirlerini sizlerle bulu\u015fturmaktay\u0131z. Bu do\u011frultuda yerelin i\u00e7 i\u015fleyi\u015fine ve merkezle ili\u015fkilerine dair bir \u00e7er\u00e7eve \u00e7izmektedir.<\/p>\n","protected":false},"excerpt":{"rendered":"<p>Kent ve di\u011fer idari birimlerin d\u0131\u015f\u0131nda hizmet y\u00f6n\u00fcnden yerinden y\u00f6netim kurulu\u015flar\u0131n\u0131n da k\u00fcresel \u00e7apta \u00f6nem kazanmakta oldu\u011fu ve kamu y\u00f6netimi reformlar\u0131 i\u00e7erisinde dikkat \u00e7ekici bir yer<span class=\"excerpt-hellip\"> [\u2026]<\/span><\/p>\n","protected":false},"featured_media":0,"template":"","meta":{"_monsterinsights_skip_tracking":false,"_monsterinsights_sitenote_active":false,"_monsterinsights_sitenote_note":"","_monsterinsights_sitenote_category":0},"product_brand":[],"product_cat":[12337,14706],"product_tag":[],"class_list":{"0":"post-765677","1":"product","2":"type-product","3":"status-publish","5":"product_cat-politika-siyaset","6":"product_cat-siyaset-bilimi","7":"pa_cilt-ciltsiz","8":"pa_tur-kitap","9":"pa_yayinevi-orion-kitabevi","10":"pa_yazar-kemal-gormez","12":"first","13":"instock","14":"sale","15":"shipping-taxable","16":"purchasable","17":"product-type-simple"},"_links":{"self":[{"href":"https:\/\/roveyayinevi.com.tr\/index.php\/wp-json\/wp\/v2\/product\/765677","targetHints":{"allow":["GET"]}}],"collection":[{"href":"https:\/\/roveyayinevi.com.tr\/index.php\/wp-json\/wp\/v2\/product"}],"about":[{"href":"https:\/\/roveyayinevi.com.tr\/index.php\/wp-json\/wp\/v2\/types\/product"}],"wp:attachment":[{"href":"https:\/\/roveyayinevi.com.tr\/index.php\/wp-json\/wp\/v2\/media?parent=765677"}],"wp:term":[{"taxonomy":"product_brand","embeddable":true,"href":"https:\/\/roveyayinevi.com.tr\/index.php\/wp-json\/wp\/v2\/product_brand?post=765677"},{"taxonomy":"product_cat","embeddable":true,"href":"https:\/\/roveyayinevi.com.tr\/index.php\/wp-json\/wp\/v2\/product_cat?post=765677"},{"taxonomy":"product_tag","embeddable":true,"href":"https:\/\/roveyayinevi.com.tr\/index.php\/wp-json\/wp\/v2\/product_tag?post=765677"}],"curies":[{"name":"wp","href":"https:\/\/api.w.org\/{rel}","templated":true}]}}