{"id":765676,"date":"2025-08-28T11:48:32","date_gmt":"2025-08-28T08:48:32","guid":{"rendered":"https:\/\/roveyayinevi.com.tr\/index.php\/urun\/yenilikci-girisimcilik-turkiye-boyutu\/"},"modified":"2026-04-15T03:31:33","modified_gmt":"2026-04-15T00:31:33","slug":"yenilikci-girisimcilik-turkiye-boyutu","status":"publish","type":"product","link":"https:\/\/roveyayinevi.com.tr\/index.php\/urun\/yenilikci-girisimcilik-turkiye-boyutu\/","title":{"rendered":"Yenilik\u00e7i Giri\u015fimcilik (T\u00fcrkiye Boyutu)"},"content":{"rendered":"<p>Ge\u00e7en y\u00fczy\u0131lda kalk\u0131nma ve sanayile\u015fmenin y\u00f6ntem ve sonu\u00e7lar\u0131n\u0131 tart\u0131\u015fan d\u00fcnya, 21.y\u00fczy\u0131lda ise k\u00fcreselle\u015fme ve b\u00fct\u00fcnle\u015fme hareketlerinin de etkisiyle yo\u011fun bir \u015fekilde yenilik\u00e7ilik ve giri\u015fimcili\u011fe odaklanm\u0131\u015ft\u0131r.Bu kitab\u0131n temas\u0131, bir ge\u00e7i\u015fgen ve bire\u015fim kavram olarak \u201cyenilik\u00e7i giri\u015fimcilik\u201dtir. Bu, bilgi ve verimlilik ile birlikte t\u00fcm y\u00fckselen piyasalar gibi T\u00fcrkiye i\u00e7in de s\u00fcrd\u00fcr\u00fclebilir kalk\u0131nman\u0131n anahtar\u0131 haline gelmi\u015ftir.Kitap, tarihsel ve kuramsal arka-plan\u0131nda, T\u00fcrkiye\u2019nin yenilik\u00e7i giri\u015fimcilikle ilgili belirlemesi gereken ama\u00e7lar\u0131 ve uygulamas\u0131 gereken iktisat politikas\u0131 ara\u00e7lar\u0131 mikro ve makro bak\u0131\u015f a\u00e7\u0131s\u0131yla incelemeye \u00e7al\u0131\u015fmaktad\u0131r.<\/p>\n","protected":false},"excerpt":{"rendered":"<p>Ge\u00e7en y\u00fczy\u0131lda kalk\u0131nma ve sanayile\u015fmenin y\u00f6ntem ve sonu\u00e7lar\u0131n\u0131 tart\u0131\u015fan d\u00fcnya, 21.y\u00fczy\u0131lda ise k\u00fcreselle\u015fme ve b\u00fct\u00fcnle\u015fme hareketlerinin de etkisiyle yo\u011fun bir \u015fekilde yenilik\u00e7ilik ve giri\u015fimcili\u011fe odaklanm\u0131\u015ft\u0131r.Bu kitab\u0131n<span class=\"excerpt-hellip\"> [\u2026]<\/span><\/p>\n","protected":false},"featured_media":0,"template":"","meta":{"_monsterinsights_skip_tracking":false,"_monsterinsights_sitenote_active":false,"_monsterinsights_sitenote_note":"","_monsterinsights_sitenote_category":0},"product_brand":[],"product_cat":[13043,14381],"product_tag":[],"class_list":{"0":"post-765676","1":"product","2":"type-product","3":"status-publish","5":"product_cat-ekonomi","6":"product_cat-isletme-muhasebe-maliye","7":"pa_cilt-ciltsiz","8":"pa_tur-kitap","9":"pa_yayinevi-orion-kitabevi","10":"pa_yazar-irfan-kalayci","12":"first","13":"instock","14":"sale","15":"shipping-taxable","16":"purchasable","17":"product-type-simple"},"_links":{"self":[{"href":"https:\/\/roveyayinevi.com.tr\/index.php\/wp-json\/wp\/v2\/product\/765676","targetHints":{"allow":["GET"]}}],"collection":[{"href":"https:\/\/roveyayinevi.com.tr\/index.php\/wp-json\/wp\/v2\/product"}],"about":[{"href":"https:\/\/roveyayinevi.com.tr\/index.php\/wp-json\/wp\/v2\/types\/product"}],"wp:attachment":[{"href":"https:\/\/roveyayinevi.com.tr\/index.php\/wp-json\/wp\/v2\/media?parent=765676"}],"wp:term":[{"taxonomy":"product_brand","embeddable":true,"href":"https:\/\/roveyayinevi.com.tr\/index.php\/wp-json\/wp\/v2\/product_brand?post=765676"},{"taxonomy":"product_cat","embeddable":true,"href":"https:\/\/roveyayinevi.com.tr\/index.php\/wp-json\/wp\/v2\/product_cat?post=765676"},{"taxonomy":"product_tag","embeddable":true,"href":"https:\/\/roveyayinevi.com.tr\/index.php\/wp-json\/wp\/v2\/product_tag?post=765676"}],"curies":[{"name":"wp","href":"https:\/\/api.w.org\/{rel}","templated":true}]}}