{"id":765672,"date":"2025-08-28T11:48:28","date_gmt":"2025-08-28T08:48:28","guid":{"rendered":"https:\/\/roveyayinevi.com.tr\/index.php\/urun\/yeni-girisimlerin-finansmani\/"},"modified":"2026-04-15T03:31:32","modified_gmt":"2026-04-15T00:31:32","slug":"yeni-girisimlerin-finansmani","status":"publish","type":"product","link":"https:\/\/roveyayinevi.com.tr\/index.php\/urun\/yeni-girisimlerin-finansmani\/","title":{"rendered":"Yeni Giri\u015fimlerin Finansman\u0131"},"content":{"rendered":"<p>Yeni giri\u015fimler i\u00e7in i\u015f fikrinin sunumu, yeni giri\u015fimlere \u00f6zel finansman kaynak ve ara\u00e7lar\u0131 geleneksel ara\u00e7larla birlikte g\u00fcncel akademik bilgiler \u0131\u015f\u0131\u011f\u0131nda yer almaktad\u0131r. \u0130\u015f fikirlerinin yat\u0131r\u0131mc\u0131, kredit\u00f6rler ve kurumlara sunumunda aranan standartla\u015fm\u0131\u015f i\u015f planlar\u0131 de\u011ferlendirilmi\u015ftir. \u0130\u015f kulu\u00e7ka merkezleri (business incubators) ile ilgili yeni ve g\u00fcncel bilgiler yer almaktad\u0131r. Borsa \u0130stanbul b\u00fcnyesinde yeni kurulmu\u015f olan \u00f6rg\u00fctl\u00fc \u00f6zel pazar, mezzanine finansman gibi alternatif ve \u0130slami finansman ara\u00e7lar\u0131, kitle finansman\u0131 gibi yeni konular de\u011ferlendirilmi\u015ftir. Firmalar\u0131n finansman kararlar\u0131, ihtiya\u00e7lar\u0131n belirlenmesinden, en \u00e7ok s\u0131k\u0131nt\u0131 ya\u015fanan \u00e7al\u0131\u015fma sermayesi ile ilgili ara\u015ft\u0131rmalar \u00e7er\u00e7evesinde nakit y\u00f6netimiyle birlikte yer almaktad\u0131r. Yeni giri\u015fimler i\u00e7in sermaye b\u00fct\u00e7elemesi ve sermaye yap\u0131s\u0131 konular\u0131 literat\u00fcrdeki teorilerle de\u011ferlendirilmi\u015ftir. Yeni giri\u015fimlere finansman sa\u011flayan \u00f6zsermaye yat\u0131r\u0131mc\u0131lar\u0131n\u0131n yat\u0131r\u0131m kriterleri, kredi veren kurulu\u015flar\u0131n kriterleri ile birlikte yer alm\u0131\u015ft\u0131r. Yeni giri\u015fimlerin uluslararas\u0131la\u015fmas\u0131nda finansman kabiliyetinin ve a\u011f ba\u011flant\u0131lar\u0131n\u0131n \u00f6nemine dikkat \u00e7ekilmi\u015ftir.<\/p>\n","protected":false},"excerpt":{"rendered":"<p>Yeni giri\u015fimler i\u00e7in i\u015f fikrinin sunumu, yeni giri\u015fimlere \u00f6zel finansman kaynak ve ara\u00e7lar\u0131 geleneksel ara\u00e7larla birlikte g\u00fcncel akademik bilgiler \u0131\u015f\u0131\u011f\u0131nda yer almaktad\u0131r. \u0130\u015f fikirlerinin yat\u0131r\u0131mc\u0131, kredit\u00f6rler<span class=\"excerpt-hellip\"> [\u2026]<\/span><\/p>\n","protected":false},"featured_media":0,"template":"","meta":{"_monsterinsights_skip_tracking":false,"_monsterinsights_sitenote_active":false,"_monsterinsights_sitenote_note":"","_monsterinsights_sitenote_category":0},"product_brand":[],"product_cat":[17249,13043],"product_tag":[],"class_list":{"0":"post-765672","1":"product","2":"type-product","3":"status-publish","5":"product_cat-borsa-finans","6":"product_cat-ekonomi","7":"pa_cilt-ciltsiz","8":"pa_tur-kitap","9":"pa_yayinevi-orion-kitabevi","10":"pa_yazar-ibrahim-emre-karaa","12":"first","13":"instock","14":"sale","15":"shipping-taxable","16":"purchasable","17":"product-type-simple"},"_links":{"self":[{"href":"https:\/\/roveyayinevi.com.tr\/index.php\/wp-json\/wp\/v2\/product\/765672","targetHints":{"allow":["GET"]}}],"collection":[{"href":"https:\/\/roveyayinevi.com.tr\/index.php\/wp-json\/wp\/v2\/product"}],"about":[{"href":"https:\/\/roveyayinevi.com.tr\/index.php\/wp-json\/wp\/v2\/types\/product"}],"wp:attachment":[{"href":"https:\/\/roveyayinevi.com.tr\/index.php\/wp-json\/wp\/v2\/media?parent=765672"}],"wp:term":[{"taxonomy":"product_brand","embeddable":true,"href":"https:\/\/roveyayinevi.com.tr\/index.php\/wp-json\/wp\/v2\/product_brand?post=765672"},{"taxonomy":"product_cat","embeddable":true,"href":"https:\/\/roveyayinevi.com.tr\/index.php\/wp-json\/wp\/v2\/product_cat?post=765672"},{"taxonomy":"product_tag","embeddable":true,"href":"https:\/\/roveyayinevi.com.tr\/index.php\/wp-json\/wp\/v2\/product_tag?post=765672"}],"curies":[{"name":"wp","href":"https:\/\/api.w.org\/{rel}","templated":true}]}}