{"id":765670,"date":"2025-08-28T11:48:25","date_gmt":"2025-08-28T08:48:25","guid":{"rendered":"https:\/\/roveyayinevi.com.tr\/index.php\/urun\/yeni-chp-ve-politikanin-seyri\/"},"modified":"2026-04-12T03:23:00","modified_gmt":"2026-04-12T00:23:00","slug":"yeni-chp-ve-politikanin-seyri","status":"publish","type":"product","link":"https:\/\/roveyayinevi.com.tr\/index.php\/urun\/yeni-chp-ve-politikanin-seyri\/","title":{"rendered":"Yeni CHP ve Politikan\u0131n Seyri"},"content":{"rendered":"<p>Tanju Tosun bu kitab\u0131nda 2000&#8217;li y\u0131llarda T\u00fcrkiye siyasetinde pop\u00fclerli\u011fini s\u00fcrd\u00fcren \u00e7e\u015fitli konular\u0131 irdelerken, \u00f6zellikle T\u00fcrkiye Merkez Solu&#8217;ndaki hareketlili\u011fi, CHP&#8217;de ya\u015fanan lider de\u011fi\u015fimiyle birlikte in\u015fa edilmeye \u00e7al\u0131\u015f\u0131lan &#8221;Yeni CHP&#8221; olgusu temelinde farkl\u0131 boyutlar\u0131yla ele almaktad\u0131r. Kitapta &#8221;Yeni CHP&#8217;nin Politik Seyri&#8221; ba\u015fl\u0131\u011f\u0131 alt\u0131nda T\u00fcrkiye Merkez Solu&#8217;nun 1980&#8217;lerden g\u00fcn\u00fcm\u00fcze ya\u015fad\u0131\u011f\u0131 de\u011fi\u015fim ba\u011flam\u0131nda tarihsel s\u00fcre\u00e7 eksenli bir haf\u0131za tazelemesi \u00e7abas\u0131na giri\u015filirken, K\u0131l\u0131\u00e7daro\u011flu y\u00f6netimindeki CHP&#8217;nin sosyal demokrat partiye d\u00f6n\u00fc\u015fme \u00e7abalar\u0131, bunun gereklili\u011fi ve olabilirli\u011fi farkl\u0131 a\u00e7\u0131lardan ele al\u0131nmaktad\u0131r.<\/p>\n","protected":false},"excerpt":{"rendered":"<p>Tanju Tosun bu kitab\u0131nda 2000&#8217;li y\u0131llarda T\u00fcrkiye siyasetinde pop\u00fclerli\u011fini s\u00fcrd\u00fcren \u00e7e\u015fitli konular\u0131 irdelerken, \u00f6zellikle T\u00fcrkiye Merkez Solu&#8217;ndaki hareketlili\u011fi, CHP&#8217;de ya\u015fanan lider de\u011fi\u015fimiyle birlikte in\u015fa edilmeye \u00e7al\u0131\u015f\u0131lan<span class=\"excerpt-hellip\"> [\u2026]<\/span><\/p>\n","protected":false},"featured_media":0,"template":"","meta":{"_monsterinsights_skip_tracking":false,"_monsterinsights_sitenote_active":false,"_monsterinsights_sitenote_note":"","_monsterinsights_sitenote_category":0},"product_brand":[],"product_cat":[16058,12337],"product_tag":[],"class_list":{"0":"post-765670","1":"product","2":"type-product","3":"status-publish","5":"product_cat-kurumlar-orgutler","6":"product_cat-politika-siyaset","7":"pa_cilt-ciltsiz","8":"pa_tur-kitap","9":"pa_yayinevi-orion-kitabevi","10":"pa_yazar-tanju-tosun","12":"first","13":"instock","14":"sale","15":"shipping-taxable","16":"purchasable","17":"product-type-simple"},"_links":{"self":[{"href":"https:\/\/roveyayinevi.com.tr\/index.php\/wp-json\/wp\/v2\/product\/765670","targetHints":{"allow":["GET"]}}],"collection":[{"href":"https:\/\/roveyayinevi.com.tr\/index.php\/wp-json\/wp\/v2\/product"}],"about":[{"href":"https:\/\/roveyayinevi.com.tr\/index.php\/wp-json\/wp\/v2\/types\/product"}],"wp:attachment":[{"href":"https:\/\/roveyayinevi.com.tr\/index.php\/wp-json\/wp\/v2\/media?parent=765670"}],"wp:term":[{"taxonomy":"product_brand","embeddable":true,"href":"https:\/\/roveyayinevi.com.tr\/index.php\/wp-json\/wp\/v2\/product_brand?post=765670"},{"taxonomy":"product_cat","embeddable":true,"href":"https:\/\/roveyayinevi.com.tr\/index.php\/wp-json\/wp\/v2\/product_cat?post=765670"},{"taxonomy":"product_tag","embeddable":true,"href":"https:\/\/roveyayinevi.com.tr\/index.php\/wp-json\/wp\/v2\/product_tag?post=765670"}],"curies":[{"name":"wp","href":"https:\/\/api.w.org\/{rel}","templated":true}]}}