{"id":765669,"date":"2025-08-28T11:48:24","date_gmt":"2025-08-28T08:48:24","guid":{"rendered":"https:\/\/roveyayinevi.com.tr\/index.php\/urun\/yargic-brifinge-gider-mi\/"},"modified":"2026-04-15T03:31:32","modified_gmt":"2026-04-15T00:31:32","slug":"yargic-brifinge-gider-mi","status":"publish","type":"product","link":"https:\/\/roveyayinevi.com.tr\/index.php\/urun\/yargic-brifinge-gider-mi\/","title":{"rendered":"Yarg\u0131\u00e7 Brifinge Gider mi?"},"content":{"rendered":"<p>Bu Kitap, ge\u00e7mi\u015f y\u0131llarda ba\u015fta Ak\u015fam ve Radikal Gazeteleri olmak \u00fczere \u00e7e\u015fitli bas\u0131n yay\u0131n kurulu\u015flar\u0131nda yazd\u0131\u011f\u0131m ve siyasetle do\u011frudan ba\u011flant\u0131l\u0131 g\u00fcncel hukuk yaz\u0131lar\u0131m\u0131n konular\u0131na g\u00f6re tasnif edilmi\u015f derlemesinden olu\u015fmaktad\u0131r.Yaz\u0131lar\u0131n ortak \u00f6zelli\u011fi, siyasetle do\u011frudan ilgili teknik idare hukuku, anayasa hukuku ve genel kamu hukuku alan\u0131n\u0131 ilgilendiren yak\u0131n tarihte ya\u015fanm\u0131\u015f ve hemen hepsi halen de g\u00fcncelli\u011fini koruyan sorunlar\u0131n akademik ve &#8220;fazla ciddi&#8221; bir dil ve \u00fcsluptan ziyade, &#8220;gazete makalesi&#8221; format\u0131nda yani toplumun her kesiminin rahatl\u0131kla anlayabilece\u011fi daha basit bir formatta kaleme al\u0131narak irdelenmeye \u00e7al\u0131\u015f\u0131lmas\u0131d\u0131r.Kitab\u0131n yay\u0131nlanmas\u0131n\u0131n amac\u0131, bir yandan son 10 y\u0131lda \u00fclkemizde siyasetle do\u011frudan ba\u011flant\u0131l\u0131 \u00f6nemli kamu hukuku sorunlar\u0131n\u0131n derli toplu bi\u00e7imde tart\u0131\u015f\u0131larak ilerideki potansiyel ara\u015ft\u0131rmalara yol g\u00f6stermek; di\u011fer yandan gen\u00e7 ku\u015faklar\u0131 yak\u0131n tarihte ya\u015fanan \u00f6nemli siyaset-hukuk tart\u0131\u015fmalar\u0131 konusunda objektif bi\u00e7imde bilgilendirmektir.Kitab\u0131n ba\u015fl\u0131\u011f\u0131ndaki &#8220;Hukuk Siyaseti&#8221; ifadesi bilin\u00e7lidir. Hukuk\u00e7unun ve \u00f6zellikle de yarg\u0131\u00e7lar\u0131n yapacaklar\u0131 hukuki yorumlarda ve verecekleri kararlarda baz alacaklar\u0131 &#8220;kerteriz&#8221;i veya &#8220;pusula&#8221;y\u0131 ifade eder. Modern demokrasilerde yarg\u0131\u00e7lar i\u00e7in bu &#8220;kerteriz&#8221;, &#8220;do\u011fruluk ve tarafs\u0131zl\u0131k&#8221;t\u0131r.K\u00fc\u00e7\u00fck \u00e7ocu\u011fu olanlar &#8220;minyonlar&#8221; \u00e7izgi film karakterini bilirler. \u0130nsana benzeyen ama farkl\u0131 bir canl\u0131 t\u00fcr\u00fc olan &#8220;minyonlar&#8221;, s\u00fcrekli olarak hizmet edecekleri bir &#8220;efendi&#8221; bulamazlarsa bunal\u0131ma girerler ve t\u00fcrleri yok olma tehlikesine girer. Bu Kitap, konjonkt\u00fcre g\u00f6re Askeri, Cemaati, Saray&#8217;\u0131 kerteriz alan &#8220;minyon yarg\u0131\u00e7lar&#8221;\u0131n Hukuk Sistemini kontrol etti\u011fi bir \u00fclkedeki hukuk komedisinin asl\u0131nda hukuk trajedisi oldu\u011funu d\u00fc\u015f\u00fcnen bir avu\u00e7 &#8220;do\u011fru&#8221; yarg\u0131ca ithaf edilmi\u015ftir.<\/p>\n","protected":false},"excerpt":{"rendered":"<p>Bu Kitap, ge\u00e7mi\u015f y\u0131llarda ba\u015fta Ak\u015fam ve Radikal Gazeteleri olmak \u00fczere \u00e7e\u015fitli bas\u0131n yay\u0131n kurulu\u015flar\u0131nda yazd\u0131\u011f\u0131m ve siyasetle do\u011frudan ba\u011flant\u0131l\u0131 g\u00fcncel hukuk yaz\u0131lar\u0131m\u0131n konular\u0131na g\u00f6re tasnif<span class=\"excerpt-hellip\"> [\u2026]<\/span><\/p>\n","protected":false},"featured_media":0,"template":"","meta":{"_monsterinsights_skip_tracking":false,"_monsterinsights_sitenote_active":false,"_monsterinsights_sitenote_note":"","_monsterinsights_sitenote_category":0},"product_brand":[],"product_cat":[15350,17602],"product_tag":[],"class_list":{"0":"post-765669","1":"product","2":"type-product","3":"status-publish","5":"product_cat-hukuk","6":"product_cat-hukuk-uzerine","7":"pa_cilt-ciltsiz","8":"pa_tur-kitap","9":"pa_yayinevi-orion-kitabevi","10":"pa_yazar-ali-ulusoy","12":"first","13":"instock","14":"sale","15":"shipping-taxable","16":"purchasable","17":"product-type-simple"},"_links":{"self":[{"href":"https:\/\/roveyayinevi.com.tr\/index.php\/wp-json\/wp\/v2\/product\/765669","targetHints":{"allow":["GET"]}}],"collection":[{"href":"https:\/\/roveyayinevi.com.tr\/index.php\/wp-json\/wp\/v2\/product"}],"about":[{"href":"https:\/\/roveyayinevi.com.tr\/index.php\/wp-json\/wp\/v2\/types\/product"}],"wp:attachment":[{"href":"https:\/\/roveyayinevi.com.tr\/index.php\/wp-json\/wp\/v2\/media?parent=765669"}],"wp:term":[{"taxonomy":"product_brand","embeddable":true,"href":"https:\/\/roveyayinevi.com.tr\/index.php\/wp-json\/wp\/v2\/product_brand?post=765669"},{"taxonomy":"product_cat","embeddable":true,"href":"https:\/\/roveyayinevi.com.tr\/index.php\/wp-json\/wp\/v2\/product_cat?post=765669"},{"taxonomy":"product_tag","embeddable":true,"href":"https:\/\/roveyayinevi.com.tr\/index.php\/wp-json\/wp\/v2\/product_tag?post=765669"}],"curies":[{"name":"wp","href":"https:\/\/api.w.org\/{rel}","templated":true}]}}