{"id":765667,"date":"2025-08-28T11:48:21","date_gmt":"2025-08-28T08:48:21","guid":{"rendered":"https:\/\/roveyayinevi.com.tr\/index.php\/urun\/veri-zarflama-analizi\/"},"modified":"2026-04-15T03:31:32","modified_gmt":"2026-04-15T00:31:32","slug":"veri-zarflama-analizi","status":"publish","type":"product","link":"https:\/\/roveyayinevi.com.tr\/index.php\/urun\/veri-zarflama-analizi\/","title":{"rendered":"Veri Zarflama Analizi"},"content":{"rendered":"<p>Bu \u00e7al\u0131\u015fma iki ana eksenden olu\u015fmaktad\u0131r. Birinci k\u0131s\u0131mda VZA (DEA) tekni\u011fi i\u00e7in t\u00fcm teorik ve metin bilgileri tek tek ele al\u0131nmakta ve analiz tekni\u011fi detayland\u0131r\u0131lmaktad\u0131r. \u0130kinci k\u0131s\u0131mda ise, t\u00fcm yap\u0131lan a\u00e7\u0131klamalar\u0131n uygulamalar\u0131na yer verilmektedir. Uygulamalar i\u00e7in, VZA(DEA) tekni\u011finde \u00e7ok\u00e7a bilinen iki \u00f6nemli bilgisayar program\u0131 kullan\u0131lmaktad\u0131r. Bunlardan birincisi WinDEAP , ikincisi ise DEA Solver program\u0131d\u0131r. Bu iki program\u0131n beta uygulamalar\u0131na internet ortam\u0131nda ula\u015fmak m\u00fcmk\u00fcnd\u00fcr. Ku\u015fkusuz bu alanda kullan\u0131lan bir dizi de\u011ferli program bulunmaktad\u0131r, ancak en yayg\u0131n olan iki tanesini kullanarak okuyucuya, yeterli d\u00fczeyde kolayl\u0131k sa\u011flamay\u0131 ama\u00e7lad\u0131k.<\/p>\n","protected":false},"excerpt":{"rendered":"<p>Bu \u00e7al\u0131\u015fma iki ana eksenden olu\u015fmaktad\u0131r. Birinci k\u0131s\u0131mda VZA (DEA) tekni\u011fi i\u00e7in t\u00fcm teorik ve metin bilgileri tek tek ele al\u0131nmakta ve analiz tekni\u011fi detayland\u0131r\u0131lmaktad\u0131r. \u0130kinci<span class=\"excerpt-hellip\"> [\u2026]<\/span><\/p>\n","protected":false},"featured_media":0,"template":"","meta":{"_monsterinsights_skip_tracking":false,"_monsterinsights_sitenote_active":false,"_monsterinsights_sitenote_note":"","_monsterinsights_sitenote_category":0},"product_brand":[],"product_cat":[20333,13043],"product_tag":[],"class_list":{"0":"post-765667","1":"product","2":"type-product","3":"status-publish","5":"product_cat-diger-ekonomi","6":"product_cat-ekonomi","7":"pa_cilt-ciltsiz","8":"pa_tur-kitap","9":"pa_yayinevi-orion-kitabevi","10":"pa_yazar-aziz-kutlar","12":"first","13":"instock","14":"sale","15":"shipping-taxable","16":"purchasable","17":"product-type-simple"},"_links":{"self":[{"href":"https:\/\/roveyayinevi.com.tr\/index.php\/wp-json\/wp\/v2\/product\/765667","targetHints":{"allow":["GET"]}}],"collection":[{"href":"https:\/\/roveyayinevi.com.tr\/index.php\/wp-json\/wp\/v2\/product"}],"about":[{"href":"https:\/\/roveyayinevi.com.tr\/index.php\/wp-json\/wp\/v2\/types\/product"}],"wp:attachment":[{"href":"https:\/\/roveyayinevi.com.tr\/index.php\/wp-json\/wp\/v2\/media?parent=765667"}],"wp:term":[{"taxonomy":"product_brand","embeddable":true,"href":"https:\/\/roveyayinevi.com.tr\/index.php\/wp-json\/wp\/v2\/product_brand?post=765667"},{"taxonomy":"product_cat","embeddable":true,"href":"https:\/\/roveyayinevi.com.tr\/index.php\/wp-json\/wp\/v2\/product_cat?post=765667"},{"taxonomy":"product_tag","embeddable":true,"href":"https:\/\/roveyayinevi.com.tr\/index.php\/wp-json\/wp\/v2\/product_tag?post=765667"}],"curies":[{"name":"wp","href":"https:\/\/api.w.org\/{rel}","templated":true}]}}