{"id":765666,"date":"2025-08-28T11:48:20","date_gmt":"2025-08-28T08:48:20","guid":{"rendered":"https:\/\/roveyayinevi.com.tr\/index.php\/urun\/vergi-sosyolojisi\/"},"modified":"2026-01-30T04:00:47","modified_gmt":"2026-01-30T01:00:47","slug":"vergi-sosyolojisi","status":"publish","type":"product","link":"https:\/\/roveyayinevi.com.tr\/index.php\/urun\/vergi-sosyolojisi\/","title":{"rendered":"Vergi Sosyolojisi"},"content":{"rendered":"<p>Jean Bodin, mali konular\u0131 devletin sinirleri olarak tan\u0131mlar. Ancak mali konular sadece mali hukuk ve teorisinin egemenli\u011finde bir \u00e7al\u0131\u015fma alan\u0131 de\u011fil, di\u011fer sosyal bilim disiplinlerinin de \u00fczerine e\u011filmesi gereken zorunlu bir ara\u015ft\u0131rma sahas\u0131d\u0131r. Maliye disiplininin bu sahadaki tahakk\u00fcm\u00fc, \u00f6te yandan di\u011fer disiplinlerin mali konular\u0131 ve vergisel s\u00fcre\u00e7leri yeteri kadar anlay\u0131p \u00e7\u00f6z\u00fcmleyecek disiplinleraras\u0131 ve metodolojik bir yakla\u015f\u0131m\u0131 geli\u015ftirememesi, bu konuda yeterli d\u00fczeyde geli\u015fmenin sa\u011flanmas\u0131n\u0131 engellemi\u015ftir. Do\u011fumundan tahsiline kadar t\u00fcm a\u015famalar\u0131 mali mevzuata ve teknik d\u00fczeye indirgenen vergi, bug\u00fcne kadar pozitivist b\u00fcrokratik yap\u0131n\u0131n varl\u0131\u011f\u0131yla uyum i\u00e7erisinde bir geli\u015fme g\u00f6stermi\u015f, belirlenen paradigmal yakla\u015f\u0131m \u00e7er\u00e7evesinde de\u011ferlendirilmi\u015ftir. Bu durum verginin sosyolojik y\u00f6n\u00fcn\u00fcn geli\u015fmesine engel olmu\u015ftur. Halbuki vergi bir\u00e7ok sosyal bilim disiplininin etki ve ilgi alan\u0131nda bir konudur. Devlete olan g\u00fcven, inan\u00e7 ve itaatle ba\u011flant\u0131l\u0131 bir konu olan vergi, devletin me\u015fruiyetinin test edilmesini, egemenli\u011finin tesis edilmesini sa\u011flayan bir g\u00fcce sahiptir. \u00c7\u00fcnk\u00fc bir toplumun zihin ve anlam d\u00fcnyas\u0131n\u0131 ke\u015ffetmek onun mali sistem ve sosyal yap\u0131yla ili\u015fkisinin \u00e7\u00f6z\u00fcmlenmesiyle m\u00fcmk\u00fcnd\u00fcr. B\u00f6ylece devletin s\u00fcreklili\u011fi ve me\u015fruiyeti daha iyi anla\u015f\u0131labilir. Me\u015fruiyet, devlete y\u00f6nelik toplumsal r\u0131zaya ba\u011fl\u0131d\u0131r. R\u0131za ise itaati sa\u011flar. Ancak bu sayede devlet siyasal anlamda iktidar\u0131n\u0131 ger\u00e7ekle\u015ftirebilir. Kabul edilen, sayg\u0131 g\u00f6ren anlam\u0131nda devlet otoritesi, topluma y\u00f6nelik g\u00fcc\u00fc sayesinde emir verme ve itaat edilmeyi sa\u011flama hakk\u0131n\u0131 \u015fekillendirir. Devletin toplumla kurdu\u011fu en \u00f6nemli kaynaklardan birisi olan verginin sadece hukuki ve teknik bir alan olmad\u0131\u011f\u0131, siyasal ve toplumsal y\u00f6n\u00fcyle sosyolojik bir olgu oldu\u011funu anlatmaya \u00e7al\u0131\u015fan bu kitap, teorik ve uygulamaya dayanan bir ara\u015ft\u0131rmad\u0131r.<\/p>\n","protected":false},"excerpt":{"rendered":"<p>Jean Bodin, mali konular\u0131 devletin sinirleri olarak tan\u0131mlar. Ancak mali konular sadece mali hukuk ve teorisinin egemenli\u011finde bir \u00e7al\u0131\u015fma alan\u0131 de\u011fil, di\u011fer sosyal bilim disiplinlerinin de<span class=\"excerpt-hellip\"> [\u2026]<\/span><\/p>\n","protected":false},"featured_media":0,"template":"","meta":{"_monsterinsights_skip_tracking":false,"_monsterinsights_sitenote_active":false,"_monsterinsights_sitenote_note":"","_monsterinsights_sitenote_category":0},"product_brand":[],"product_cat":[20333,13043],"product_tag":[],"class_list":{"0":"post-765666","1":"product","2":"type-product","3":"status-publish","5":"product_cat-diger-ekonomi","6":"product_cat-ekonomi","7":"pa_cilt-ciltsiz","8":"pa_tur-kitap","9":"pa_yayinevi-orion-kitabevi","10":"pa_yazar-alper-mumyakmaz","12":"first","13":"instock","14":"sale","15":"shipping-taxable","16":"purchasable","17":"product-type-simple"},"_links":{"self":[{"href":"https:\/\/roveyayinevi.com.tr\/index.php\/wp-json\/wp\/v2\/product\/765666","targetHints":{"allow":["GET"]}}],"collection":[{"href":"https:\/\/roveyayinevi.com.tr\/index.php\/wp-json\/wp\/v2\/product"}],"about":[{"href":"https:\/\/roveyayinevi.com.tr\/index.php\/wp-json\/wp\/v2\/types\/product"}],"wp:attachment":[{"href":"https:\/\/roveyayinevi.com.tr\/index.php\/wp-json\/wp\/v2\/media?parent=765666"}],"wp:term":[{"taxonomy":"product_brand","embeddable":true,"href":"https:\/\/roveyayinevi.com.tr\/index.php\/wp-json\/wp\/v2\/product_brand?post=765666"},{"taxonomy":"product_cat","embeddable":true,"href":"https:\/\/roveyayinevi.com.tr\/index.php\/wp-json\/wp\/v2\/product_cat?post=765666"},{"taxonomy":"product_tag","embeddable":true,"href":"https:\/\/roveyayinevi.com.tr\/index.php\/wp-json\/wp\/v2\/product_tag?post=765666"}],"curies":[{"name":"wp","href":"https:\/\/api.w.org\/{rel}","templated":true}]}}