{"id":765664,"date":"2025-08-28T11:48:17","date_gmt":"2025-08-28T08:48:17","guid":{"rendered":"https:\/\/roveyayinevi.com.tr\/index.php\/urun\/uluslararasi-guvenlik-3\/"},"modified":"2026-04-06T03:32:09","modified_gmt":"2026-04-06T00:32:09","slug":"uluslararasi-guvenlik-3","status":"publish","type":"product","link":"https:\/\/roveyayinevi.com.tr\/index.php\/urun\/uluslararasi-guvenlik-3\/","title":{"rendered":"Uluslararas\u0131 G\u00fcvenlik"},"content":{"rendered":"<p>Sava\u015f.Ter\u00f6rizm.Finansal krizler.\u0130nsan haklar\u0131 ihlalleri.\u00c7evre sorunlar\u0131.\u0130\u00e7 sava\u015flar.Ekonomi g\u00fcvenli\u011fi ve ticaret sava\u015flar\u0131.Uluslararas\u0131 g\u00f6\u00e7.H\u0131zl\u0131 n\u00fcfus art\u0131\u015f\u0131 ve kaynaklar\u0131n h\u0131zla t\u00fckenmesi.Kitle imha silahlar\u0131n\u0131n yay\u0131lmas\u0131.Irk\u00e7\u0131l\u0131k ve yabanc\u0131 kar\u015f\u0131tl\u0131\u011f\u0131.S\u0131n\u0131ra\u015fan su\u00e7lar ve su\u00e7 \u00f6rg\u00fctleri.\u0130stihbarat sava\u015flar\u0131.Deniz haydutlu\u011fu.Yabanc\u0131 sava\u015f\u00e7\u0131lar, paral\u0131 askerler ve otonom silahlar.Siber m\u00fccadeleler.Salg\u0131n hastal\u0131klar.Tarihin b\u00fcy\u00fck bir b\u00f6l\u00fcm\u00fcnde uluslararas\u0131 alan\u0131n temel g\u00fcvenlik sorununu, insanl\u0131\u011f\u0131n kendi t\u00fcr\u00fcyle olan kadim m\u00fccadelesinin tezah\u00fcr\u00fc olan devletler aras\u0131 sava\u015flar olu\u015fturmu\u015ftur.G\u00fcn\u00fcm\u00fczde say\u0131lar\u0131 giderek azalsa da geleneksel sava\u015flar\u0131n \u00e7e\u015fitli boyutlarda ve isimler alt\u0131nda devam etti\u011fini belirtmek gerekmektedir. Fakat uluslararas\u0131 g\u00fcvenli\u011fin g\u00fcndemi bug\u00fcn, sava\u015f sahas\u0131nda kar\u015f\u0131la\u015fan ordular\u0131n ortaya \u00e7\u0131kard\u0131\u011f\u0131 tehdidin \u00f6tesinde geni\u015f bir yelpazedeki meseleler \u00e7er\u00e7evesinde \u015fekillenmektedir. Art\u0131k uluslararas\u0131 alanda g\u00fcvenli\u011fi konu\u015fmak; farkl\u0131 akt\u00f6rlerin, tehdit kaynaklar\u0131n\u0131n ve sorun alanlar\u0131n\u0131n analiz edilmesiyle m\u00fcmk\u00fcn hale gelmektedir.Dr. Emre \u00c7\u0131tak ve Dr. Sami Kiraz edit\u00f6rl\u00fc\u011f\u00fcnde haz\u0131rlanan Uluslararas\u0131 G\u00fcvenlik: Gelenekselden G\u00fcncele Bir G\u00fcndem Analizi isimli bu kitap; uluslararas\u0131 g\u00fcvenli\u011fin s\u00f6z konusu geni\u015f g\u00fcndemini meseleler temelli ba\u015fl\u0131klar halinde ele almaktad\u0131r. Bu \u00e7al\u0131\u015fma yap\u0131l\u0131rken temel kayg\u0131 ve ama\u00e7, &#8220;Uluslararas\u0131 g\u00fcvenli\u011fin g\u00fcndeminde ne var?&#8221; ve &#8220;G\u00fcn\u00fcm\u00fczde uluslararas\u0131 topluma y\u00f6nelik tehditler nelerdir?&#8221; sorular\u0131na ayr\u0131nt\u0131l\u0131 fakat kapsam\u0131 da\u011f\u0131tmadan bir cevap aramak olmu\u015ftur.Bu aray\u0131\u015fta; kitaptaki 26 ba\u015fl\u0131kta g\u00fcndem konusuyla ilgili kavramsal ve tarihsel bir \u00e7er\u00e7eve \u00e7izilmesi ve meselenin uluslararas\u0131 g\u00fcvenlik boyutunun derinlemesine irdelenmesi temel yakla\u015f\u0131m olmu\u015ftur. G\u00fcvenlik \u00c7al\u0131\u015fmalar\u0131na ve \u00e7al\u0131\u015fanlar\u0131na faydal\u0131 olmas\u0131 dile\u011fiyle&#8230;<\/p>\n","protected":false},"excerpt":{"rendered":"<p>Sava\u015f.Ter\u00f6rizm.Finansal krizler.\u0130nsan haklar\u0131 ihlalleri.\u00c7evre sorunlar\u0131.\u0130\u00e7 sava\u015flar.Ekonomi g\u00fcvenli\u011fi ve ticaret sava\u015flar\u0131.Uluslararas\u0131 g\u00f6\u00e7.H\u0131zl\u0131 n\u00fcfus art\u0131\u015f\u0131 ve kaynaklar\u0131n h\u0131zla t\u00fckenmesi.Kitle imha silahlar\u0131n\u0131n yay\u0131lmas\u0131.Irk\u00e7\u0131l\u0131k ve yabanc\u0131 kar\u015f\u0131tl\u0131\u011f\u0131.S\u0131n\u0131ra\u015fan su\u00e7lar ve su\u00e7<span class=\"excerpt-hellip\"> [\u2026]<\/span><\/p>\n","protected":false},"featured_media":0,"template":"","meta":{"_monsterinsights_skip_tracking":false,"_monsterinsights_sitenote_active":false,"_monsterinsights_sitenote_note":"","_monsterinsights_sitenote_category":0},"product_brand":[],"product_cat":[12566],"product_tag":[],"class_list":{"0":"post-765664","1":"product","2":"type-product","3":"status-publish","5":"product_cat-egitim","6":"pa_cilt-ciltsiz","7":"pa_tur-kitap","8":"pa_yayinevi-orion-kitabevi","9":"pa_yazar-emre-citak","11":"first","12":"instock","13":"sale","14":"shipping-taxable","15":"purchasable","16":"product-type-simple"},"_links":{"self":[{"href":"https:\/\/roveyayinevi.com.tr\/index.php\/wp-json\/wp\/v2\/product\/765664","targetHints":{"allow":["GET"]}}],"collection":[{"href":"https:\/\/roveyayinevi.com.tr\/index.php\/wp-json\/wp\/v2\/product"}],"about":[{"href":"https:\/\/roveyayinevi.com.tr\/index.php\/wp-json\/wp\/v2\/types\/product"}],"wp:attachment":[{"href":"https:\/\/roveyayinevi.com.tr\/index.php\/wp-json\/wp\/v2\/media?parent=765664"}],"wp:term":[{"taxonomy":"product_brand","embeddable":true,"href":"https:\/\/roveyayinevi.com.tr\/index.php\/wp-json\/wp\/v2\/product_brand?post=765664"},{"taxonomy":"product_cat","embeddable":true,"href":"https:\/\/roveyayinevi.com.tr\/index.php\/wp-json\/wp\/v2\/product_cat?post=765664"},{"taxonomy":"product_tag","embeddable":true,"href":"https:\/\/roveyayinevi.com.tr\/index.php\/wp-json\/wp\/v2\/product_tag?post=765664"}],"curies":[{"name":"wp","href":"https:\/\/api.w.org\/{rel}","templated":true}]}}