{"id":765663,"date":"2025-08-28T11:48:16","date_gmt":"2025-08-28T08:48:16","guid":{"rendered":"https:\/\/roveyayinevi.com.tr\/index.php\/urun\/uluslararasi-finans-teori-ve-politika\/"},"modified":"2026-04-15T03:31:32","modified_gmt":"2026-04-15T00:31:32","slug":"uluslararasi-finans-teori-ve-politika","status":"publish","type":"product","link":"https:\/\/roveyayinevi.com.tr\/index.php\/urun\/uluslararasi-finans-teori-ve-politika\/","title":{"rendered":"Uluslararas\u0131 Finans Teori ve Politika"},"content":{"rendered":"<p>K\u00fcreselle\u015fmenin sa\u011flad\u0131\u011f\u0131 uluslararas\u0131 finansal olanaklar, finansal y\u00f6neticilerin yat\u0131r\u0131m finansman\u0131 ve kaynak tahsisinde s\u0131n\u0131r \u00f6tesi imkanlar\u0131 maliyet ve etkinlik a\u00e7\u0131s\u0131ndan daha yo\u011fun incelenmesini gerekli k\u0131lmakla birlikte; akademisyenlerin son d\u00f6nemdeki ara\u015ft\u0131rmalar\u0131, uluslararas\u0131 finans\u0131n \u00e7ok y\u00f6nl\u00fc ele al\u0131nmas\u0131 gereken bir olgu haline geldi\u011fini g\u00f6stermektedir. Bu kitapta, uluslararas\u0131 finans\u0131n temel prensiplerini sunman\u0131n yan\u0131 s\u0131ra; okuyucular\u0131na uluslararas\u0131 finansal operasyonlar\u0131n riskleri, maliyetleri ile birlikte f\u0131rsat ve tehditlerin de\u011ferlendirmesi a\u00e7\u0131s\u0131ndan \u00e7ok y\u00f6nl\u00fc bir bak\u0131\u015f a\u00e7\u0131s\u0131n\u0131n sa\u011flanmas\u0131 ama\u00e7lanmaktad\u0131r.\u00c7al\u0131\u015fma d\u00f6rt ana k\u0131s\u0131mdan olu\u015fmaktad\u0131r. Birinci k\u0131s\u0131m uluslararas\u0131 finansal sistem ve i\u015fleyi\u015f mekanizmas\u0131n\u0131 ele almaktad\u0131r. Bu k\u0131s\u0131mda uluslararas\u0131 finans\u0131n geli\u015fimi, krizler ve g\u00fcncel trendler ele al\u0131nmakla birlikte, uluslararas\u0131 para, sermaye ve d\u00f6viz piyasalar\u0131na teorik ve g\u00fcncel bilgilere yer verilmektedir. \u0130kinci k\u0131s\u0131m uluslararas\u0131 finansal kurumlar ve finansman y\u00f6ntemlerine ayr\u0131lm\u0131\u015ft\u0131r. Bu k\u0131s\u0131m i\u00e7inde, uluslararas\u0131 finansal kurumlar, uluslararas\u0131 bankac\u0131l\u0131k, \u00f6demeler bilan\u00e7osu, uluslararas\u0131 sermaye hareketleri, alternatif finansman teknikleri ve t\u00fcrev \u00fcr\u00fcnler konular\u0131 yer almaktad\u0131r. \u00dc\u00e7\u00fcnc\u00fc k\u0131s\u0131m d\u00f6viz kuru sistemleri, uluslararas\u0131 ticaret ve parite ili\u015fkilerini ele al\u0131rken; bu k\u0131s\u0131mda d\u00f6viz kuru sistemleri, uluslararas\u0131 parite ko\u015fullar\u0131 ve d\u00f6viz kuru belirleyicileri, uluslararas\u0131 ticaret ve b\u00f6lgesel b\u00fct\u00fcnle\u015fme teorileri, transatlantik ticaret ve yat\u0131r\u0131m ortakl\u0131\u011f\u0131, uluslararas\u0131 ticaret ve finansman\u0131 konular\u0131 vurgulanmaktad\u0131r. Son k\u0131s\u0131mda, uluslararas\u0131 yat\u0131r\u0131m ve sermaye y\u00f6netimi vurgulan\u0131rken; finansal serbestle\u015fme ve uluslararas\u0131 sermaye hareketleri, uluslararas\u0131 portf\u00f6y, uluslararas\u0131 sermaye ve uluslararas\u0131 \u00e7al\u0131\u015fma sermayesi y\u00f6netimi konular\u0131 teorik ve uygulamal\u0131 olarak ele al\u0131nmaktad\u0131r.Uluslararas\u0131 Finans: Teori ve Politika ismini verdi\u011fimiz bu kitab\u0131n lisans ve lisans\u00fcst\u00fc \u00f6\u011frencilerimizin yan\u0131 s\u0131ra finans ve iktisat alan\u0131nda \u00e7al\u0131\u015fan profesyonellere hitap etti\u011fini d\u00fc\u015f\u00fcn\u00fcyoruz. De\u011fi\u015fik \u00fcniversitelerden konusunda uzman akademisyenler ile sekt\u00f6r\u00fcn \u00f6nde gelen isimlerinin yazar olarak destek verdi\u011fi \u00e7al\u0131\u015fman\u0131n literat\u00fcrde \u00f6nemli bir eksi\u011fi kapataca\u011f\u0131n\u0131 umuyoruz.<\/p>\n","protected":false},"excerpt":{"rendered":"<p>K\u00fcreselle\u015fmenin sa\u011flad\u0131\u011f\u0131 uluslararas\u0131 finansal olanaklar, finansal y\u00f6neticilerin yat\u0131r\u0131m finansman\u0131 ve kaynak tahsisinde s\u0131n\u0131r \u00f6tesi imkanlar\u0131 maliyet ve etkinlik a\u00e7\u0131s\u0131ndan daha yo\u011fun incelenmesini gerekli k\u0131lmakla birlikte; akademisyenlerin<span class=\"excerpt-hellip\"> [\u2026]<\/span><\/p>\n","protected":false},"featured_media":0,"template":"","meta":{"_monsterinsights_skip_tracking":false,"_monsterinsights_sitenote_active":false,"_monsterinsights_sitenote_note":"","_monsterinsights_sitenote_category":0},"product_brand":[],"product_cat":[13044,13043],"product_tag":[],"class_list":{"0":"post-765663","1":"product","2":"type-product","3":"status-publish","5":"product_cat-dunya-ekonomisi","6":"product_cat-ekonomi","7":"pa_cilt-ciltsiz","8":"pa_tur-kitap","9":"pa_yayinevi-orion-kitabevi","10":"pa_yazar-nadir-eroglu","12":"first","13":"instock","14":"sale","15":"shipping-taxable","16":"purchasable","17":"product-type-simple"},"_links":{"self":[{"href":"https:\/\/roveyayinevi.com.tr\/index.php\/wp-json\/wp\/v2\/product\/765663","targetHints":{"allow":["GET"]}}],"collection":[{"href":"https:\/\/roveyayinevi.com.tr\/index.php\/wp-json\/wp\/v2\/product"}],"about":[{"href":"https:\/\/roveyayinevi.com.tr\/index.php\/wp-json\/wp\/v2\/types\/product"}],"wp:attachment":[{"href":"https:\/\/roveyayinevi.com.tr\/index.php\/wp-json\/wp\/v2\/media?parent=765663"}],"wp:term":[{"taxonomy":"product_brand","embeddable":true,"href":"https:\/\/roveyayinevi.com.tr\/index.php\/wp-json\/wp\/v2\/product_brand?post=765663"},{"taxonomy":"product_cat","embeddable":true,"href":"https:\/\/roveyayinevi.com.tr\/index.php\/wp-json\/wp\/v2\/product_cat?post=765663"},{"taxonomy":"product_tag","embeddable":true,"href":"https:\/\/roveyayinevi.com.tr\/index.php\/wp-json\/wp\/v2\/product_tag?post=765663"}],"curies":[{"name":"wp","href":"https:\/\/api.w.org\/{rel}","templated":true}]}}