{"id":765658,"date":"2025-08-28T11:48:09","date_gmt":"2025-08-28T08:48:09","guid":{"rendered":"https:\/\/roveyayinevi.com.tr\/index.php\/urun\/turkiyede-siyaset-biliminin-gelisimi-ve-tarik-zafer-tunaya\/"},"modified":"2026-04-15T03:31:32","modified_gmt":"2026-04-15T00:31:32","slug":"turkiyede-siyaset-biliminin-gelisimi-ve-tarik-zafer-tunaya","status":"publish","type":"product","link":"https:\/\/roveyayinevi.com.tr\/index.php\/urun\/turkiyede-siyaset-biliminin-gelisimi-ve-tarik-zafer-tunaya\/","title":{"rendered":"T\u00fcrkiye&#8217;de Siyaset Biliminin Geli\u015fimi ve Tar\u0131k Zafer Tunaya"},"content":{"rendered":"<p>Bu kitab\u0131n a\u015fa\u011f\u0131da bir k\u0131sm\u0131 belirtilen i\u00e7eri\u011finin \u015fu gruplar\u0131n ilgisini \u00e7ekece\u011fi de\u011ferlendirilmektedir:- Genel anlamda sosyal bilimlere ilgi duyanlar\u0131n,- Siyasal veya \u0130\u0130BF \u00f6\u011frencilerinin,- Siyaset Bilimi, Anayasa Hukuku, T\u00fcrk Siyasal Hayat\u0131, Yak\u0131n Tarih \u00fczerinde akademik ara\u015ft\u0131rma yapanlar\u0131n ve merak edenlerin.Kitab\u0131n i\u00e7eri\u011finden baz\u0131 ba\u015fl\u0131klar:- Siyaset Bilimi \u0130le \u0130lgili Baz\u0131 Kavram Tan\u0131mlar\u0131- Siyaset Biliminin Konusu, Y\u00f6ntemi, Do\u011fu\u015fu, \u00c7a\u011fda\u015f Geli\u015fmeler ve Kapsam\u0131- Siyaset Bilimi \u0130le \u0130lgili Disiplinler- T\u00fcrkiyede Siyasi D\u00fc\u015f\u00fcncelerin Geli\u015fim A\u015famalar\u0131- T\u00fcrkiyede \u00c7a\u011fda\u015f Siyaset Biliminin Geli\u015fim A\u015famalar\u0131- Siyaset Bilimi Yay\u0131nlar\u0131n\u0131n T\u00fcrkiyede Geli\u015fme D\u00fczeyi- T\u00fcrkiyede Siyaset Bilimi Yap\u0131tlar\u0131n\u0131 Tan\u0131tma \u00c7al\u0131\u015fmalar\u0131- T\u00fcrkiyede Siyaset Bilimi Yazar ve Ara\u015ft\u0131rmac\u0131lar\u0131n\u0131 Tan\u0131tma \u00c7al\u0131\u015fmalar\u0131- T\u00fcrk Siyaset Bilimcileri ve Yay\u0131nlar\u0131- T\u00fcrk Siyaset Bilimcisi Olarak Tar\u0131k Zafer Tunaya Hocan\u0131n Hayat\u0131 ve Eserlerinin Tan\u0131t\u0131lmas\u0131.<\/p>\n","protected":false},"excerpt":{"rendered":"<p>Bu kitab\u0131n a\u015fa\u011f\u0131da bir k\u0131sm\u0131 belirtilen i\u00e7eri\u011finin \u015fu gruplar\u0131n ilgisini \u00e7ekece\u011fi de\u011ferlendirilmektedir:- Genel anlamda sosyal bilimlere ilgi duyanlar\u0131n,- Siyasal veya \u0130\u0130BF \u00f6\u011frencilerinin,- Siyaset Bilimi, Anayasa Hukuku,<span class=\"excerpt-hellip\"> [\u2026]<\/span><\/p>\n","protected":false},"featured_media":0,"template":"","meta":{"_monsterinsights_skip_tracking":false,"_monsterinsights_sitenote_active":false,"_monsterinsights_sitenote_note":"","_monsterinsights_sitenote_category":0},"product_brand":[],"product_cat":[12364],"product_tag":[],"class_list":{"0":"post-765658","1":"product","2":"type-product","3":"status-publish","5":"product_cat-genel-konular","6":"pa_cilt-ciltsiz","7":"pa_tur-kitap","8":"pa_yayinevi-orion-kitabevi","9":"pa_yazar-ali-kuyaksil","11":"first","12":"instock","13":"sale","14":"shipping-taxable","15":"purchasable","16":"product-type-simple"},"_links":{"self":[{"href":"https:\/\/roveyayinevi.com.tr\/index.php\/wp-json\/wp\/v2\/product\/765658","targetHints":{"allow":["GET"]}}],"collection":[{"href":"https:\/\/roveyayinevi.com.tr\/index.php\/wp-json\/wp\/v2\/product"}],"about":[{"href":"https:\/\/roveyayinevi.com.tr\/index.php\/wp-json\/wp\/v2\/types\/product"}],"wp:attachment":[{"href":"https:\/\/roveyayinevi.com.tr\/index.php\/wp-json\/wp\/v2\/media?parent=765658"}],"wp:term":[{"taxonomy":"product_brand","embeddable":true,"href":"https:\/\/roveyayinevi.com.tr\/index.php\/wp-json\/wp\/v2\/product_brand?post=765658"},{"taxonomy":"product_cat","embeddable":true,"href":"https:\/\/roveyayinevi.com.tr\/index.php\/wp-json\/wp\/v2\/product_cat?post=765658"},{"taxonomy":"product_tag","embeddable":true,"href":"https:\/\/roveyayinevi.com.tr\/index.php\/wp-json\/wp\/v2\/product_tag?post=765658"}],"curies":[{"name":"wp","href":"https:\/\/api.w.org\/{rel}","templated":true}]}}