{"id":765657,"date":"2025-08-28T11:48:08","date_gmt":"2025-08-28T08:48:08","guid":{"rendered":"https:\/\/roveyayinevi.com.tr\/index.php\/urun\/turkiyede-kayit-disi-ekonomi\/"},"modified":"2026-04-15T03:31:32","modified_gmt":"2026-04-15T00:31:32","slug":"turkiyede-kayit-disi-ekonomi","status":"publish","type":"product","link":"https:\/\/roveyayinevi.com.tr\/index.php\/urun\/turkiyede-kayit-disi-ekonomi\/","title":{"rendered":"T\u00fcrkiye&#8217;de Kay\u0131t D\u0131\u015f\u0131 Ekonomi"},"content":{"rendered":"<p>Prof. Dr. Sedat Aybar\u0130stanbul Ayd\u0131n\u00dcniversitesi, Ekonomi ve Finans B\u00f6l\u00fcm\u00fc Ba\u015fkan\u0131, 9 Eyl\u00fcl \u00dcniversitesi,\u0130zmir, Uluslararas\u0131 iktisat B\u00f6l\u00fcm\u00fcnden 1982 y\u0131l\u0131nda mezun oldu. Londra \u00dcniversitesi, School of Oriental and African Studies&#8217;de (SOAS), Master ve Doktora dereceleri ald\u0131. Paris, Oxford ve Londra \u00dcniversitelerinde ara\u015ft\u0131rmalar yapt\u0131. \u0130stanbul Ayd\u0131n \u00dcniversitesi, Afrika Ara\u015ft\u0131rmalar\u0131 ile \u00c7in \u00c7al\u0131\u015fmalar\u0131 Merkezi M\u00fcd\u00fcr\u00fc. Londra&#8217;da finans sekt\u00f6r\u00fcnde y\u00f6netici, Londra \u00dcniversitesinde \u00f6\u011fretim \u00fcyesi olarak uzun y\u0131llar \u00e7al\u0131\u015ft\u0131.\u0130ngiltere&#8217;de, City, East London, Oxford Brookes gibi \u00fcniversitelerde, G\u00fcney Kore, \u00c7in, Brezilya, Polonya ve ABD \u00fcniversitelerinde ekonomi ve finans dersleri verdi. Londra&#8217;da SOAS&#8217;\u0131n &#8220;uzaktan e\u011fitim&#8221; program\u0131nda Master seviyesinde ders vermeye devam etmektedir. The Economist dergisine ba\u011fl\u0131, E\u0131u&#8217;da ara\u015ft\u0131rma yaz\u0131lar\u0131 yazd\u0131. Kalk\u0131nma Ekonomisi, Bankac\u0131l\u0131k ve Finans, Merkez Bankas\u0131 Ba\u011f\u0131ms\u0131zl\u0131\u011f\u0131, Kar\u015f\u0131la\u015ft\u0131rmal\u0131 \u0130ktisadi B\u00fcy\u00fcme, Afrika ve Asya Ekonomileri ve T\u00fcrkiye Ekonomisi konular\u0131nda yay\u0131nlanm\u0131\u015f makaleleri bulunuyor. Birle\u015fmi\u015f Milletler Kalk\u0131nma Program\u0131 (UNDP, Asya Kalk\u0131nma Bankas\u0131 (ADB) ve Deniza\u015f\u0131r\u0131 \u00dclkeler Kalk\u0131nma Ajans\u0131 (ODA) gibi uluslararas\u0131 kurulu\u015flara dan\u0131\u015fmanl\u0131k yapt\u0131. \u0130au&#8217;de yay\u0131nlanan Florya Chronicles of Political Economy dergisinin kurucu edit\u00f6r\u00fc. Columbia \u00dcniversitesi, New York, ABD ile birlikte yap\u0131lan &#8220;Emerging Markets Global Players Projesi&#8221; y\u00f6neticisi.Dr. Emrah Ero\u011flu1982 Bursa do\u011fumludur. 2004 y\u0131l\u0131nda Dokuz Eyl\u00fcl \u00dcniversitesi iktisadi idari Bilimler Fak\u00fcltesi Maliye B\u00f6l\u00fcm\u00fc&#8217;nden mezun olan yazar, sonras\u0131nda Ege \u00fcniversitesi Sosyal Bilimler Enstit\u00fcs\u00fc &#8220;Para &#8211; Banka&#8221; y\u00fcksek lisans ve Kadir Has \u00fcniversitesi Sosyal Bilimler Enstit\u00fcs\u00fc &#8220;Finans ve Bankac\u0131l\u0131k&#8221; al\u0131nanda doktora programlar\u0131n\u0131 tamamlam\u0131\u015ft\u0131r. 2008 y\u0131l\u0131ndan bu yana Ziraat Bankas\u0131&#8217;nda kurumsal krediler alan\u0131nda farkl\u0131 birimlerde \u00e7al\u0131\u015fan Ero\u011flu, halen ayn\u0131 kurumda Giri\u015fimci Krediler Tahsis ve Y\u00f6netimi biriminde \u00e7al\u0131\u015fmaya devam etmektedir.<\/p>\n","protected":false},"excerpt":{"rendered":"<p>Prof. Dr. Sedat Aybar\u0130stanbul Ayd\u0131n\u00dcniversitesi, Ekonomi ve Finans B\u00f6l\u00fcm\u00fc Ba\u015fkan\u0131, 9 Eyl\u00fcl \u00dcniversitesi,\u0130zmir, Uluslararas\u0131 iktisat B\u00f6l\u00fcm\u00fcnden 1982 y\u0131l\u0131nda mezun oldu. Londra \u00dcniversitesi, School of Oriental and<span class=\"excerpt-hellip\"> [\u2026]<\/span><\/p>\n","protected":false},"featured_media":0,"template":"","meta":{"_monsterinsights_skip_tracking":false,"_monsterinsights_sitenote_active":false,"_monsterinsights_sitenote_note":"","_monsterinsights_sitenote_category":0},"product_brand":[],"product_cat":[13043,14144],"product_tag":[],"class_list":{"0":"post-765657","1":"product","2":"type-product","3":"status-publish","5":"product_cat-ekonomi","6":"product_cat-turkiye-ekonomisi","7":"pa_cilt-ciltsiz","8":"pa_tur-kitap","9":"pa_yayinevi-orion-kitabevi","10":"pa_yazar-sedat-aybar","12":"first","13":"instock","14":"sale","15":"shipping-taxable","16":"purchasable","17":"product-type-simple"},"_links":{"self":[{"href":"https:\/\/roveyayinevi.com.tr\/index.php\/wp-json\/wp\/v2\/product\/765657","targetHints":{"allow":["GET"]}}],"collection":[{"href":"https:\/\/roveyayinevi.com.tr\/index.php\/wp-json\/wp\/v2\/product"}],"about":[{"href":"https:\/\/roveyayinevi.com.tr\/index.php\/wp-json\/wp\/v2\/types\/product"}],"wp:attachment":[{"href":"https:\/\/roveyayinevi.com.tr\/index.php\/wp-json\/wp\/v2\/media?parent=765657"}],"wp:term":[{"taxonomy":"product_brand","embeddable":true,"href":"https:\/\/roveyayinevi.com.tr\/index.php\/wp-json\/wp\/v2\/product_brand?post=765657"},{"taxonomy":"product_cat","embeddable":true,"href":"https:\/\/roveyayinevi.com.tr\/index.php\/wp-json\/wp\/v2\/product_cat?post=765657"},{"taxonomy":"product_tag","embeddable":true,"href":"https:\/\/roveyayinevi.com.tr\/index.php\/wp-json\/wp\/v2\/product_tag?post=765657"}],"curies":[{"name":"wp","href":"https:\/\/api.w.org\/{rel}","templated":true}]}}