{"id":765654,"date":"2025-08-28T11:48:04","date_gmt":"2025-08-28T08:48:04","guid":{"rendered":"https:\/\/roveyayinevi.com.tr\/index.php\/urun\/turkiyenin-siyasal-ve-anayasal-rejimi\/"},"modified":"2026-04-15T03:31:32","modified_gmt":"2026-04-15T00:31:32","slug":"turkiyenin-siyasal-ve-anayasal-rejimi","status":"publish","type":"product","link":"https:\/\/roveyayinevi.com.tr\/index.php\/urun\/turkiyenin-siyasal-ve-anayasal-rejimi\/","title":{"rendered":"T\u00fcrkiye\u2019nin Siyasal ve Anayasal Rejimi"},"content":{"rendered":"<p>T\u00fcrkiye&#8217;de, Sened-i \u0130ttifak&#8217;dan bu yana, anayasac\u0131l\u0131k d\u00fc\u015f\u00fcncesi istikametinde geli\u015fmeler ya\u015fanm\u0131\u015ft\u0131r. \u00dclkemizde ilk kez modern anlamda Anayasa 1876 y\u0131l\u0131nda kavu\u015fmu\u015ftur. Daha sonraki y\u0131llarda da \u00e7ok say\u0131da Anayasa de\u011fi\u015fikli\u011fi ve yeni Anayasalar yap\u0131lm\u0131\u015ft\u0131r.<\/p>\n","protected":false},"excerpt":{"rendered":"<p>T\u00fcrkiye&#8217;de, Sened-i \u0130ttifak&#8217;dan bu yana, anayasac\u0131l\u0131k d\u00fc\u015f\u00fcncesi istikametinde geli\u015fmeler ya\u015fanm\u0131\u015ft\u0131r. \u00dclkemizde ilk kez modern anlamda Anayasa 1876 y\u0131l\u0131nda kavu\u015fmu\u015ftur. Daha sonraki y\u0131llarda da \u00e7ok say\u0131da Anayasa<span class=\"excerpt-hellip\"> [\u2026]<\/span><\/p>\n","protected":false},"featured_media":0,"template":"","meta":{"_monsterinsights_skip_tracking":false,"_monsterinsights_sitenote_active":false,"_monsterinsights_sitenote_note":"","_monsterinsights_sitenote_category":0},"product_brand":[],"product_cat":[12337,14543],"product_tag":[],"class_list":{"0":"post-765654","1":"product","2":"type-product","3":"status-publish","5":"product_cat-politika-siyaset","6":"product_cat-turkiye-siyaseti-ve-politikasi","7":"pa_cilt-ciltsiz","8":"pa_tur-kitap","9":"pa_yayinevi-orion-kitabevi","10":"pa_yazar-adnan-kucuk","12":"first","13":"instock","14":"sale","15":"shipping-taxable","16":"purchasable","17":"product-type-simple"},"_links":{"self":[{"href":"https:\/\/roveyayinevi.com.tr\/index.php\/wp-json\/wp\/v2\/product\/765654","targetHints":{"allow":["GET"]}}],"collection":[{"href":"https:\/\/roveyayinevi.com.tr\/index.php\/wp-json\/wp\/v2\/product"}],"about":[{"href":"https:\/\/roveyayinevi.com.tr\/index.php\/wp-json\/wp\/v2\/types\/product"}],"wp:attachment":[{"href":"https:\/\/roveyayinevi.com.tr\/index.php\/wp-json\/wp\/v2\/media?parent=765654"}],"wp:term":[{"taxonomy":"product_brand","embeddable":true,"href":"https:\/\/roveyayinevi.com.tr\/index.php\/wp-json\/wp\/v2\/product_brand?post=765654"},{"taxonomy":"product_cat","embeddable":true,"href":"https:\/\/roveyayinevi.com.tr\/index.php\/wp-json\/wp\/v2\/product_cat?post=765654"},{"taxonomy":"product_tag","embeddable":true,"href":"https:\/\/roveyayinevi.com.tr\/index.php\/wp-json\/wp\/v2\/product_tag?post=765654"}],"curies":[{"name":"wp","href":"https:\/\/api.w.org\/{rel}","templated":true}]}}