{"id":765653,"date":"2025-08-28T11:48:03","date_gmt":"2025-08-28T08:48:03","guid":{"rendered":"https:\/\/roveyayinevi.com.tr\/index.php\/urun\/turkiyenin-kibris-politikasinda-fatin-rustu-zorlu-etkisi-lider-duzeyi-analizi\/"},"modified":"2026-04-15T03:31:32","modified_gmt":"2026-04-15T00:31:32","slug":"turkiyenin-kibris-politikasinda-fatin-rustu-zorlu-etkisi-lider-duzeyi-analizi","status":"publish","type":"product","link":"https:\/\/roveyayinevi.com.tr\/index.php\/urun\/turkiyenin-kibris-politikasinda-fatin-rustu-zorlu-etkisi-lider-duzeyi-analizi\/","title":{"rendered":"T\u00fcrkiye\u2019nin K\u0131br\u0131s Politikas\u0131nda Fatin R\u00fc\u015ft\u00fc Zorlu Etkisi: Lider D\u00fczeyi Analizi"},"content":{"rendered":"<p>T\u00fcrkiye&#8217;nin K\u0131br\u0131s politikas\u0131nda Fatin R\u00fc\u015ft\u00fc Zorlu ile birlikte ya\u015fanan yeni hareketlilik uluslararas\u0131 sistem d\u00fczeyinde ya\u015fanan d\u00f6n\u00fc\u015f\u00fcm\u00fcn bir sonucu \u015feklinde g\u00f6r\u00fclebilece\u011fi gibi, lider d\u00fczeyinde karar al\u0131c\u0131n\u0131n de\u011ferlerinin bir yans\u0131mas\u0131 olarak da de\u011ferlendirilebilir. Bu \u00e7al\u0131\u015fmada, T\u00fcrkiye&#8217;nin K\u0131br\u0131s politikas\u0131n\u0131n analizi yap\u0131l\u0131rken lider d\u00fczeyi baz al\u0131nm\u0131\u015ft\u0131r. \u00c7\u00fcnk\u00fc bir devletin d\u0131\u015f politika olu\u015fturma s\u00fcrecinde karar al\u0131c\u0131 d\u00fczeyindeki bireyin ki\u015fisel \u00f6zellikleri, ge\u00e7mi\u015fi, deneyimi, liderlik \u00f6zellikleri, d\u00fcnya g\u00f6r\u00fc\u015f\u00fc, psikolojik fakt\u00f6rleri, bilgi d\u00fczeyi veya inanc\u0131 olduk\u00e7a \u00f6nem ta\u015f\u0131maktad\u0131r.Fatin R\u00fc\u015ft\u00fc Zorlu, 1954 se\u00e7imlerinin hemen ard\u0131ndan Ba\u015fbakan Menderes taraf\u0131ndan K\u0131br\u0131s sorunuyla ilgilenmek \u00fczere g\u00f6revlendirilmi\u015ftir. &#8220;Bizim K\u0131br\u0131s diye bir meselemiz yoktur&#8221; anlay\u0131\u015f\u0131nda olan \u00f6nceki d\u00f6nemlerin aksine Zorlu, K\u0131br\u0131s adas\u0131n\u0131n tekrar kazan\u0131lmas\u0131 i\u00e7in b\u00fcy\u00fck gayret g\u00f6stermi\u015ftir. 1957 y\u0131l\u0131nda D\u0131\u015fi\u015fleri Bakanl\u0131\u011f\u0131 g\u00f6revine getirilen Fatin R\u00fc\u015ft\u00fc Zorlu&#8217;nun T\u00fcrk d\u0131\u015f politikas\u0131 karar olu\u015fum s\u00fcrecinde etkili oldu\u011fu g\u00f6r\u00fclmektedir. K\u0131br\u0131s konusunu incelemek ve politika belirlemek i\u00e7in bir komisyon kuran Zorlu, K\u0131br\u0131s&#8217;\u0131n T\u00fcrkiye ile olan ba\u011flar\u0131n\u0131 ortaya koyan &#8220;Beyaz Kitap&#8221;\u0131 haz\u0131rlam\u0131\u015ft\u0131r. K\u0131br\u0131s sorununun milli bir dava olarak benimsenip t\u00fcm d\u00fcnyaya duyurulmas\u0131nda Zorlu&#8217;nun ki\u015fisel gayreti ve diplomasi becerisi etkili olmu\u015ftur. D\u0131\u015fi\u015fleri Bakan\u0131 Fatin R\u00fc\u015ft\u00fc Zorlu&#8217;nun K\u0131br\u0131s i\u00e7in verdi\u011fi m\u00fccadele sayesinde 1959 y\u0131l\u0131nda yap\u0131lan Z\u00fcrih ve Londra Anla\u015fmalar\u0131 ile &#8220;K\u0131br\u0131s Cumhuriyeti&#8221; kurulmu\u015f ve bu anla\u015fmalara g\u00f6re T\u00fcrkiye, Yunanistan ve \u0130ngiltere Garant\u00f6r Devlet stat\u00fcs\u00fcn\u00fc kazanm\u0131\u015ft\u0131r.Bu kitap, Fatin R\u00fc\u015ft\u00fc Zorlu&#8217;nun T\u00fcrkiye&#8217;nin K\u0131br\u0131s politikas\u0131 ile ilgili kararlar\u0131nda \u00f6nemli etkisi oldu\u011funu ortaya koymas\u0131 a\u00e7\u0131s\u0131ndan yak\u0131n tarihe \u0131\u015f\u0131k tutmaktad\u0131r. Ayr\u0131ca, siyaset bilimi ve uluslararas\u0131 ili\u015fkiler ile ilgilenen ara\u015ft\u0131rmac\u0131lar i\u00e7in bir kaynak te\u015fkil etmektedir.<\/p>\n","protected":false},"excerpt":{"rendered":"<p>T\u00fcrkiye&#8217;nin K\u0131br\u0131s politikas\u0131nda Fatin R\u00fc\u015ft\u00fc Zorlu ile birlikte ya\u015fanan yeni hareketlilik uluslararas\u0131 sistem d\u00fczeyinde ya\u015fanan d\u00f6n\u00fc\u015f\u00fcm\u00fcn bir sonucu \u015feklinde g\u00f6r\u00fclebilece\u011fi gibi, lider d\u00fczeyinde karar al\u0131c\u0131n\u0131n de\u011ferlerinin<span class=\"excerpt-hellip\"> [\u2026]<\/span><\/p>\n","protected":false},"featured_media":0,"template":"","meta":{"_monsterinsights_skip_tracking":false,"_monsterinsights_sitenote_active":false,"_monsterinsights_sitenote_note":"","_monsterinsights_sitenote_category":0},"product_brand":[],"product_cat":[12337,14543],"product_tag":[],"class_list":{"0":"post-765653","1":"product","2":"type-product","3":"status-publish","5":"product_cat-politika-siyaset","6":"product_cat-turkiye-siyaseti-ve-politikasi","7":"pa_cilt-ciltsiz","8":"pa_tur-kitap","9":"pa_yayinevi-orion-kitabevi","10":"pa_yazar-altun-altun","12":"first","13":"instock","14":"sale","15":"shipping-taxable","16":"purchasable","17":"product-type-simple"},"_links":{"self":[{"href":"https:\/\/roveyayinevi.com.tr\/index.php\/wp-json\/wp\/v2\/product\/765653","targetHints":{"allow":["GET"]}}],"collection":[{"href":"https:\/\/roveyayinevi.com.tr\/index.php\/wp-json\/wp\/v2\/product"}],"about":[{"href":"https:\/\/roveyayinevi.com.tr\/index.php\/wp-json\/wp\/v2\/types\/product"}],"wp:attachment":[{"href":"https:\/\/roveyayinevi.com.tr\/index.php\/wp-json\/wp\/v2\/media?parent=765653"}],"wp:term":[{"taxonomy":"product_brand","embeddable":true,"href":"https:\/\/roveyayinevi.com.tr\/index.php\/wp-json\/wp\/v2\/product_brand?post=765653"},{"taxonomy":"product_cat","embeddable":true,"href":"https:\/\/roveyayinevi.com.tr\/index.php\/wp-json\/wp\/v2\/product_cat?post=765653"},{"taxonomy":"product_tag","embeddable":true,"href":"https:\/\/roveyayinevi.com.tr\/index.php\/wp-json\/wp\/v2\/product_tag?post=765653"}],"curies":[{"name":"wp","href":"https:\/\/api.w.org\/{rel}","templated":true}]}}