{"id":765652,"date":"2025-08-28T11:48:02","date_gmt":"2025-08-28T08:48:02","guid":{"rendered":"https:\/\/roveyayinevi.com.tr\/index.php\/urun\/turkiyede-secmen-davranisi-ve-siyasi-partiler\/"},"modified":"2026-04-15T03:31:32","modified_gmt":"2026-04-15T00:31:32","slug":"turkiyede-secmen-davranisi-ve-siyasi-partiler","status":"publish","type":"product","link":"https:\/\/roveyayinevi.com.tr\/index.php\/urun\/turkiyede-secmen-davranisi-ve-siyasi-partiler\/","title":{"rendered":"T\u00fcrkiye\u2019de Se\u00e7men Davran\u0131\u015f\u0131 ve Siyasi Partiler"},"content":{"rendered":"<p>T\u00fcrkiye&#8217;de Se\u00e7men Davran\u0131\u015f\u0131 ve Siyasal Partiler ismiyle kitapla\u015fan bu \u00e7al\u0131\u015fma bir k\u0131sm\u0131 T\u00fcrkiye genelinde, bir k\u0131sm\u0131 da lokal d\u00fczeyde ger\u00e7ekle\u015ftirilmi\u015f olan bir dizi ampirik ara\u015ft\u0131rman\u0131n yan\u0131 s\u0131ra literat\u00fcre dayal\u0131 baz\u0131 teorik \u00e7al\u0131\u015fmalardan olu\u015fmaktad\u0131r. Bir k\u0131sm\u0131 daha \u00f6nce de\u011fi\u015fik yerlerde yay\u0131nlanan, bir k\u0131sm\u0131 ise ilk kez bu kitapla birlikte yay\u0131nlanacak olan bu \u00e7al\u0131\u015fmalar, farkl\u0131 hususlara dikkat \u00e7ekmekle birlikte ana hatlar\u0131yla siyasal de\u011ferler, siyasal kat\u0131l\u0131m, se\u00e7men davran\u0131\u015f\u0131n\u0131 etkileyen fakt\u00f6rler, siyasal de\u011ferler ve siyasal k\u00fclt\u00fcr, demokratik toplumlarda siyasal kat\u0131l\u0131m d\u00fczeyini ve niteli\u011fini belirleyen hususlar olarak kar\u015f\u0131m\u0131za \u00e7\u0131kmaktad\u0131r. Bu kavramlar demokratik toplumlarda siyasal kat\u0131l\u0131m d\u00fczeyini ve niteli\u011fini belirleyen hususlar olarak kar\u015f\u0131m\u0131za \u00e7\u0131kmaktad\u0131r. Bu kavramlar demokratik toplumlarda se\u00e7men davran\u0131\u015f\u0131n\u0131n referans \u00e7er\u00e7evesini olu\u015ftururken, demokratik olmayan toplumlarda da y\u00f6netimlerin devam\u0131 i\u00e7in sosyolojik ve siyasal bir dayanak olu\u015fturmaktad\u0131r. Bu bak\u0131mdan siyaset bilimi literat\u00fcr\u00fcnde siyasal bir dayanak olu\u015fturmaktad\u0131r. Bu bak\u0131mdan siyaset bilimi literat\u00fcr\u00fcnde siyasal k\u00fclt\u00fcr ve deperlere y\u00f6nelik \u00e7al\u0131\u015fmalar son zamanlarda b\u00fcy\u00fck bir ivme kazanm\u0131\u015ft\u0131r.<\/p>\n","protected":false},"excerpt":{"rendered":"<p>T\u00fcrkiye&#8217;de Se\u00e7men Davran\u0131\u015f\u0131 ve Siyasal Partiler ismiyle kitapla\u015fan bu \u00e7al\u0131\u015fma bir k\u0131sm\u0131 T\u00fcrkiye genelinde, bir k\u0131sm\u0131 da lokal d\u00fczeyde ger\u00e7ekle\u015ftirilmi\u015f olan bir dizi ampirik ara\u015ft\u0131rman\u0131n yan\u0131<span class=\"excerpt-hellip\"> [\u2026]<\/span><\/p>\n","protected":false},"featured_media":0,"template":"","meta":{"_monsterinsights_skip_tracking":false,"_monsterinsights_sitenote_active":false,"_monsterinsights_sitenote_note":"","_monsterinsights_sitenote_category":0},"product_brand":[],"product_cat":[13059,12337],"product_tag":[],"class_list":{"0":"post-765652","1":"product","2":"type-product","3":"status-publish","5":"product_cat-diger-politika-siyaset","6":"product_cat-politika-siyaset","7":"pa_cilt-ciltsiz","8":"pa_tur-kitap","9":"pa_yayinevi-orion-kitabevi","10":"pa_yazar-omer-caha","12":"first","13":"instock","14":"sale","15":"shipping-taxable","16":"purchasable","17":"product-type-simple"},"_links":{"self":[{"href":"https:\/\/roveyayinevi.com.tr\/index.php\/wp-json\/wp\/v2\/product\/765652","targetHints":{"allow":["GET"]}}],"collection":[{"href":"https:\/\/roveyayinevi.com.tr\/index.php\/wp-json\/wp\/v2\/product"}],"about":[{"href":"https:\/\/roveyayinevi.com.tr\/index.php\/wp-json\/wp\/v2\/types\/product"}],"wp:attachment":[{"href":"https:\/\/roveyayinevi.com.tr\/index.php\/wp-json\/wp\/v2\/media?parent=765652"}],"wp:term":[{"taxonomy":"product_brand","embeddable":true,"href":"https:\/\/roveyayinevi.com.tr\/index.php\/wp-json\/wp\/v2\/product_brand?post=765652"},{"taxonomy":"product_cat","embeddable":true,"href":"https:\/\/roveyayinevi.com.tr\/index.php\/wp-json\/wp\/v2\/product_cat?post=765652"},{"taxonomy":"product_tag","embeddable":true,"href":"https:\/\/roveyayinevi.com.tr\/index.php\/wp-json\/wp\/v2\/product_tag?post=765652"}],"curies":[{"name":"wp","href":"https:\/\/api.w.org\/{rel}","templated":true}]}}