{"id":765651,"date":"2025-08-28T11:48:01","date_gmt":"2025-08-28T08:48:01","guid":{"rendered":"https:\/\/roveyayinevi.com.tr\/index.php\/urun\/turkiyede-secim-kampanyalari\/"},"modified":"2026-04-15T03:31:32","modified_gmt":"2026-04-15T00:31:32","slug":"turkiyede-secim-kampanyalari","status":"publish","type":"product","link":"https:\/\/roveyayinevi.com.tr\/index.php\/urun\/turkiyede-secim-kampanyalari\/","title":{"rendered":"T\u00fcrkiye\u2019de Se\u00e7im Kampanyalar\u0131"},"content":{"rendered":"<p>Y\u00fcksek lisans ve doktora \u00e7al\u0131\u015fmalar\u0131n\u0131 Bilkent \u00dcniversitesi&#8217;nde tamamlayan Prof. Dr. \u00d6mer \u00c7aha, Fatih \u00dcniversitesi Siyaset Bilimi ve Kamu Y\u00f6netimi B\u00f6l\u00fcm\u00fc&#8217;nde \u00f6\u011fretim \u00fcyesi olarak \u00e7al\u0131\u015fmaktad\u0131r. 2004-2008 y\u0131llar\u0131 aras\u0131nda ayn\u0131 \u00fcniversitede \u0130ktisadi ve \u0130dari Bilimler Fak\u00fcltesi Dekanl\u0131\u011f\u0131 g\u00f6revini de y\u00fcr\u00fcten \u00c7aha, T\u00fcrkiye&#8217;nin siyasal yap\u0131s\u0131, sivil toplum ve demokrasi, kad\u0131n hareketi, se\u00e7men davran\u0131\u015f\u0131 ve siyasal partiler, klasik ve modern siyaset teorisi gibi alanlarda uzmanla\u015fm\u0131\u015f ve bu alanlarla ilgili \u00e7ok say\u0131da T\u00fcrk\u00e7e ve \u0130ngilizce yay\u0131n yapm\u0131\u015ft\u0131r.<\/p>\n","protected":false},"excerpt":{"rendered":"<p>Y\u00fcksek lisans ve doktora \u00e7al\u0131\u015fmalar\u0131n\u0131 Bilkent \u00dcniversitesi&#8217;nde tamamlayan Prof. Dr. \u00d6mer \u00c7aha, Fatih \u00dcniversitesi Siyaset Bilimi ve Kamu Y\u00f6netimi B\u00f6l\u00fcm\u00fc&#8217;nde \u00f6\u011fretim \u00fcyesi olarak \u00e7al\u0131\u015fmaktad\u0131r. 2004-2008 y\u0131llar\u0131<span class=\"excerpt-hellip\"> [\u2026]<\/span><\/p>\n","protected":false},"featured_media":0,"template":"","meta":{"_monsterinsights_skip_tracking":false,"_monsterinsights_sitenote_active":false,"_monsterinsights_sitenote_note":"","_monsterinsights_sitenote_category":0},"product_brand":[],"product_cat":[12337,14543],"product_tag":[],"class_list":{"0":"post-765651","1":"product","2":"type-product","3":"status-publish","5":"product_cat-politika-siyaset","6":"product_cat-turkiye-siyaseti-ve-politikasi","7":"pa_cilt-ciltsiz","8":"pa_tur-kitap","9":"pa_yayinevi-orion-kitabevi","10":"pa_yazar-omer-caha","12":"first","13":"instock","14":"sale","15":"shipping-taxable","16":"purchasable","17":"product-type-simple"},"_links":{"self":[{"href":"https:\/\/roveyayinevi.com.tr\/index.php\/wp-json\/wp\/v2\/product\/765651","targetHints":{"allow":["GET"]}}],"collection":[{"href":"https:\/\/roveyayinevi.com.tr\/index.php\/wp-json\/wp\/v2\/product"}],"about":[{"href":"https:\/\/roveyayinevi.com.tr\/index.php\/wp-json\/wp\/v2\/types\/product"}],"wp:attachment":[{"href":"https:\/\/roveyayinevi.com.tr\/index.php\/wp-json\/wp\/v2\/media?parent=765651"}],"wp:term":[{"taxonomy":"product_brand","embeddable":true,"href":"https:\/\/roveyayinevi.com.tr\/index.php\/wp-json\/wp\/v2\/product_brand?post=765651"},{"taxonomy":"product_cat","embeddable":true,"href":"https:\/\/roveyayinevi.com.tr\/index.php\/wp-json\/wp\/v2\/product_cat?post=765651"},{"taxonomy":"product_tag","embeddable":true,"href":"https:\/\/roveyayinevi.com.tr\/index.php\/wp-json\/wp\/v2\/product_tag?post=765651"}],"curies":[{"name":"wp","href":"https:\/\/api.w.org\/{rel}","templated":true}]}}