{"id":765650,"date":"2025-08-28T11:47:59","date_gmt":"2025-08-28T08:47:59","guid":{"rendered":"https:\/\/roveyayinevi.com.tr\/index.php\/urun\/turkiyede-darbelerde-cianin-rolu\/"},"modified":"2026-04-15T03:31:32","modified_gmt":"2026-04-15T00:31:32","slug":"turkiyede-darbelerde-cianin-rolu","status":"publish","type":"product","link":"https:\/\/roveyayinevi.com.tr\/index.php\/urun\/turkiyede-darbelerde-cianin-rolu\/","title":{"rendered":"T\u00fcrkiye\u2019de Darbelerde CIA\u2019n\u0131n Rol\u00fc"},"content":{"rendered":"<p>T\u00fcrkiye&#8217;de 1960 y\u0131l\u0131ndan itibaren \u00fc\u00e7 defa darbe, iki defa TSK ile siyaset aras\u0131nda \u00f6rt\u00fcl\u00fc s\u00fcrt\u00fc\u015fme ve g\u00fc\u00e7 m\u00fccadelesi, \u00fc\u00e7 defa da darbe giri\u015fimi olmu\u015ftur. Cumhuriyet d\u00f6neminin ilk darbesi 27 May\u0131s 1960 darbesidir. Bu darbeden sonra, 22 \u015eubat 1962 ve 21 May\u0131s 1963 y\u0131llar\u0131nda iki ba\u015far\u0131s\u0131z darbe giri\u015fimi olmu\u015ftur. Bu giri\u015fimler 27 May\u0131s 1960 darbesinin art\u00e7\u0131lar\u0131d\u0131r. Sonra gelen iki darbe 12 Mart 1971 ve 12 Eyl\u00fcl 1980 darbeleridir. Bu darbelerden sonra 28 \u015eubat 1997&#8217;de ba\u015flayan 28 \u015eubat s\u00fcreci ve 27 Nisan 2007 &#8220;e&#8221; muht\u0131ras\u0131 (bildirisi) bulunmaktad\u0131r. Ben son iki olay\u0131 darbe olarak adland\u0131rm\u0131yo-rum. Bana g\u00f6re son iki olay TSK ile siyaset aras\u0131nda \u00f6rt\u00fcl\u00fc s\u00fcrt\u00fc\u015fme ve g\u00fc\u00e7 m\u00fccadelesidir. Son olarak T\u00fcrkiye&#8217;de 15 Temmuz2016 tarihinde \u00e7ok ciddi ve kapsaml\u0131 bir darbe te\u015febb\u00fcs\u00fc olmu\u015ftur.Ben 27 May\u0131s 1960 darbesi yap\u0131ld\u0131\u011f\u0131 s\u0131rada daha \u00e7ocuktum. Bu sebeple, 27 May\u0131s darbesi kitab\u0131mda ele al\u0131nmam\u0131\u015ft\u0131r. 12 Mart 1971 darbesi d\u00f6neminde TSK&#8217;da te\u011fmen r\u00fctbesinde istihbarat subay\u0131 olarak g\u00f6rev yap\u0131yordum. Bu darbeyi i\u00e7eriden g\u00f6zleme imkan\u0131 buldum. 12 Mart darbesi d\u00f6neminde TSK&#8217;dan ihra\u00e7 edildim. 12 Eyl\u00fcl 1980 darbesine giden olaylar s\u00fcrecinin i\u00e7inde de\u011fildim. Ancak, olaylar\u0131n i\u00e7inde olanlarla s\u0131n\u0131rl\u0131 da olsa, belli bir \u00f6l\u00e7\u00fcde temas\u0131m oldu. 28 \u015eubat s\u00fcreci, 27 Nisan Bildirisi ve 15 Temmuz darbe giri\u015fimlerini tamamen d\u0131\u015far\u0131dan izledim.Ben bu kitab\u0131n 12 Mart 1971 darbesi ile ilgili b\u00f6l\u00fcm\u00fcn\u00fc 1980 \u00f6ncesinde, 12 Eyl\u00fcl 1980 darbesi ile ilgili b\u00f6l\u00fc-m\u00fcn\u00fc de 1990 \u00f6ncesinde yazm\u0131\u015f, ancak, \u00e7e\u015fitli sebeplerle yay\u0131nlamam\u0131\u015ft\u0131m. Daha sonra T\u00fcrkiye&#8217;de TSK ile siyaset aras\u0131nda s\u00fcrt\u00fc\u015fmeler, en son olarak da bir darbe giri\u015fimi oldu. Ge\u00e7mi\u015fim sebebiyle, TSK ile siyaset aras\u0131ndaki olaylar hep ilgi alan\u0131mda oldu. Sahip oldu\u011fum bilgi biri kimi ve d\u00fc\u015f\u00fcncelerimi payla\u015fmak i\u00e7in bu kitab\u0131 yay\u0131nlamaya karar verdim.T\u00fcrkiye&#8217;de b\u00fct\u00fcn askeri m\u00fcdahalelerin arkas\u0131nda hep ABD ve CIA&#8217;in oldu\u011fu ileri s\u00fcr\u00fclm\u00fc\u015ft\u00fcr.Sa\u011fc\u0131s\u0131yla solcusuyla bu konuda fikir beyan edenler aras\u0131nda tam bir mutabakat  bulunmaktad\u0131r. Ancak askeri m\u00fcdahalenin i\u00e7 fakt\u00f6rleri de bulunmaktad\u0131r. \u0130\u00e7 fakt\u00f6rler her zaman d\u0131\u015f fakt\u00f6rlerden daha belirleyicidir. Ben kitab\u0131mda olaylar\u0131n i\u00e7 fakt\u00f6rlerini, d\u0131\u015f fakt\u00f6rlerini ve d\u0131\u015f fakt\u00f6rler aras\u0131nda ABD ve CIA&#8217; in nas\u0131l bir rol \u00fcstlenmi\u015f olabilece\u011fini inceledim. Olaylar hi\u00e7bir zaman tek tarafl\u0131 olarak bir taraf\u0131n iradesi do\u011frultusunda geli\u015fmez. Her \u015fey kusursuz bir \u015fekilde ba\u015ftan planlanamaz. Ancak; olaylarda yer alan taraflardan bilgi ve deneyimi daha y\u00fcksek ve ayr\u0131ca ufku daha geni\u015f olan taraf, her zaman, ortaya \u00e7\u0131kabile-cek beklenmedik durumlara kar\u015f\u0131 pozisyonunu yeniden ayarlayarak istedi\u011fi sonu\u00e7lara ula\u015fabilir ve oyunun sonunda masas\u0131ndan galip olarak ayr\u0131labilir.Ben kitab\u0131mda inceledi\u011fim konularda belirli bir tez olu\u015fturdum. Beni bu tezi olu\u015fturmaya sevk eden bilgilere ve olgulara dikkati \u00e7ektim. Bu bilgi ve olgular\u0131n bir k\u0131sm\u0131 kendi ya\u015fad\u0131\u011f\u0131m ve tan\u0131k oldu\u011fum olaylard\u0131r. Bir k\u0131sm\u0131 da bas\u0131nda \u00e7\u0131kan iddia ve a\u00e7\u0131klamalard\u0131r. Bas\u0131nda \u00e7\u0131kan iddia ve a\u00e7\u0131klamalar\u0131n do\u011frulu\u011fu her zaman tart\u0131\u015f\u0131labilir. Bu sebeple benim olu\u015fturdu\u011fum tez de tart\u0131\u015f\u0131labilir. Benzer \u015fekilde, bas\u0131nda \u00e7\u0131kan iddia ve haberlere dayanarak \u00e7e\u015fitli olaylar hakk\u0131nda vard\u0131\u011f\u0131m sonu\u00e7lar da sadece ku\u015fkuyu ifade etmektedir. E\u011fer bas\u0131na yans\u0131yan olaylar yanl\u0131\u015fsa benim ku\u015fkular\u0131m da yersizdir.Kitab\u0131mda olu\u015fturdu\u011fum teze dayanak olarak ald\u0131\u011f\u0131m, siyasi partiler ve siyasi hareketler ile \u00e7e\u015fitli ki\u015filerin davran\u0131\u015f ve d\u0131\u015fa vurulan d\u00fc\u015f\u00fcncelerine, objektif bir anlam vermeye \u00e7al\u0131\u015ft\u0131m. Verdi\u011fim bu anlama g\u00f6re olaylar\u0131 yorumlad\u0131m. Elbette, siyasi partiler, siyasi hareketler ve ki\u015filer farkl\u0131 niyetlerle hareket etmi\u015f olabilirler. Ya da d\u00fc\u015f\u00fcnceyi a\u00e7\u0131klayan\u0131n ger\u00e7ek niyeti ile bu d\u00fc\u015f\u00fcncenin sonradan kazand\u0131\u011f\u0131 objektif anlam farkl\u0131 olabilir.Bu sebeple bu kitab\u0131n amac\u0131 hi\u00e7bir kurum ve ki\u015fiyi s\u00fcbjektif olarak su\u00e7lama ve sorumlu tutmak de\u011fildir. Bu konu hukuk ve yarg\u0131lama alan\u0131na girer. Ben olaylar\u0131 siyasal ve sosyolojik a\u00e7\u0131dan ele ald\u0131m. Herhangi bir de\u011fer yarg\u0131s\u0131yla da yarg\u0131lamad\u0131m.Kitab\u0131mda s\u0131kl\u0131kla cunta kelimesi ge\u00e7mektedir. Ben cunta kelimesini, s\u0131k\u0131 bir \u00f6rg\u00fctlenmeyi ifade eden bir olu\u015fum olarak de\u011fil, benzer d\u00fc\u015f\u00fcnceleri benimseyen insanlar grubu anlam\u0131nda kulland\u0131m.<\/p>\n","protected":false},"excerpt":{"rendered":"<p>T\u00fcrkiye&#8217;de 1960 y\u0131l\u0131ndan itibaren \u00fc\u00e7 defa darbe, iki defa TSK ile siyaset aras\u0131nda \u00f6rt\u00fcl\u00fc s\u00fcrt\u00fc\u015fme ve g\u00fc\u00e7 m\u00fccadelesi, \u00fc\u00e7 defa da darbe giri\u015fimi olmu\u015ftur. Cumhuriyet d\u00f6neminin<span class=\"excerpt-hellip\"> [\u2026]<\/span><\/p>\n","protected":false},"featured_media":0,"template":"","meta":{"_monsterinsights_skip_tracking":false,"_monsterinsights_sitenote_active":false,"_monsterinsights_sitenote_note":"","_monsterinsights_sitenote_category":0},"product_brand":[],"product_cat":[12337],"product_tag":[],"class_list":{"0":"post-765650","1":"product","2":"type-product","3":"status-publish","5":"product_cat-politika-siyaset","6":"pa_cilt-ciltsiz","7":"pa_tur-kitap","8":"pa_yayinevi-orion-kitabevi","9":"pa_yazar-selim-ozkar","11":"first","12":"instock","13":"sale","14":"shipping-taxable","15":"purchasable","16":"product-type-simple"},"_links":{"self":[{"href":"https:\/\/roveyayinevi.com.tr\/index.php\/wp-json\/wp\/v2\/product\/765650","targetHints":{"allow":["GET"]}}],"collection":[{"href":"https:\/\/roveyayinevi.com.tr\/index.php\/wp-json\/wp\/v2\/product"}],"about":[{"href":"https:\/\/roveyayinevi.com.tr\/index.php\/wp-json\/wp\/v2\/types\/product"}],"wp:attachment":[{"href":"https:\/\/roveyayinevi.com.tr\/index.php\/wp-json\/wp\/v2\/media?parent=765650"}],"wp:term":[{"taxonomy":"product_brand","embeddable":true,"href":"https:\/\/roveyayinevi.com.tr\/index.php\/wp-json\/wp\/v2\/product_brand?post=765650"},{"taxonomy":"product_cat","embeddable":true,"href":"https:\/\/roveyayinevi.com.tr\/index.php\/wp-json\/wp\/v2\/product_cat?post=765650"},{"taxonomy":"product_tag","embeddable":true,"href":"https:\/\/roveyayinevi.com.tr\/index.php\/wp-json\/wp\/v2\/product_tag?post=765650"}],"curies":[{"name":"wp","href":"https:\/\/api.w.org\/{rel}","templated":true}]}}