{"id":765649,"date":"2025-08-28T11:47:58","date_gmt":"2025-08-28T08:47:58","guid":{"rendered":"https:\/\/roveyayinevi.com.tr\/index.php\/urun\/turkiyenin-ortadogu-ulkeleri-ve-buyuk-guclerle-iliskileri\/"},"modified":"2026-04-15T03:31:32","modified_gmt":"2026-04-15T00:31:32","slug":"turkiyenin-ortadogu-ulkeleri-ve-buyuk-guclerle-iliskileri","status":"publish","type":"product","link":"https:\/\/roveyayinevi.com.tr\/index.php\/urun\/turkiyenin-ortadogu-ulkeleri-ve-buyuk-guclerle-iliskileri\/","title":{"rendered":"T\u00fcrkiye&#8217;nin Ortado\u011fu \u00dclkeleri ve B\u00fcy\u00fck G\u00fc\u00e7lerle \u0130li\u015fkileri"},"content":{"rendered":"<p>Uluslararas\u0131 sistemin yap\u0131sal bir d\u00f6n\u00fc\u015f\u00fcm ge\u00e7irdi\u011fi 21. y\u00fczy\u0131lda, T\u00fcrkiye&#8217;nin i\u00e7erisinde bulundu\u011fu b\u00f6lgesel ve k\u00fcresel \u015fartlar da b\u00fcy\u00fck bir de\u011fi\u015fim ve d\u00f6n\u00fc\u015f\u00fcm ge\u00e7irmi\u015ftir. 2001 ekonomik krizinden 11 Eyl\u00fcl sald\u0131r\u0131lar\u0131na, Irak&#8217;\u0131n i\u015fgalinden Arap Bahar\u0131na ve Suriye&#8217;deki \u00e7at\u0131\u015fmalar\u0131n b\u00f6lgesel ve k\u00fcresel akt\u00f6rleri i\u00e7erisine dahil eden bir \u00e7ekim merkezine d\u00f6n\u00fc\u015fmesine kadar bir\u00e7ok olay T\u00fcrkiye&#8217;nin d\u00fcnya siyasetindeki yerini derinden etkilemi\u015ftir. Bu kapsamda elinizdeki kitap, gerek i\u00e7 siyasi yap\u0131s\u0131nda ya\u015fad\u0131\u011f\u0131 de\u011fi\u015fiklikler gerekse 21. y\u00fczy\u0131l\u0131n ortaya \u00e7\u0131karm\u0131\u015f oldu\u011fu yeni dinamikler ekseninde uluslararas\u0131 siyasetin temel akt\u00f6rlerinden biri haline gelen T\u00fcrkiye&#8217;nin b\u00f6lgesel ve k\u00fcresel akt\u00f6rlerle ili\u015fkilerine odaklanmakta ve bu akt\u00f6rlerle ili\u015fkilerinin son yirmi y\u0131l\u0131n\u0131 mercek alt\u0131na almaktad\u0131r.T\u00fcrk d\u0131\u015f politikas\u0131, Ortado\u011fu, uluslararas\u0131 ili\u015fkiler ve Avrupa Birli\u011fi \u00fczerine \u00e7al\u0131\u015fan akademisyenler taraf\u0131ndan haz\u0131rlanan bu kitap, on be\u015f b\u00f6l\u00fcmden olu\u015fmaktad\u0131r. Kitap b\u00f6l\u00fcmlerinde T\u00fcrkiye&#8217;nin ilgili \u00fclkelerle i\u015fbirli\u011fi ve anla\u015fmazl\u0131k alanlar\u0131na odaklan\u0131lmak suretiyle bir taraftan ge\u00e7mi\u015fin muhasebesi yap\u0131l\u0131rken, di\u011fer taraftan da gelece\u011fe \u0131\u015f\u0131k tutulmaya \u00e7al\u0131\u015f\u0131lmaktad\u0131r. B\u00fcy\u00fck bir emek, azim ve sabr\u0131n \u00fcr\u00fcn\u00fc olan bu kitap, hem T\u00fcrk d\u0131\u015f politikas\u0131na ilgi duyan okuyucular hem de T\u00fcrk d\u0131\u015f politikas\u0131 hakk\u0131nda \u00e7al\u0131\u015fmalar yapan \u00f6\u011frenci ve akademisyenler olmak \u00fczere olduk\u00e7a geni\u015f bir okur kitlesine hitap etmektedir.<\/p>\n","protected":false},"excerpt":{"rendered":"<p>Uluslararas\u0131 sistemin yap\u0131sal bir d\u00f6n\u00fc\u015f\u00fcm ge\u00e7irdi\u011fi 21. y\u00fczy\u0131lda, T\u00fcrkiye&#8217;nin i\u00e7erisinde bulundu\u011fu b\u00f6lgesel ve k\u00fcresel \u015fartlar da b\u00fcy\u00fck bir de\u011fi\u015fim ve d\u00f6n\u00fc\u015f\u00fcm ge\u00e7irmi\u015ftir. 2001 ekonomik krizinden 11<span class=\"excerpt-hellip\"> [\u2026]<\/span><\/p>\n","protected":false},"featured_media":0,"template":"","meta":{"_monsterinsights_skip_tracking":false,"_monsterinsights_sitenote_active":false,"_monsterinsights_sitenote_note":"","_monsterinsights_sitenote_category":0},"product_brand":[],"product_cat":[12338,12337],"product_tag":[],"class_list":{"0":"post-765649","1":"product","2":"type-product","3":"status-publish","5":"product_cat-dunya-siyaseti-ve-politikasi","6":"product_cat-politika-siyaset","7":"pa_cilt-ciltsiz","8":"pa_tur-kitap","9":"pa_yayinevi-orion-kitabevi","10":"pa_yazar-ridvan-kalayci","12":"first","13":"instock","14":"sale","15":"shipping-taxable","16":"purchasable","17":"product-type-simple"},"_links":{"self":[{"href":"https:\/\/roveyayinevi.com.tr\/index.php\/wp-json\/wp\/v2\/product\/765649","targetHints":{"allow":["GET"]}}],"collection":[{"href":"https:\/\/roveyayinevi.com.tr\/index.php\/wp-json\/wp\/v2\/product"}],"about":[{"href":"https:\/\/roveyayinevi.com.tr\/index.php\/wp-json\/wp\/v2\/types\/product"}],"wp:attachment":[{"href":"https:\/\/roveyayinevi.com.tr\/index.php\/wp-json\/wp\/v2\/media?parent=765649"}],"wp:term":[{"taxonomy":"product_brand","embeddable":true,"href":"https:\/\/roveyayinevi.com.tr\/index.php\/wp-json\/wp\/v2\/product_brand?post=765649"},{"taxonomy":"product_cat","embeddable":true,"href":"https:\/\/roveyayinevi.com.tr\/index.php\/wp-json\/wp\/v2\/product_cat?post=765649"},{"taxonomy":"product_tag","embeddable":true,"href":"https:\/\/roveyayinevi.com.tr\/index.php\/wp-json\/wp\/v2\/product_tag?post=765649"}],"curies":[{"name":"wp","href":"https:\/\/api.w.org\/{rel}","templated":true}]}}