{"id":765648,"date":"2025-08-28T11:47:57","date_gmt":"2025-08-28T08:47:57","guid":{"rendered":"https:\/\/roveyayinevi.com.tr\/index.php\/urun\/turkiyede-yonetimler-arasi-mali-iliskiler\/"},"modified":"2026-04-15T03:31:32","modified_gmt":"2026-04-15T00:31:32","slug":"turkiyede-yonetimler-arasi-mali-iliskiler","status":"publish","type":"product","link":"https:\/\/roveyayinevi.com.tr\/index.php\/urun\/turkiyede-yonetimler-arasi-mali-iliskiler\/","title":{"rendered":"T\u00fcrkiye&#8217;de Y\u00f6netimler Aras\u0131 Mali \u0130li\u015fkiler"},"content":{"rendered":"<p>Y\u00f6netimler aras\u0131 mali ili\u015fkiler, bir \u00fclkede \u00e7e\u015fitli y\u00f6netim kademeleri aras\u0131nda kamusal hizmetlerin ve gelir kaynaklar\u0131n\u0131n b\u00f6l\u00fc\u015f\u00fcm\u00fcn\u00fc ifade etmektedir. T\u00fcrkiye&#8217;de merkezi y\u00f6netim ile yerel y\u00f6netimler aras\u0131ndaki mali ili\u015fkilerin nas\u0131l d\u00fczenlenmesi gerekti\u011fi konusu 2000&#8217;li y\u0131llar\u0131n ba\u015flar\u0131ndan bu yana akademik ve idari \u00e7evrelerin g\u00fcndeminde yer almaya devam etmektedir. G\u00fcn\u00fcm\u00fczde yerel y\u00f6netimlere sa\u011flanan \u00f6z gelir kaynaklar\u0131n\u0131n ve transfer gelirlerinin g\u00f6zden ge\u00e7irilmesi ve yerel y\u00f6netimlere g\u00f6revleri ile orant\u0131l\u0131 gelir kaynaklar\u0131 sa\u011flanmas\u0131 konusu hala g\u00fcncelli\u011fini s\u00fcrd\u00fcrmekte, hem ulusal, hem de yerel d\u00fczeyde d\u00fczenlenen \u00e7e\u015fitli platformlarda bu konuda ya\u015fanan sorunlar tart\u0131\u015f\u0131lmaktad\u0131r.Bu kitapta, y\u00f6netimler aras\u0131 mali ili\u015fkiler konusu ele al\u0131narak, bu konuda kabul edilen genel ilkelerin neler oldu\u011fu, bu ili\u015fkilerin T\u00fcrkiye&#8217;de ne \u015fekilde d\u00fczenlendi\u011fi ve tarihsel s\u00fcre\u00e7 i\u00e7inde bu konuda ne t\u00fcr de\u011fi\u015fiklikler ya\u015fand\u0131\u011f\u0131 rakamsal analizlerle de desteklenerek tespit edilmeye \u00e7al\u0131\u015f\u0131lm\u0131\u015ft\u0131r. Kitab\u0131n ikinci b\u00f6l\u00fcm\u00fcnde yerel y\u00f6netimlerin gelir kesin hesaplar\u0131 \u00fczerinden ger\u00e7ekle\u015ftirilen analizler, \u00fclkemizde yerel y\u00f6netimlerin gelir yap\u0131s\u0131n\u0131n \u00f6zellikleri, mali \u00f6zerklikleri ve merkezi y\u00f6netime ba\u011f\u0131ml\u0131l\u0131k dereceleri konusunda fikir edinilmesini sa\u011flayacakt\u0131r. Ayr\u0131ca, \u00fc\u00e7\u00fcnc\u00fc b\u00f6l\u00fcmde b\u00fcy\u00fck\u015fehir belediyelerine ili\u015fkin ger\u00e7ekle\u015ftirilen analizin 6360 say\u0131l\u0131 Kanun sonras\u0131 b\u00fcy\u00fck\u015fehir belediyelerinin gelir yap\u0131s\u0131 ve transfer sistemi \u00fczerinde yo\u011funla\u015fan tart\u0131\u015fmalara katk\u0131 sa\u011flayabilece\u011fi d\u00fc\u015f\u00fcn\u00fclmektedir.<\/p>\n","protected":false},"excerpt":{"rendered":"<p>Y\u00f6netimler aras\u0131 mali ili\u015fkiler, bir \u00fclkede \u00e7e\u015fitli y\u00f6netim kademeleri aras\u0131nda kamusal hizmetlerin ve gelir kaynaklar\u0131n\u0131n b\u00f6l\u00fc\u015f\u00fcm\u00fcn\u00fc ifade etmektedir. T\u00fcrkiye&#8217;de merkezi y\u00f6netim ile yerel y\u00f6netimler aras\u0131ndaki mali<span class=\"excerpt-hellip\"> [\u2026]<\/span><\/p>\n","protected":false},"featured_media":0,"template":"","meta":{"_monsterinsights_skip_tracking":false,"_monsterinsights_sitenote_active":false,"_monsterinsights_sitenote_note":"","_monsterinsights_sitenote_category":0},"product_brand":[],"product_cat":[12337,14543],"product_tag":[],"class_list":{"0":"post-765648","1":"product","2":"type-product","3":"status-publish","5":"product_cat-politika-siyaset","6":"product_cat-turkiye-siyaseti-ve-politikasi","7":"pa_cilt-ciltsiz","8":"pa_tur-kitap","9":"pa_yayinevi-orion-kitabevi","10":"pa_yazar-ulku-arikboga","12":"first","13":"instock","14":"sale","15":"shipping-taxable","16":"purchasable","17":"product-type-simple"},"_links":{"self":[{"href":"https:\/\/roveyayinevi.com.tr\/index.php\/wp-json\/wp\/v2\/product\/765648","targetHints":{"allow":["GET"]}}],"collection":[{"href":"https:\/\/roveyayinevi.com.tr\/index.php\/wp-json\/wp\/v2\/product"}],"about":[{"href":"https:\/\/roveyayinevi.com.tr\/index.php\/wp-json\/wp\/v2\/types\/product"}],"wp:attachment":[{"href":"https:\/\/roveyayinevi.com.tr\/index.php\/wp-json\/wp\/v2\/media?parent=765648"}],"wp:term":[{"taxonomy":"product_brand","embeddable":true,"href":"https:\/\/roveyayinevi.com.tr\/index.php\/wp-json\/wp\/v2\/product_brand?post=765648"},{"taxonomy":"product_cat","embeddable":true,"href":"https:\/\/roveyayinevi.com.tr\/index.php\/wp-json\/wp\/v2\/product_cat?post=765648"},{"taxonomy":"product_tag","embeddable":true,"href":"https:\/\/roveyayinevi.com.tr\/index.php\/wp-json\/wp\/v2\/product_tag?post=765648"}],"curies":[{"name":"wp","href":"https:\/\/api.w.org\/{rel}","templated":true}]}}