{"id":765647,"date":"2025-08-28T11:47:56","date_gmt":"2025-08-28T08:47:56","guid":{"rendered":"https:\/\/roveyayinevi.com.tr\/index.php\/urun\/turkiyede-piyasa-ekonomisi-ve-kuresel-ekonomik-kriz\/"},"modified":"2026-04-15T03:31:32","modified_gmt":"2026-04-15T00:31:32","slug":"turkiyede-piyasa-ekonomisi-ve-kuresel-ekonomik-kriz","status":"publish","type":"product","link":"https:\/\/roveyayinevi.com.tr\/index.php\/urun\/turkiyede-piyasa-ekonomisi-ve-kuresel-ekonomik-kriz\/","title":{"rendered":"T\u00fcrkiye&#8217;de Piyasa Ekonomisi Ve K\u00fcresel Ekonomik Kriz"},"content":{"rendered":"<p>Bu eser T\u00fcrk\u00e7e literat\u00fcrde, Piyasa Ekonomisi&#8217;nin bir el kitab\u0131 olmas\u0131 amac\u0131 ile haz\u0131rlanm\u0131\u015ft\u0131r. Kitap, genel okuyucu kitlesi esas al\u0131narak yaz\u0131lm\u0131\u015ft\u0131r. T\u00fcrk\u00e7e&#8217;de Planlama, Sosyalizm, Devlet\u00e7ilik, Karma Ekonomi konular\u0131nda geni\u015f bir literat\u00fcr ve uygulamalar varken; Piyasa Ekonomisi konusunda ki yay\u0131nlar yok denecek kadar azd\u0131r. L. Mises, \u0130ngiliz halk\u0131n\u0131n ve hatta insanl\u0131\u011f\u0131n kaderini de\u011fi\u015ftirip yoksulluk, gerilik ve cehaletten kurtaran\u0131n A.Smith &#8221; Milletlerin Serveti&#8221; adl\u0131 ve Piyasa Ekonomisi&#8217;ni tan\u0131tan kitab\u0131 oldu\u011funu s\u00f6yler.Dolay\u0131s\u0131yla bireysel veya toplumsal zenginli\u011fimizi sa\u011flamak yani kalk\u0131nmak i\u00e7in, Piyasa Ekonomisi&#8217;ne ve i\u015fletme bilgisine muhtac\u0131z. A.Smith&#8217;in, &#8220;G\u00f6r\u00fcnmez Elin&#8217;e yani piyasaya ba\u015fvurmadan, bireysel veya toplumsal kalk\u0131nma m\u00fcmk\u00fcn de\u011fildir.Kalk\u0131nma, T\u00fcrkiye&#8217;nin g\u00fcndemine Planlama ile de\u011fil Piyasala\u015fma s\u00fcreci ile girdi\u011finden, ancak gelecekte \u00e7\u00f6z\u00fclebilir. Bir bak\u0131ma kalk\u0131nma a\u00e7\u0131s\u0131ndan, Devlet\u00e7ilik veya Planl\u0131 Karma Ekonomisi y\u0131llar\u0131, kay\u0131p y\u0131llard\u0131r. Kitapta Piyasa Ekonomisi yan\u0131nda T\u00fcrk\u00e7e literat\u00fcr i\u00e7in yeni olan, K\u00fcresel Kriz, Giri\u015fimcilik, Sosyal Ahl\u00e2k K\u00fcreselle\u015fme ve T\u00fcrkiye, Sosyal Refah Devleti Kapitalizmi gibi konular, ba\u011f\u0131ms\u0131z b\u00f6l\u00fcmler halinde incelenmektedir.<\/p>\n","protected":false},"excerpt":{"rendered":"<p>Bu eser T\u00fcrk\u00e7e literat\u00fcrde, Piyasa Ekonomisi&#8217;nin bir el kitab\u0131 olmas\u0131 amac\u0131 ile haz\u0131rlanm\u0131\u015ft\u0131r. Kitap, genel okuyucu kitlesi esas al\u0131narak yaz\u0131lm\u0131\u015ft\u0131r. T\u00fcrk\u00e7e&#8217;de Planlama, Sosyalizm, Devlet\u00e7ilik, Karma Ekonomi<span class=\"excerpt-hellip\"> [\u2026]<\/span><\/p>\n","protected":false},"featured_media":0,"template":"","meta":{"_monsterinsights_skip_tracking":false,"_monsterinsights_sitenote_active":false,"_monsterinsights_sitenote_note":"","_monsterinsights_sitenote_category":0},"product_brand":[],"product_cat":[13043,14144],"product_tag":[],"class_list":{"0":"post-765647","1":"product","2":"type-product","3":"status-publish","5":"product_cat-ekonomi","6":"product_cat-turkiye-ekonomisi","7":"pa_cilt-ciltsiz","8":"pa_tur-kitap","9":"pa_yayinevi-orion-kitabevi","10":"pa_yazar-guneri-akalin","12":"first","13":"instock","14":"sale","15":"shipping-taxable","16":"purchasable","17":"product-type-simple"},"_links":{"self":[{"href":"https:\/\/roveyayinevi.com.tr\/index.php\/wp-json\/wp\/v2\/product\/765647","targetHints":{"allow":["GET"]}}],"collection":[{"href":"https:\/\/roveyayinevi.com.tr\/index.php\/wp-json\/wp\/v2\/product"}],"about":[{"href":"https:\/\/roveyayinevi.com.tr\/index.php\/wp-json\/wp\/v2\/types\/product"}],"wp:attachment":[{"href":"https:\/\/roveyayinevi.com.tr\/index.php\/wp-json\/wp\/v2\/media?parent=765647"}],"wp:term":[{"taxonomy":"product_brand","embeddable":true,"href":"https:\/\/roveyayinevi.com.tr\/index.php\/wp-json\/wp\/v2\/product_brand?post=765647"},{"taxonomy":"product_cat","embeddable":true,"href":"https:\/\/roveyayinevi.com.tr\/index.php\/wp-json\/wp\/v2\/product_cat?post=765647"},{"taxonomy":"product_tag","embeddable":true,"href":"https:\/\/roveyayinevi.com.tr\/index.php\/wp-json\/wp\/v2\/product_tag?post=765647"}],"curies":[{"name":"wp","href":"https:\/\/api.w.org\/{rel}","templated":true}]}}