{"id":765646,"date":"2025-08-28T11:47:54","date_gmt":"2025-08-28T08:47:54","guid":{"rendered":"https:\/\/roveyayinevi.com.tr\/index.php\/urun\/turkiyede-bolgesel-iktisat\/"},"modified":"2026-04-15T03:31:32","modified_gmt":"2026-04-15T00:31:32","slug":"turkiyede-bolgesel-iktisat","status":"publish","type":"product","link":"https:\/\/roveyayinevi.com.tr\/index.php\/urun\/turkiyede-bolgesel-iktisat\/","title":{"rendered":"T\u00fcrkiye&#8217;de B\u00f6lgesel \u0130ktisat"},"content":{"rendered":"<p>T\u00fcrkiye&#8217;de, b\u00f6lgesel geli\u015fme konusunda planl\u0131 kalk\u0131nma d\u00f6nemine ge\u00e7i\u015fle birlikte tarihsel s\u00fcre\u00e7te bir\u00e7ok ayr\u0131nt\u0131l\u0131 plan olu\u015fturulmu\u015f ve bunlar\u0131n bir k\u0131sm\u0131 ba\u015far\u0131yla uygulanm\u0131\u015ft\u0131r. \u00d6te yandan g\u00fcn\u00fcm\u00fcz itibariyle b\u00f6lgelerin geli\u015fmi\u015flik d\u00fczeyleri incelendi\u011finde, b\u00f6lgesel geli\u015fmi\u015flik farkl\u0131l\u0131klar\u0131n\u0131n halen T\u00fcrkiye&#8217;de mevcut oldu\u011fu ve bu alanda hala yap\u0131lmas\u0131 gerekenler oldu\u011fu g\u00f6ze \u00e7arpmaktad\u0131r. S\u00f6z konusu ger\u00e7ekten yola \u00e7\u0131k\u0131larak bu kitapta, b\u00f6lgesel iktisat teorilerinin ve analiz y\u00f6ntemlerinin g\u00fcn\u00fcm\u00fczde eri\u015fti\u011fi son nokta referans al\u0131narak T\u00fcrkiye&#8217;de b\u00f6lgelerin mevcut durumuna y\u00f6nelik analizler sunulmakta ve bu analizlerin bulgular\u0131 \u0131\u015f\u0131\u011f\u0131nda uygun politika \u00f6nerilerine yer verilmektedir. Ayr\u0131ca kitab\u0131n yaz\u0131m s\u00fcreci, k\u00fcresel \u00e7apta ya\u015fanan Covid-19 salg\u0131n\u0131na denk gelmi\u015f ve t\u00fcm iktisat\u00e7\u0131lar gibi bizi de kendi \u00e7al\u0131\u015fma alan\u0131m\u0131zda s\u00f6z konusu salg\u0131n\u0131n k\u0131sa ve uzun vadeli etkilerini d\u00fc\u015f\u00fcnmeye ve ara\u015ft\u0131rmaya sevk etmi\u015ftir. Bu do\u011frultuda kitab\u0131m\u0131z, Covid-19 salg\u0131n\u0131n\u0131n T\u00fcrkiye&#8217;de b\u00f6lgesel ekonomilere etkilerini tart\u0131\u015fan ilk \u00e7al\u0131\u015fma olma \u00f6zelli\u011fini de ta\u015f\u0131maktad\u0131r. Kitab\u0131n, k\u00fcmelenme ve y\u0131\u011f\u0131n ekonomilerine y\u00f6nelik teorik tart\u0131\u015fmalar\u0131 bir b\u00fct\u00fcn olarak de\u011ferlendirmi\u015f olmas\u0131; kalk\u0131nma ajanslar\u0131 ve kalk\u0131nma planlar\u0131 hakk\u0131nda tarihsel perspektiften kullan\u0131\u015fl\u0131 bilgileri derlemi\u015f olmas\u0131, T\u00fcrkiye i\u00e7in farkl\u0131 sosyoekonomik konularda b\u00f6lgesel g\u00f6sterge ve analizlere yer vermi\u015f olmas\u0131, ve g\u00fcncel k\u00fcresel bir geli\u015fme olarak Covid-19 salg\u0131n\u0131n\u0131n b\u00f6lge ekonomilerine etkilerine y\u00f6nelik bir tart\u0131\u015fmaya yer vermi\u015f olmas\u0131 itibariyle, lisans ve lisans\u00fcst\u00fc iktisat \u00f6\u011frencileri ile s\u00f6z konusu alanlarda \u00e7al\u0131\u015fan akademisyenler i\u00e7in faydal\u0131 bir kaynak olmas\u0131 \u00fcmit edilmektedir.<\/p>\n","protected":false},"excerpt":{"rendered":"<p>T\u00fcrkiye&#8217;de, b\u00f6lgesel geli\u015fme konusunda planl\u0131 kalk\u0131nma d\u00f6nemine ge\u00e7i\u015fle birlikte tarihsel s\u00fcre\u00e7te bir\u00e7ok ayr\u0131nt\u0131l\u0131 plan olu\u015fturulmu\u015f ve bunlar\u0131n bir k\u0131sm\u0131 ba\u015far\u0131yla uygulanm\u0131\u015ft\u0131r. \u00d6te yandan g\u00fcn\u00fcm\u00fcz itibariyle b\u00f6lgelerin<span class=\"excerpt-hellip\"> [\u2026]<\/span><\/p>\n","protected":false},"featured_media":0,"template":"","meta":{"_monsterinsights_skip_tracking":false,"_monsterinsights_sitenote_active":false,"_monsterinsights_sitenote_note":"","_monsterinsights_sitenote_category":0},"product_brand":[],"product_cat":[12337],"product_tag":[],"class_list":{"0":"post-765646","1":"product","2":"type-product","3":"status-publish","5":"product_cat-politika-siyaset","6":"pa_cilt-ciltsiz","7":"pa_tur-kitap","8":"pa_yayinevi-orion-kitabevi","9":"pa_yazar-burcu-turkcan","11":"first","12":"instock","13":"sale","14":"shipping-taxable","15":"purchasable","16":"product-type-simple"},"_links":{"self":[{"href":"https:\/\/roveyayinevi.com.tr\/index.php\/wp-json\/wp\/v2\/product\/765646","targetHints":{"allow":["GET"]}}],"collection":[{"href":"https:\/\/roveyayinevi.com.tr\/index.php\/wp-json\/wp\/v2\/product"}],"about":[{"href":"https:\/\/roveyayinevi.com.tr\/index.php\/wp-json\/wp\/v2\/types\/product"}],"wp:attachment":[{"href":"https:\/\/roveyayinevi.com.tr\/index.php\/wp-json\/wp\/v2\/media?parent=765646"}],"wp:term":[{"taxonomy":"product_brand","embeddable":true,"href":"https:\/\/roveyayinevi.com.tr\/index.php\/wp-json\/wp\/v2\/product_brand?post=765646"},{"taxonomy":"product_cat","embeddable":true,"href":"https:\/\/roveyayinevi.com.tr\/index.php\/wp-json\/wp\/v2\/product_cat?post=765646"},{"taxonomy":"product_tag","embeddable":true,"href":"https:\/\/roveyayinevi.com.tr\/index.php\/wp-json\/wp\/v2\/product_tag?post=765646"}],"curies":[{"name":"wp","href":"https:\/\/api.w.org\/{rel}","templated":true}]}}