{"id":765644,"date":"2025-08-28T11:47:52","date_gmt":"2025-08-28T08:47:52","guid":{"rendered":"https:\/\/roveyayinevi.com.tr\/index.php\/urun\/turkiye-ekonomisinin-sektorel-donusumu\/"},"modified":"2026-04-15T03:31:32","modified_gmt":"2026-04-15T00:31:32","slug":"turkiye-ekonomisinin-sektorel-donusumu","status":"publish","type":"product","link":"https:\/\/roveyayinevi.com.tr\/index.php\/urun\/turkiye-ekonomisinin-sektorel-donusumu\/","title":{"rendered":"T\u00fcrkiye Ekonomisinin Sekt\u00f6rel D\u00f6n\u00fc\u015f\u00fcm\u00fc"},"content":{"rendered":"<p>T\u00fcrkiye ekonomisinde son y\u0131llarda ya\u015fanan yap\u0131sal d\u00f6n\u00fc\u015f\u00fcm s\u00fcreci, sekt\u00f6rel yap\u0131y\u0131 da dinamik bir \u015fekilde etkileyerek, ekonominin \u00fcretim yap\u0131s\u0131n\u0131 yeniden \u015fekillendirmi\u015ftir. Bu d\u00f6n\u00fc\u015f\u00fcm\u00fcn sacayaklar\u0131, toplam \u00fcretim ve istihdam i\u00e7indeki pay\u0131 h\u0131zl\u0131 bir \u015fekilde azalan tar\u0131m sekt\u00f6r\u00fc, bunun kar\u015f\u0131s\u0131nda a\u011f\u0131rl\u0131\u011f\u0131 artan hizmetler sekt\u00f6r\u00fc ve arzu edilen olgunla\u015fmay\u0131 sa\u011flayamayan sanayi sekt\u00f6r\u00fc olmaktad\u0131r. Bu d\u00f6n\u00fc\u015f\u00fcm dinamiklerinin ortaya \u00e7\u0131kmas\u0131nda 2000&#8217;li y\u0131llar\u0131n ba\u015flang\u0131c\u0131nda ya\u015fanan krizler ve bu krizler sonucunda uygulanan politikalar\u0131n rol\u00fc \u00f6nemli olmaktad\u0131r. \u00c7al\u0131\u015fma sonunda elde edilen bulgular, ya\u015fanan d\u00f6n\u00fc\u015f\u00fcm\u00fcn sekt\u00f6rel yap\u0131da ortaya \u00e7\u0131kan de\u011fi\u015fimin \u00e7ok \u00f6tesinde, \u00fcretim fakt\u00f6rlerinin bile\u015fimi, uluslar aras\u0131 ticarette uzmanla\u015fma bi\u00e7imi, i\u015fg\u00fcc\u00fc piyasas\u0131n\u0131n yap\u0131lanmas\u0131, polarize b\u00f6lgelerin daha da g\u00fc\u00e7lenmesi vb. bir\u00e7ok g\u00fc\u00e7l\u00fc makroekonomik etkileme kanallar\u0131na sahip oldu\u011funu g\u00f6stermektedir.<\/p>\n","protected":false},"excerpt":{"rendered":"<p>T\u00fcrkiye ekonomisinde son y\u0131llarda ya\u015fanan yap\u0131sal d\u00f6n\u00fc\u015f\u00fcm s\u00fcreci, sekt\u00f6rel yap\u0131y\u0131 da dinamik bir \u015fekilde etkileyerek, ekonominin \u00fcretim yap\u0131s\u0131n\u0131 yeniden \u015fekillendirmi\u015ftir. Bu d\u00f6n\u00fc\u015f\u00fcm\u00fcn sacayaklar\u0131, toplam \u00fcretim ve<span class=\"excerpt-hellip\"> [\u2026]<\/span><\/p>\n","protected":false},"featured_media":0,"template":"","meta":{"_monsterinsights_skip_tracking":false,"_monsterinsights_sitenote_active":false,"_monsterinsights_sitenote_note":"","_monsterinsights_sitenote_category":0},"product_brand":[],"product_cat":[13043,14144],"product_tag":[],"class_list":{"0":"post-765644","1":"product","2":"type-product","3":"status-publish","5":"product_cat-ekonomi","6":"product_cat-turkiye-ekonomisi","7":"pa_cilt-ciltsiz","8":"pa_tur-kitap","9":"pa_yayinevi-orion-kitabevi","10":"pa_yazar-baris-aytekin","12":"first","13":"instock","14":"sale","15":"shipping-taxable","16":"purchasable","17":"product-type-simple"},"_links":{"self":[{"href":"https:\/\/roveyayinevi.com.tr\/index.php\/wp-json\/wp\/v2\/product\/765644","targetHints":{"allow":["GET"]}}],"collection":[{"href":"https:\/\/roveyayinevi.com.tr\/index.php\/wp-json\/wp\/v2\/product"}],"about":[{"href":"https:\/\/roveyayinevi.com.tr\/index.php\/wp-json\/wp\/v2\/types\/product"}],"wp:attachment":[{"href":"https:\/\/roveyayinevi.com.tr\/index.php\/wp-json\/wp\/v2\/media?parent=765644"}],"wp:term":[{"taxonomy":"product_brand","embeddable":true,"href":"https:\/\/roveyayinevi.com.tr\/index.php\/wp-json\/wp\/v2\/product_brand?post=765644"},{"taxonomy":"product_cat","embeddable":true,"href":"https:\/\/roveyayinevi.com.tr\/index.php\/wp-json\/wp\/v2\/product_cat?post=765644"},{"taxonomy":"product_tag","embeddable":true,"href":"https:\/\/roveyayinevi.com.tr\/index.php\/wp-json\/wp\/v2\/product_tag?post=765644"}],"curies":[{"name":"wp","href":"https:\/\/api.w.org\/{rel}","templated":true}]}}