{"id":765643,"date":"2025-08-28T11:47:51","date_gmt":"2025-08-28T08:47:51","guid":{"rendered":"https:\/\/roveyayinevi.com.tr\/index.php\/urun\/turkiye-ekonomisi-4\/"},"modified":"2026-04-15T03:31:32","modified_gmt":"2026-04-15T00:31:32","slug":"turkiye-ekonomisi-4","status":"publish","type":"product","link":"https:\/\/roveyayinevi.com.tr\/index.php\/urun\/turkiye-ekonomisi-4\/","title":{"rendered":"T\u00fcrkiye Ekonomisi"},"content":{"rendered":"<p>Bu kitab\u0131 T\u00fcrkiye ekonomisi ile ilgili di\u011fer kitaplardan ay\u0131ran en \u00f6nemli \u00f6zellik, T\u00fcrkiye ekonomisinin &#8220;ge\u00e7i\u015f ekonomisi yakla\u015f\u0131m\u0131&#8221; \u00e7er\u00e7evesinde incelenmesidir. Bu a\u00e7\u0131dan kitap bir ilk olma \u00f6zelli\u011fine sahiptir. Bu \u00e7er\u00e7evede ele al\u0131nan \u00e7ok say\u0131daki ge\u00e7i\u015f s\u00fcrecinin politik ve kurumsal gerekleri ve sonu\u00e7lar\u0131 ortaya konulmaya \u00e7al\u0131\u015f\u0131lm\u0131\u015ft\u0131r. Kitap, bu ge\u00e7i\u015f s\u00fcre\u00e7lerinde T\u00fcrkiye&#8217;nin nereden kalk\u0131p nereye ula\u015ft\u0131\u011f\u0131, daha ne kadar yol kat etmesi gerekti\u011fi ve ne \u00f6l\u00e7\u00fcde ba\u015far\u0131l\u0131 oldu\u011fu sorular\u0131na cevap vermeyi ama\u00e7lam\u0131\u015ft\u0131r.\u0130kinci olarak bu kitapta, kendili\u011finden (piyasa dinamikleri ) ortaya \u00e7\u0131kan geli\u015fmeler ile, g\u00fcd\u00fcml\u00fc (devlet\u00e7e te\u015fvik edilen veya zorlanan) geli\u015fmelerin ay\u0131rt edilmesine \u00f6zen g\u00f6sterilmi\u015ftir. Ayr\u0131ca bu kitapta zaman ve mekan i\u00e7inde ulusal ve uluslararas\u0131 mukayeselere \u00f6nem verilmi\u015ftir. Bu \u00e7er\u00e7evede T\u00fcrkiye&#8217;nin sahip oldu\u011fu g\u00fc\u00e7 ve zafiyetler te\u015fhis edilmeye \u00e7al\u0131\u015f\u0131lm\u0131\u015ft\u0131r. Bu \u015fekilde T\u00fcrkiye tecr\u00fcbesinin hangi alanlarda ne \u00f6l\u00e7\u00fcde ba\u015fka \u00fclkelere \u00f6rnek olabilece\u011fi sorusuna daha kapsaml\u0131 bir cevap verilmesi imkan\u0131 do\u011fmaktad\u0131r.Nihayet bu kitap, g\u00f6rselli\u011fi \u00f6n plana \u00e7\u0131kararak, ba\u015fta \u00f6\u011frenciler ve i\u015f d\u00fcnyas\u0131 olmak \u00fczere ekonomiyle ilgilenen herkese hitap edecek \u015fekilde haz\u0131rlanm\u0131\u015f ve kaleme al\u0131nm\u0131\u015ft\u0131r.<\/p>\n","protected":false},"excerpt":{"rendered":"<p>Bu kitab\u0131 T\u00fcrkiye ekonomisi ile ilgili di\u011fer kitaplardan ay\u0131ran en \u00f6nemli \u00f6zellik, T\u00fcrkiye ekonomisinin &#8220;ge\u00e7i\u015f ekonomisi yakla\u015f\u0131m\u0131&#8221; \u00e7er\u00e7evesinde incelenmesidir. Bu a\u00e7\u0131dan kitap bir ilk olma \u00f6zelli\u011fine<span class=\"excerpt-hellip\"> [\u2026]<\/span><\/p>\n","protected":false},"featured_media":0,"template":"","meta":{"_monsterinsights_skip_tracking":false,"_monsterinsights_sitenote_active":false,"_monsterinsights_sitenote_note":"","_monsterinsights_sitenote_category":0},"product_brand":[],"product_cat":[13043,14144],"product_tag":[],"class_list":{"0":"post-765643","1":"product","2":"type-product","3":"status-publish","5":"product_cat-ekonomi","6":"product_cat-turkiye-ekonomisi","7":"pa_cilt-ciltsiz","8":"pa_tur-kitap","9":"pa_yayinevi-orion-kitabevi","10":"pa_yazar-erdal-turkkan","12":"first","13":"instock","14":"sale","15":"shipping-taxable","16":"purchasable","17":"product-type-simple"},"_links":{"self":[{"href":"https:\/\/roveyayinevi.com.tr\/index.php\/wp-json\/wp\/v2\/product\/765643","targetHints":{"allow":["GET"]}}],"collection":[{"href":"https:\/\/roveyayinevi.com.tr\/index.php\/wp-json\/wp\/v2\/product"}],"about":[{"href":"https:\/\/roveyayinevi.com.tr\/index.php\/wp-json\/wp\/v2\/types\/product"}],"wp:attachment":[{"href":"https:\/\/roveyayinevi.com.tr\/index.php\/wp-json\/wp\/v2\/media?parent=765643"}],"wp:term":[{"taxonomy":"product_brand","embeddable":true,"href":"https:\/\/roveyayinevi.com.tr\/index.php\/wp-json\/wp\/v2\/product_brand?post=765643"},{"taxonomy":"product_cat","embeddable":true,"href":"https:\/\/roveyayinevi.com.tr\/index.php\/wp-json\/wp\/v2\/product_cat?post=765643"},{"taxonomy":"product_tag","embeddable":true,"href":"https:\/\/roveyayinevi.com.tr\/index.php\/wp-json\/wp\/v2\/product_tag?post=765643"}],"curies":[{"name":"wp","href":"https:\/\/api.w.org\/{rel}","templated":true}]}}