{"id":765639,"date":"2025-08-28T11:47:46","date_gmt":"2025-08-28T08:47:46","guid":{"rendered":"https:\/\/roveyayinevi.com.tr\/index.php\/urun\/turk-siyasal-hayatinda-secimler-ve-izmir\/"},"modified":"2026-04-15T03:31:32","modified_gmt":"2026-04-15T00:31:32","slug":"turk-siyasal-hayatinda-secimler-ve-izmir","status":"publish","type":"product","link":"https:\/\/roveyayinevi.com.tr\/index.php\/urun\/turk-siyasal-hayatinda-secimler-ve-izmir\/","title":{"rendered":"T\u00fcrk Siyasal Hayat\u0131nda Se\u00e7imler ve \u0130zmir"},"content":{"rendered":"<p>Yar\u0131m asr\u0131 \u00e7ok partili T\u00fcrk hayat\u0131nda se\u00e7imler siyasi iktidar\u0131n genel ve yerel \u00f6l\u00e7ekte el de\u011fi\u015ftirmesi, siyasi partilerle adaylar\u0131n birbiriyle yar\u0131\u015fmas\u0131 bak\u0131m\u0131ndan ilgin\u00e7 \u00f6zelliklere sahiptir. T\u00fcrkiye\u2019nin ge\u00e7irdi\u011fi sosyo-ekonomik ve politik de\u011fi\u015fimi anlayabilmek i\u00e7in, se\u00e7imler temel demokratik kat\u0131l\u0131m arar\u00e7lar\u0131ndan biri olarak referans al\u0131nabilir. Genel se\u00e7imler iktidara gelmek i\u00e7in birbiriyle yar\u0131\u015fan partiler aras\u0131nda yurtta\u015flar\u0131n \u00f6zg\u00fcr iradeleriyle gelecekleri ad\u0131na politik s\u00fcre\u00e7te makro d\u00fczeyde kararlar alacak kadrolar\u0131n ikdidara ta\u015f\u0131nmas\u0131na arac\u0131l\u0131k eder. Yerel se\u00e7imler ise yurtta\u015flar\u0131n yerle\u015fik olduklar\u0131 yerel birimlerde, ortak talep ve beklentilerinin kar\u015f\u0131lanmas\u0131n\u0131 sa\u011flayacak yerel akt\u00f6rlerin, onlar ad\u0131na temel sorunlar\u0131n\u0131n \u00e7\u00f6z\u00fcm\u00fc i\u00e7in i\u015fba\u015f\u0131na gelmelerine imkan tan\u0131r. Her iki se\u00e7im t\u00fcr\u00fcnde de temsili demokrasi ulusal ya da yerel d\u00fczeyde i\u015flemi\u015f olur. Bu anlamda se\u00e7imler siyasi s\u00fcre\u00e7te demokrasinin olmazsa olmaz ara\u00e7lar\u0131d\u0131r. Bu \u00e7al\u0131\u015fma T\u00fcrkiye\u2019de rekabet\u00e7i siyasetin ger\u00e7ek anlamda i\u015flemeye ba\u015flad\u0131\u011f\u0131 14 May\u0131s 1950\u2019den g\u00fcn\u00fcm\u00fcze yap\u0131lan genel ve yerel se\u00e7imlerin sonu\u00e7lar\u0131n\u0131, se\u00e7im d\u00f6nemlerinde siyasetin seyrini okuyuculara aktarmay\u0131 ama\u00e7l\u0131yor. Kitapta 1950\u2019den 2007\u2019ye kadar yap\u0131lan t\u00fcm genel ve yerel se\u00e7imler T\u00fcrkiye geneli ve \u0130zmir \u00f6zelinde irdeleniyor. Okuyucu eline ald\u0131\u011f\u0131 bu \u00e7al\u0131\u015fmayla, se\u00e7imlere dair bir bellek tazelenmesini salt \u00fclke genelinde de\u011fil, Mart 2009 yerel se\u00e7imlerinde yo\u011fun bir se\u00e7im rekabetinin ya\u015fanaca\u011f\u0131 \u0130zmir ekseninde de yapma imkan\u0131 bulacakt\u0131r.<\/p>\n","protected":false},"excerpt":{"rendered":"<p>Yar\u0131m asr\u0131 \u00e7ok partili T\u00fcrk hayat\u0131nda se\u00e7imler siyasi iktidar\u0131n genel ve yerel \u00f6l\u00e7ekte el de\u011fi\u015ftirmesi, siyasi partilerle adaylar\u0131n birbiriyle yar\u0131\u015fmas\u0131 bak\u0131m\u0131ndan ilgin\u00e7 \u00f6zelliklere sahiptir. T\u00fcrkiye\u2019nin ge\u00e7irdi\u011fi<span class=\"excerpt-hellip\"> [\u2026]<\/span><\/p>\n","protected":false},"featured_media":0,"template":"","meta":{"_monsterinsights_skip_tracking":false,"_monsterinsights_sitenote_active":false,"_monsterinsights_sitenote_note":"","_monsterinsights_sitenote_category":0},"product_brand":[],"product_cat":[12337,14543],"product_tag":[],"class_list":{"0":"post-765639","1":"product","2":"type-product","3":"status-publish","5":"product_cat-politika-siyaset","6":"product_cat-turkiye-siyaseti-ve-politikasi","7":"pa_cilt-ciltsiz","8":"pa_tur-kitap","9":"pa_yayinevi-orion-kitabevi","10":"pa_yazar-tanju-tosun","12":"first","13":"instock","14":"sale","15":"shipping-taxable","16":"purchasable","17":"product-type-simple"},"_links":{"self":[{"href":"https:\/\/roveyayinevi.com.tr\/index.php\/wp-json\/wp\/v2\/product\/765639","targetHints":{"allow":["GET"]}}],"collection":[{"href":"https:\/\/roveyayinevi.com.tr\/index.php\/wp-json\/wp\/v2\/product"}],"about":[{"href":"https:\/\/roveyayinevi.com.tr\/index.php\/wp-json\/wp\/v2\/types\/product"}],"wp:attachment":[{"href":"https:\/\/roveyayinevi.com.tr\/index.php\/wp-json\/wp\/v2\/media?parent=765639"}],"wp:term":[{"taxonomy":"product_brand","embeddable":true,"href":"https:\/\/roveyayinevi.com.tr\/index.php\/wp-json\/wp\/v2\/product_brand?post=765639"},{"taxonomy":"product_cat","embeddable":true,"href":"https:\/\/roveyayinevi.com.tr\/index.php\/wp-json\/wp\/v2\/product_cat?post=765639"},{"taxonomy":"product_tag","embeddable":true,"href":"https:\/\/roveyayinevi.com.tr\/index.php\/wp-json\/wp\/v2\/product_tag?post=765639"}],"curies":[{"name":"wp","href":"https:\/\/api.w.org\/{rel}","templated":true}]}}